{"id":5481,"date":"2025-01-18T09:21:05","date_gmt":"2025-01-18T15:21:05","guid":{"rendered":"https:\/\/torosqui.com.mx\/?post_type=product&#038;p=5481"},"modified":"2026-03-09T16:26:42","modified_gmt":"2026-03-09T22:26:42","slug":"lazo-2x10","status":"publish","type":"product","link":"https:\/\/torosqui.com\/en\/tienda\/lazo-2x10\/","title":{"rendered":"Lazo Trenzado Resistente 10 Metros para Colgar Ropa, Uso Dom\u00e9stico y Multiusos | Torosqui"},"content":{"rendered":"","protected":false},"excerpt":{"rendered":"<p data-start=\"161\" data-end=\"388\">El <strong data-start=\"164\" data-end=\"195\">Lazo Trenzado Torosqui 2\u00d710<\/strong> es una soluci\u00f3n pr\u00e1ctica y resistente para <strong data-start=\"239\" data-end=\"276\">colgar prendas grandes y peque\u00f1as<\/strong> de forma segura. Su <strong data-start=\"297\" data-end=\"314\">trenza s\u00f3lida<\/strong> brinda mayor durabilidad y soporte, ideal para el uso diario en el hogar.<\/p>\n<p data-start=\"390\" data-end=\"653\">Con <strong data-start=\"394\" data-end=\"429\">10 metros de longitud (32.8 ft)<\/strong>, es perfecto para <strong data-start=\"448\" data-end=\"463\">tender ropa<\/strong>, organizar espacios, uso en patios, azoteas, lavander\u00edas o tareas dom\u00e9sticas m\u00faltiples. Fabricado con <strong data-start=\"566\" data-end=\"596\">materiales de alta calidad<\/strong>, garantiza un desempe\u00f1o confiable y una larga vida \u00fatil.<\/p>\n<p data-start=\"655\" data-end=\"808\">Producto <strong data-start=\"664\" data-end=\"681\">100% mexicano<\/strong>, funcional y resistente, dise\u00f1ado con la calidad que distingue a <strong data-start=\"747\" data-end=\"759\">Torosqui<\/strong>, experto en pl\u00e1sticos y art\u00edculos para el hogar.<\/p>\n<hr data-start=\"810\" data-end=\"813\" \/>\n<p data-start=\"815\" data-end=\"846\"><strong data-start=\"815\" data-end=\"846\">CARACTER\u00cdSTICAS PRINCIPALES<\/strong><\/p>\n<ul data-start=\"847\" data-end=\"1090\" data-is-last-node=\"\" data-is-only-node=\"\">\n<li data-start=\"847\" data-end=\"888\">\n<p data-start=\"849\" data-end=\"888\">\u2705 <strong data-start=\"851\" data-end=\"888\">Lazo trenzado de alta resistencia<\/strong><\/p>\n<\/li>\n<li data-start=\"889\" data-end=\"936\">\n<p data-start=\"891\" data-end=\"936\">\u2705 Ideal para <strong data-start=\"904\" data-end=\"936\">colgar ropa grande y peque\u00f1a<\/strong><\/p>\n<\/li>\n<li data-start=\"937\" data-end=\"970\">\n<p data-start=\"939\" data-end=\"970\">\u2705 <strong data-start=\"941\" data-end=\"970\">Uso dom\u00e9stico y multiusos<\/strong><\/p>\n<\/li>\n<li data-start=\"971\" data-end=\"1002\">\n<p data-start=\"973\" data-end=\"1002\">\u2705 <strong data-start=\"975\" data-end=\"1002\">Trenza s\u00f3lida y durable<\/strong><\/p>\n<\/li>\n<li data-start=\"1003\" data-end=\"1040\">\n<p data-start=\"1005\" data-end=\"1040\">\u2705 <strong data-start=\"1007\" data-end=\"1040\">Longitud: 10 metros \/ 32.8 ft<\/strong><\/p>\n<\/li>\n<li data-start=\"1041\" data-end=\"1090\" data-is-last-node=\"\">\n<p data-start=\"1043\" data-end=\"1090\" data-is-last-node=\"\">\u2705 <strong data-start=\"1045\" data-end=\"1090\" data-is-last-node=\"\">Producto 100% mexicano \u2013 calidad Torosqui<\/strong><\/p>\n<\/li>\n<\/ul>","protected":false},"featured_media":5704,"template":"","meta":[],"product_cat":[239],"product_tag":[],"class_list":{"0":"post-5481","1":"product","2":"type-product","3":"status-publish","4":"has-post-thumbnail","6":"product_cat-hogar","8":"first","9":"instock","10":"taxable","11":"shipping-taxable","12":"purchasable","13":"product-type-simple"},"_links":{"self":[{"href":"https:\/\/torosqui.com\/en\/wp-json\/wp\/v2\/product\/5481","targetHints":{"allow":["GET"]}}],"collection":[{"href":"https:\/\/torosqui.com\/en\/wp-json\/wp\/v2\/product"}],"about":[{"href":"https:\/\/torosqui.com\/en\/wp-json\/wp\/v2\/types\/product"}],"version-history":[{"count":3,"href":"https:\/\/torosqui.com\/en\/wp-json\/wp\/v2\/product\/5481\/revisions"}],"predecessor-version":[{"id":6488,"href":"https:\/\/torosqui.com\/en\/wp-json\/wp\/v2\/product\/5481\/revisions\/6488"}],"wp:featuredmedia":[{"embeddable":true,"href":"https:\/\/torosqui.com\/en\/wp-json\/wp\/v2\/media\/5704"}],"wp:attachment":[{"href":"https:\/\/torosqui.com\/en\/wp-json\/wp\/v2\/media?parent=5481"}],"wp:term":[{"taxonomy":"product_cat","embeddable":true,"href":"https:\/\/torosqui.com\/en\/wp-json\/wp\/v2\/product_cat?post=5481"},{"taxonomy":"product_tag","embeddable":true,"href":"https:\/\/torosqui.com\/en\/wp-json\/wp\/v2\/product_tag?post=5481"}],"curies":[{"name":"wp","href":"https:\/\/api.w.org\/{rel}","templated":true}]}}