{"id":5468,"date":"2025-01-18T09:18:28","date_gmt":"2025-01-18T15:18:28","guid":{"rendered":"https:\/\/torosqui.com.mx\/?post_type=product&#038;p=5468"},"modified":"2026-03-31T10:59:43","modified_gmt":"2026-03-31T16:59:43","slug":"banco-hercules","status":"publish","type":"product","link":"https:\/\/torosqui.com\/en\/tienda\/banco-hercules\/","title":{"rendered":"Banco Infantil de Pl\u00e1stico Antiderrapante y Ligero, Asiento y Escal\u00f3n para Ni\u00f1os | Torosqui"},"content":{"rendered":"","protected":false},"excerpt":{"rendered":"<article class=\"text-token-text-primary w-full focus:outline-none [--shadow-height:45px] has-data-writing-block:pointer-events-none has-data-writing-block:-mt-(--shadow-height) has-data-writing-block:pt-(--shadow-height) [&amp;:has([data-writing-block])&gt;*]:pointer-events-auto [content-visibility:auto] supports-[content-visibility:auto]:[contain-intrinsic-size:auto_100lvh] scroll-mt-[calc(var(--header-height)+min(200px,max(70px,20svh)))]\" dir=\"auto\" tabindex=\"-1\" data-turn-id=\"e8028bff-13ae-4a11-97d5-11f30d62b14e\" data-testid=\"conversation-turn-33\" data-scroll-anchor=\"false\" data-turn=\"assistant\">\n<div class=\"text-base my-auto mx-auto [--thread-content-margin:--spacing(4)] @w-sm\/main:[--thread-content-margin:--spacing(6)] @w-lg\/main:[--thread-content-margin:--spacing(16)] px-(--thread-content-margin)\">\n<div class=\"[--thread-content-max-width:40rem] @w-lg\/main:[--thread-content-max-width:48rem] mx-auto max-w-(--thread-content-max-width) flex-1 group\/turn-messages focus-visible:outline-hidden relative flex w-full min-w-0 flex-col agent-turn\" tabindex=\"-1\">\n<div class=\"flex max-w-full flex-col grow\">\n<div class=\"min-h-8 text-message relative flex w-full flex-col items-end gap-2 text-start break-words whitespace-normal [.text-message+&amp;]:mt-1\" dir=\"auto\" data-message-author-role=\"assistant\" data-message-id=\"e8028bff-13ae-4a11-97d5-11f30d62b14e\" data-message-model-slug=\"gpt-5-2\">\n<div class=\"flex w-full flex-col gap-1 empty:hidden first:pt-[1px]\">\n<div class=\"markdown prose dark:prose-invert w-full break-words light markdown-new-styling\">\n<p data-start=\"163\" data-end=\"508\">El <strong data-start=\"166\" data-end=\"193\">Banco H\u00e9rcules Torosqui<\/strong> es un <strong data-start=\"200\" data-end=\"230\">banco infantil de pl\u00e1stico<\/strong> dise\u00f1ado para brindar <strong data-start=\"253\" data-end=\"293\">seguridad, comodidad y funcionalidad<\/strong> a los m\u00e1s peque\u00f1os del hogar. Su dise\u00f1o decorado lo hace ideal como <strong data-start=\"362\" data-end=\"395\">asiento para mesas infantiles<\/strong> o como <strong data-start=\"403\" data-end=\"491\">escal\u00f3n para que los ni\u00f1os alcancen el lavabo del ba\u00f1o, estantes o superficies altas<\/strong> de forma segura.<\/p>\n<p data-start=\"510\" data-end=\"775\">Est\u00e1 fabricado con <strong data-start=\"529\" data-end=\"561\">pl\u00e1stico resistente y ligero<\/strong>, lo que permite <strong data-start=\"578\" data-end=\"606\">transportarlo f\u00e1cilmente<\/strong> y <strong data-start=\"609\" data-end=\"621\">apilarlo<\/strong> para ahorrar espacio cuando no est\u00e1 en uso. Adem\u00e1s, cuenta con <strong data-start=\"685\" data-end=\"718\">antiderrapante en sus 4 patas<\/strong>, brindando mayor estabilidad y confianza durante su uso.<\/p>\n<p data-start=\"777\" data-end=\"936\">Producto <strong data-start=\"786\" data-end=\"803\">100% mexicano<\/strong>, pensado para el uso diario de ni\u00f1os, con la calidad y durabilidad que distingue a <strong data-start=\"887\" data-end=\"899\">Torosqui<\/strong>, experto en pl\u00e1sticos para el hogar.<\/p>\n<hr data-start=\"938\" data-end=\"941\" \/>\n<p data-start=\"943\" data-end=\"974\"><strong data-start=\"943\" data-end=\"974\">CARACTER\u00cdSTICAS PRINCIPALES<\/strong><\/p>\n<ul data-start=\"975\" data-end=\"1269\" data-is-last-node=\"\" data-is-only-node=\"\">\n<li data-start=\"975\" data-end=\"1018\">\n<p data-start=\"977\" data-end=\"1018\">\u2705 <strong data-start=\"979\" data-end=\"1018\">Banco infantil de pl\u00e1stico decorado<\/strong><\/p>\n<\/li>\n<li data-start=\"1019\" data-end=\"1066\">\n<p data-start=\"1021\" data-end=\"1066\">\u2705 Ideal como <strong data-start=\"1034\" data-end=\"1066\">asiento o escal\u00f3n para ni\u00f1os<\/strong><\/p>\n<\/li>\n<li data-start=\"1067\" data-end=\"1104\">\n<p data-start=\"1069\" data-end=\"1104\">\u2705 <strong data-start=\"1071\" data-end=\"1104\">Ligero y f\u00e1cil de transportar<\/strong><\/p>\n<\/li>\n<li data-start=\"1105\" data-end=\"1142\">\n<p data-start=\"1107\" data-end=\"1142\">\u2705 <strong data-start=\"1109\" data-end=\"1142\">Apilable para ahorrar espacio<\/strong><\/p>\n<\/li>\n<li data-start=\"1143\" data-end=\"1180\">\n<p data-start=\"1145\" data-end=\"1180\">\u2705 <strong data-start=\"1147\" data-end=\"1180\">Antiderrapante en las 4 patas<\/strong><\/p>\n<\/li>\n<li data-start=\"1181\" data-end=\"1219\">\n<p data-start=\"1183\" data-end=\"1219\">\u2705 <strong data-start=\"1185\" data-end=\"1219\">Pl\u00e1stico resistente y duradero<\/strong><\/p>\n<\/li>\n<li data-start=\"1220\" data-end=\"1269\" data-is-last-node=\"\">\n<p data-start=\"1222\" data-end=\"1269\" data-is-last-node=\"\">\u2705 <strong data-start=\"1224\" data-end=\"1269\" data-is-last-node=\"\">Producto 100% mexicano \u2013 calidad Torosqui<\/strong><\/p>\n<\/li>\n<\/ul>\n<\/div>\n<\/div>\n<\/div>\n<\/div>\n<\/div>\n<\/div>\n<\/article>\n<article class=\"text-token-text-primary w-full focus:outline-none [--shadow-height:45px] has-data-writing-block:pointer-events-none has-data-writing-block:-mt-(--shadow-height) has-data-writing-block:pt-(--shadow-height) [&amp;:has([data-writing-block])&gt;*]:pointer-events-auto scroll-mt-(--header-height)\" dir=\"auto\" tabindex=\"-1\" data-turn-id=\"080d4091-791e-446c-b129-5943d246a308\" data-testid=\"conversation-turn-34\" data-scroll-anchor=\"false\" data-turn=\"user\"><\/article>","protected":false},"featured_media":5732,"template":"","meta":[],"product_cat":[239,243],"product_tag":[],"class_list":{"0":"post-5468","1":"product","2":"type-product","3":"status-publish","4":"has-post-thumbnail","6":"product_cat-hogar","7":"product_cat-destacados","9":"first","10":"instock","11":"sale","12":"taxable","13":"shipping-taxable","14":"purchasable","15":"product-type-variable","16":"rtwpvs-product"},"_links":{"self":[{"href":"https:\/\/torosqui.com\/en\/wp-json\/wp\/v2\/product\/5468","targetHints":{"allow":["GET"]}}],"collection":[{"href":"https:\/\/torosqui.com\/en\/wp-json\/wp\/v2\/product"}],"about":[{"href":"https:\/\/torosqui.com\/en\/wp-json\/wp\/v2\/types\/product"}],"version-history":[{"count":4,"href":"https:\/\/torosqui.com\/en\/wp-json\/wp\/v2\/product\/5468\/revisions"}],"predecessor-version":[{"id":6859,"href":"https:\/\/torosqui.com\/en\/wp-json\/wp\/v2\/product\/5468\/revisions\/6859"}],"wp:featuredmedia":[{"embeddable":true,"href":"https:\/\/torosqui.com\/en\/wp-json\/wp\/v2\/media\/5732"}],"wp:attachment":[{"href":"https:\/\/torosqui.com\/en\/wp-json\/wp\/v2\/media?parent=5468"}],"wp:term":[{"taxonomy":"product_cat","embeddable":true,"href":"https:\/\/torosqui.com\/en\/wp-json\/wp\/v2\/product_cat?post=5468"},{"taxonomy":"product_tag","embeddable":true,"href":"https:\/\/torosqui.com\/en\/wp-json\/wp\/v2\/product_tag?post=5468"}],"curies":[{"name":"wp","href":"https:\/\/api.w.org\/{rel}","templated":true}]}}