{"id":5344,"date":"2025-01-17T11:46:18","date_gmt":"2025-01-17T17:46:18","guid":{"rendered":"https:\/\/torosqui.com.mx\/?post_type=product&#038;p=5344"},"modified":"2026-03-19T08:12:52","modified_gmt":"2026-03-19T14:12:52","slug":"vaporera","status":"publish","type":"product","link":"https:\/\/torosqui.com\/en\/tienda\/vaporera\/","title":{"rendered":"Vaporera de Pl\u00e1stico para Microondas con Rejilla y Tapa, Cocci\u00f3n al Vapor F\u00e1cil y R\u00e1pida | Torosqui"},"content":{"rendered":"","protected":false},"excerpt":{"rendered":"<p data-start=\"171\" data-end=\"454\">La <strong data-start=\"174\" data-end=\"211\">Vaporera Torosqui para microondas<\/strong> es la opci\u00f3n ideal para <strong data-start=\"236\" data-end=\"277\">calentar y cocinar alimentos al vapor<\/strong> de manera r\u00e1pida, pr\u00e1ctica y saludable. Fabricada con <strong data-start=\"332\" data-end=\"371\">pl\u00e1stico resistente de alta calidad<\/strong>, es <strong data-start=\"376\" data-end=\"415\">apta para microondas y lavavajillas<\/strong>, facilitando su uso y limpieza diaria.<\/p>\n<p data-start=\"456\" data-end=\"706\">Permite <strong data-start=\"464\" data-end=\"518\">cocer verduras al vapor, pescado, comida para beb\u00e9<\/strong> o <strong data-start=\"521\" data-end=\"565\">recalentar alimentos sin que se resequen<\/strong>, conservando mejor su sabor y textura. Su dise\u00f1o funcional incluye <strong data-start=\"633\" data-end=\"657\">base, rejilla y tapa<\/strong>, lo que garantiza una cocci\u00f3n uniforme y segura.<\/p>\n<p data-start=\"708\" data-end=\"943\">Su uso es muy sencillo: solo agrega agua en la base, coloca la rejilla, a\u00f1ade los alimentos, tapa y lleva al microondas. Producto <strong data-start=\"838\" data-end=\"855\">100% mexicano<\/strong>, pensado para hacer tu cocina m\u00e1s pr\u00e1ctica con la calidad que distingue a <strong data-start=\"930\" data-end=\"942\">Torosqui<\/strong>.<\/p>\n<hr data-start=\"945\" data-end=\"948\" \/>\n<p data-start=\"950\" data-end=\"981\"><strong data-start=\"950\" data-end=\"981\">CARACTER\u00cdSTICAS PRINCIPALES<\/strong><\/p>\n<ul data-start=\"982\" data-end=\"1293\" data-is-last-node=\"\" data-is-only-node=\"\">\n<li data-start=\"982\" data-end=\"1026\">\n<p data-start=\"984\" data-end=\"1026\">\u2705 <strong data-start=\"986\" data-end=\"1026\">Vaporera de pl\u00e1stico para microondas<\/strong><\/p>\n<\/li>\n<li data-start=\"1027\" data-end=\"1076\">\n<p data-start=\"1029\" data-end=\"1076\">\u2705 <strong data-start=\"1031\" data-end=\"1076\">Ideal para cocci\u00f3n al vapor y recalentado<\/strong><\/p>\n<\/li>\n<li data-start=\"1077\" data-end=\"1120\">\n<p data-start=\"1079\" data-end=\"1120\">\u2705 <strong data-start=\"1081\" data-end=\"1120\">Apta para microondas y lavavajillas<\/strong><\/p>\n<\/li>\n<li data-start=\"1121\" data-end=\"1157\">\n<p data-start=\"1123\" data-end=\"1157\">\u2705 <strong data-start=\"1125\" data-end=\"1157\">Incluye base, rejilla y tapa<\/strong><\/p>\n<\/li>\n<li data-start=\"1158\" data-end=\"1212\">\n<p data-start=\"1160\" data-end=\"1212\">\u2705 <strong data-start=\"1162\" data-end=\"1212\">Conserva la humedad y textura de los alimentos<\/strong><\/p>\n<\/li>\n<li data-start=\"1213\" data-end=\"1243\">\n<p data-start=\"1215\" data-end=\"1243\">\u2705 <strong data-start=\"1217\" data-end=\"1243\">F\u00e1cil y r\u00e1pida de usar<\/strong><\/p>\n<\/li>\n<li data-start=\"1244\" data-end=\"1293\" data-is-last-node=\"\">\n<p data-start=\"1246\" data-end=\"1293\" data-is-last-node=\"\">\u2705 <strong data-start=\"1248\" data-end=\"1293\" data-is-last-node=\"\">Producto 100% mexicano \u2013 calidad Torosqui<\/strong><\/p>\n<\/li>\n<\/ul>","protected":false},"featured_media":5354,"template":"","meta":[],"product_cat":[249,243],"product_tag":[],"class_list":{"0":"post-5344","1":"product","2":"type-product","3":"status-publish","4":"has-post-thumbnail","6":"product_cat-mesa","7":"product_cat-destacados","9":"first","10":"instock","11":"taxable","12":"shipping-taxable","13":"purchasable","14":"product-type-variable","15":"rtwpvs-product"},"_links":{"self":[{"href":"https:\/\/torosqui.com\/en\/wp-json\/wp\/v2\/product\/5344","targetHints":{"allow":["GET"]}}],"collection":[{"href":"https:\/\/torosqui.com\/en\/wp-json\/wp\/v2\/product"}],"about":[{"href":"https:\/\/torosqui.com\/en\/wp-json\/wp\/v2\/types\/product"}],"version-history":[{"count":4,"href":"https:\/\/torosqui.com\/en\/wp-json\/wp\/v2\/product\/5344\/revisions"}],"predecessor-version":[{"id":6507,"href":"https:\/\/torosqui.com\/en\/wp-json\/wp\/v2\/product\/5344\/revisions\/6507"}],"wp:featuredmedia":[{"embeddable":true,"href":"https:\/\/torosqui.com\/en\/wp-json\/wp\/v2\/media\/5354"}],"wp:attachment":[{"href":"https:\/\/torosqui.com\/en\/wp-json\/wp\/v2\/media?parent=5344"}],"wp:term":[{"taxonomy":"product_cat","embeddable":true,"href":"https:\/\/torosqui.com\/en\/wp-json\/wp\/v2\/product_cat?post=5344"},{"taxonomy":"product_tag","embeddable":true,"href":"https:\/\/torosqui.com\/en\/wp-json\/wp\/v2\/product_tag?post=5344"}],"curies":[{"name":"wp","href":"https:\/\/api.w.org\/{rel}","templated":true}]}}