{"id":5337,"date":"2025-01-17T11:32:58","date_gmt":"2025-01-17T17:32:58","guid":{"rendered":"https:\/\/torosqui.com.mx\/?post_type=product&#038;p=5337"},"modified":"2026-03-09T16:49:34","modified_gmt":"2026-03-09T22:49:34","slug":"atomizador-de-1-lt","status":"publish","type":"product","link":"https:\/\/torosqui.com\/en\/tienda\/atomizador-de-1-lt\/","title":{"rendered":"Atomizador de Pl\u00e1stico 1 Litro con Rociadores Ajustables, spray para Plantas y Uso Dom\u00e9stico | Torosqui"},"content":{"rendered":"","protected":false},"excerpt":{"rendered":"<article class=\"text-token-text-primary w-full focus:outline-none [--shadow-height:45px] has-data-writing-block:pointer-events-none has-data-writing-block:-mt-(--shadow-height) has-data-writing-block:pt-(--shadow-height) [&amp;:has([data-writing-block])&gt;*]:pointer-events-auto scroll-mt-[calc(var(--header-height)+min(200px,max(70px,20svh)))]\" dir=\"auto\" tabindex=\"-1\" data-turn-id=\"c476853d-9b63-45d7-87ee-3131792d24bb\" data-testid=\"conversation-turn-18\" data-scroll-anchor=\"false\" data-turn=\"assistant\">\n<div class=\"text-base my-auto mx-auto [--thread-content-margin:--spacing(4)] @w-sm\/main:[--thread-content-margin:--spacing(6)] @w-lg\/main:[--thread-content-margin:--spacing(16)] px-(--thread-content-margin)\">\n<div class=\"[--thread-content-max-width:40rem] @w-lg\/main:[--thread-content-max-width:48rem] mx-auto max-w-(--thread-content-max-width) flex-1 group\/turn-messages focus-visible:outline-hidden relative flex w-full min-w-0 flex-col agent-turn\" tabindex=\"-1\">\n<div class=\"flex max-w-full flex-col grow\">\n<div class=\"min-h-8 text-message relative flex w-full flex-col items-end gap-2 text-start break-words whitespace-normal [.text-message+&amp;]:mt-1\" dir=\"auto\" data-message-author-role=\"assistant\" data-message-id=\"c476853d-9b63-45d7-87ee-3131792d24bb\" data-message-model-slug=\"gpt-5-2\">\n<div class=\"flex w-full flex-col gap-1 empty:hidden first:pt-[1px]\">\n<div class=\"markdown prose dark:prose-invert w-full break-words light markdown-new-styling\">\n<p data-start=\"175\" data-end=\"431\">El <strong data-start=\"178\" data-end=\"212\">Atomizador Torosqui de 1 litro<\/strong> es ideal para m\u00faltiples usos en el hogar y jard\u00edn. Cuenta con <strong data-start=\"275\" data-end=\"306\">diferentes tipos de rociado<\/strong> \u2014abanico, spray para riego y chorro de largo alcance\u2014 que permiten una aplicaci\u00f3n precisa y eficiente seg\u00fan tus necesidades.<\/p>\n<p data-start=\"433\" data-end=\"774\">Fabricado con <strong data-start=\"447\" data-end=\"486\">pl\u00e1stico resistente de alta calidad<\/strong>, est\u00e1 dise\u00f1ado para ofrecer durabilidad y un desempe\u00f1o confiable. Es perfecto para <strong data-start=\"570\" data-end=\"588\">rociar plantas<\/strong>, aplicar <strong data-start=\"598\" data-end=\"634\">spray hidratante para el cabello<\/strong>, limpieza ligera y otras tareas dom\u00e9sticas. Su <strong data-start=\"682\" data-end=\"714\">capacidad de 1 litro (34 oz)<\/strong> lo hace pr\u00e1ctico para uso continuo sin recargas constantes.<\/p>\n<p data-start=\"776\" data-end=\"908\">Producto <strong data-start=\"785\" data-end=\"802\">100% mexicano<\/strong>, funcional y resistente, con la calidad que distingue a <strong data-start=\"859\" data-end=\"871\">Torosqui<\/strong>, experto en pl\u00e1sticos para el hogar.<\/p>\n<hr data-start=\"910\" data-end=\"913\" \/>\n<p data-start=\"915\" data-end=\"946\"><strong data-start=\"915\" data-end=\"946\">CARACTER\u00cdSTICAS PRINCIPALES<\/strong><\/p>\n<ul data-start=\"947\" data-end=\"1247\" data-is-last-node=\"\" data-is-only-node=\"\">\n<li data-start=\"947\" data-end=\"988\">\n<p data-start=\"949\" data-end=\"988\">\u2705 <strong data-start=\"951\" data-end=\"988\">Atomizador de pl\u00e1stico resistente<\/strong><\/p>\n<\/li>\n<li data-start=\"989\" data-end=\"1020\">\n<p data-start=\"991\" data-end=\"1020\">\u2705 <strong data-start=\"993\" data-end=\"1020\">Capacidad: 1 Lt \/ 34 oz<\/strong><\/p>\n<\/li>\n<li data-start=\"1021\" data-end=\"1075\">\n<p data-start=\"1023\" data-end=\"1075\">\u2705 <strong data-start=\"1025\" data-end=\"1075\">Rociadores ajustables: abanico, spray y chorro<\/strong><\/p>\n<\/li>\n<li data-start=\"1076\" data-end=\"1126\">\n<p data-start=\"1078\" data-end=\"1126\">\u2705 Ideal para <strong data-start=\"1091\" data-end=\"1126\">plantas, jard\u00edn y uso dom\u00e9stico<\/strong><\/p>\n<\/li>\n<li data-start=\"1127\" data-end=\"1175\">\n<p data-start=\"1129\" data-end=\"1175\">\u2705 Materiales de <strong data-start=\"1145\" data-end=\"1175\">alta calidad y durabilidad<\/strong><\/p>\n<\/li>\n<li data-start=\"1176\" data-end=\"1197\">\n<p data-start=\"1178\" data-end=\"1197\">\u2705 <strong data-start=\"1180\" data-end=\"1197\">F\u00e1cil de usar<\/strong><\/p>\n<\/li>\n<li data-start=\"1198\" data-end=\"1247\" data-is-last-node=\"\">\n<p data-start=\"1200\" data-end=\"1247\" data-is-last-node=\"\">\u2705 <strong data-start=\"1202\" data-end=\"1247\" data-is-last-node=\"\">Producto 100% mexicano \u2013 calidad Torosqui<\/strong><\/p>\n<\/li>\n<\/ul>\n<\/div>\n<\/div>\n<\/div>\n<\/div>\n<\/div>\n<\/div>\n<\/article>","protected":false},"featured_media":5726,"template":"","meta":[],"product_cat":[251,243],"product_tag":[],"class_list":{"0":"post-5337","1":"product","2":"type-product","3":"status-publish","4":"has-post-thumbnail","6":"product_cat-limpieza","7":"product_cat-destacados","9":"first","10":"instock","11":"taxable","12":"shipping-taxable","13":"purchasable","14":"product-type-simple"},"_links":{"self":[{"href":"https:\/\/torosqui.com\/en\/wp-json\/wp\/v2\/product\/5337","targetHints":{"allow":["GET"]}}],"collection":[{"href":"https:\/\/torosqui.com\/en\/wp-json\/wp\/v2\/product"}],"about":[{"href":"https:\/\/torosqui.com\/en\/wp-json\/wp\/v2\/types\/product"}],"version-history":[{"count":4,"href":"https:\/\/torosqui.com\/en\/wp-json\/wp\/v2\/product\/5337\/revisions"}],"predecessor-version":[{"id":6515,"href":"https:\/\/torosqui.com\/en\/wp-json\/wp\/v2\/product\/5337\/revisions\/6515"}],"wp:featuredmedia":[{"embeddable":true,"href":"https:\/\/torosqui.com\/en\/wp-json\/wp\/v2\/media\/5726"}],"wp:attachment":[{"href":"https:\/\/torosqui.com\/en\/wp-json\/wp\/v2\/media?parent=5337"}],"wp:term":[{"taxonomy":"product_cat","embeddable":true,"href":"https:\/\/torosqui.com\/en\/wp-json\/wp\/v2\/product_cat?post=5337"},{"taxonomy":"product_tag","embeddable":true,"href":"https:\/\/torosqui.com\/en\/wp-json\/wp\/v2\/product_tag?post=5337"}],"curies":[{"name":"wp","href":"https:\/\/api.w.org\/{rel}","templated":true}]}}