{"id":5333,"date":"2025-01-17T11:29:38","date_gmt":"2025-01-17T17:29:38","guid":{"rendered":"https:\/\/torosqui.com.mx\/?post_type=product&#038;p=5333"},"modified":"2026-03-09T16:49:49","modified_gmt":"2026-03-09T22:49:49","slug":"atomizador-de-250-ml","status":"publish","type":"product","link":"https:\/\/torosqui.com\/en\/tienda\/atomizador-de-250-ml\/","title":{"rendered":"Atomizador de Pl\u00e1stico 250 ml con Rociadores Ajustables, spray para Plantas y Uso Dom\u00e9stico | Torosqui"},"content":{"rendered":"","protected":false},"excerpt":{"rendered":"<p data-start=\"174\" data-end=\"429\">El <strong data-start=\"177\" data-end=\"210\">Atomizador Torosqui de 250 ml<\/strong> es una opci\u00f3n pr\u00e1ctica y vers\u00e1til para tareas cotidianas en el hogar. Cuenta con <strong data-start=\"292\" data-end=\"323\">diferentes tipos de rociado<\/strong> \u2014abanico, spray para riego y chorro de largo alcance\u2014 que permiten una aplicaci\u00f3n controlada y eficiente.<\/p>\n<p data-start=\"431\" data-end=\"737\">Fabricado con <strong data-start=\"445\" data-end=\"484\">pl\u00e1stico resistente de alta calidad<\/strong>, ofrece durabilidad y un desempe\u00f1o confiable. Es ideal para <strong data-start=\"545\" data-end=\"563\">rociar plantas<\/strong>, aplicar <strong data-start=\"573\" data-end=\"609\">spray hidratante para el cabello<\/strong>, limpieza ligera y otros usos dom\u00e9sticos. Su <strong data-start=\"655\" data-end=\"687\">capacidad de 250 ml (8.5 oz)<\/strong> lo hace compacto, f\u00e1cil de manejar y transportar.<\/p>\n<p data-start=\"739\" data-end=\"871\">Producto <strong data-start=\"748\" data-end=\"765\">100% mexicano<\/strong>, funcional y resistente, con la calidad que distingue a <strong data-start=\"822\" data-end=\"834\">Torosqui<\/strong>, experto en pl\u00e1sticos para el hogar.<\/p>\n<hr data-start=\"873\" data-end=\"876\" \/>\n<p data-start=\"878\" data-end=\"909\"><strong data-start=\"878\" data-end=\"909\">CARACTER\u00cdSTICAS PRINCIPALES<\/strong><\/p>\n<ul data-start=\"910\" data-end=\"1213\" data-is-last-node=\"\" data-is-only-node=\"\">\n<li data-start=\"910\" data-end=\"951\">\n<p data-start=\"912\" data-end=\"951\">\u2705 <strong data-start=\"914\" data-end=\"951\">Atomizador de pl\u00e1stico resistente<\/strong><\/p>\n<\/li>\n<li data-start=\"952\" data-end=\"986\">\n<p data-start=\"954\" data-end=\"986\">\u2705 <strong data-start=\"956\" data-end=\"986\">Capacidad: 250 ml \/ 8.5 oz<\/strong><\/p>\n<\/li>\n<li data-start=\"987\" data-end=\"1041\">\n<p data-start=\"989\" data-end=\"1041\">\u2705 <strong data-start=\"991\" data-end=\"1041\">Rociadores ajustables: abanico, spray y chorro<\/strong><\/p>\n<\/li>\n<li data-start=\"1042\" data-end=\"1092\">\n<p data-start=\"1044\" data-end=\"1092\">\u2705 Ideal para <strong data-start=\"1057\" data-end=\"1092\">plantas, jard\u00edn y uso dom\u00e9stico<\/strong><\/p>\n<\/li>\n<li data-start=\"1093\" data-end=\"1141\">\n<p data-start=\"1095\" data-end=\"1141\">\u2705 Materiales de <strong data-start=\"1111\" data-end=\"1141\">alta calidad y durabilidad<\/strong><\/p>\n<\/li>\n<li data-start=\"1142\" data-end=\"1163\">\n<p data-start=\"1144\" data-end=\"1163\">\u2705 <strong data-start=\"1146\" data-end=\"1163\">F\u00e1cil de usar<\/strong><\/p>\n<\/li>\n<li data-start=\"1164\" data-end=\"1213\" data-is-last-node=\"\">\n<p data-start=\"1166\" data-end=\"1213\" data-is-last-node=\"\">\u2705 <strong data-start=\"1168\" data-end=\"1213\" data-is-last-node=\"\">Producto 100% mexicano \u2013 calidad Torosqui<\/strong><\/p>\n<\/li>\n<\/ul>","protected":false},"featured_media":5729,"template":"","meta":[],"product_cat":[251,240],"product_tag":[],"class_list":{"0":"post-5333","1":"product","2":"type-product","3":"status-publish","4":"has-post-thumbnail","6":"product_cat-limpieza","7":"product_cat-nuevos-ingresos","9":"first","10":"instock","11":"taxable","12":"shipping-taxable","13":"purchasable","14":"product-type-simple"},"_links":{"self":[{"href":"https:\/\/torosqui.com\/en\/wp-json\/wp\/v2\/product\/5333","targetHints":{"allow":["GET"]}}],"collection":[{"href":"https:\/\/torosqui.com\/en\/wp-json\/wp\/v2\/product"}],"about":[{"href":"https:\/\/torosqui.com\/en\/wp-json\/wp\/v2\/types\/product"}],"version-history":[{"count":3,"href":"https:\/\/torosqui.com\/en\/wp-json\/wp\/v2\/product\/5333\/revisions"}],"predecessor-version":[{"id":6516,"href":"https:\/\/torosqui.com\/en\/wp-json\/wp\/v2\/product\/5333\/revisions\/6516"}],"wp:featuredmedia":[{"embeddable":true,"href":"https:\/\/torosqui.com\/en\/wp-json\/wp\/v2\/media\/5729"}],"wp:attachment":[{"href":"https:\/\/torosqui.com\/en\/wp-json\/wp\/v2\/media?parent=5333"}],"wp:term":[{"taxonomy":"product_cat","embeddable":true,"href":"https:\/\/torosqui.com\/en\/wp-json\/wp\/v2\/product_cat?post=5333"},{"taxonomy":"product_tag","embeddable":true,"href":"https:\/\/torosqui.com\/en\/wp-json\/wp\/v2\/product_tag?post=5333"}],"curies":[{"name":"wp","href":"https:\/\/api.w.org\/{rel}","templated":true}]}}