{"id":5317,"date":"2025-01-17T11:13:51","date_gmt":"2025-01-17T17:13:51","guid":{"rendered":"https:\/\/torosqui.com.mx\/?post_type=product&#038;p=5317"},"modified":"2026-03-10T09:55:32","modified_gmt":"2026-03-10T15:55:32","slug":"set-escobita-y-recogedor-negro","status":"publish","type":"product","link":"https:\/\/torosqui.com\/en\/tienda\/set-escobita-y-recogedor-negro\/","title":{"rendered":"Set de Escobita y Recogedor Negro para Espacios Peque\u00f1os, Limpieza Pr\u00e1ctica y Compacta | Torosqui"},"content":{"rendered":"","protected":false},"excerpt":{"rendered":"<p data-start=\"169\" data-end=\"459\">El <strong data-start=\"172\" data-end=\"224\">Set de Escobita y Recogedor Torosqui color negro<\/strong> es ideal para mantener la limpieza en <strong data-start=\"263\" data-end=\"284\">espacios peque\u00f1os<\/strong> de forma r\u00e1pida y eficiente. Su dise\u00f1o pr\u00e1ctico permite <strong data-start=\"341\" data-end=\"378\">barrer y recoger polvo o residuos<\/strong> con facilidad, siendo perfecto para el hogar, oficina, cocina o \u00e1reas reducidas.<\/p>\n<p data-start=\"461\" data-end=\"666\">Fabricado con <strong data-start=\"475\" data-end=\"505\">materiales de alta calidad<\/strong>, ofrece resistencia y durabilidad en el uso diario. Adem\u00e1s, su dise\u00f1o compacto permite un <strong data-start=\"596\" data-end=\"619\">almacenaje sencillo<\/strong>, optimizando el espacio cuando no est\u00e1 en uso.<\/p>\n<p data-start=\"668\" data-end=\"811\">Producto <strong data-start=\"677\" data-end=\"694\">100% mexicano<\/strong>, funcional y confiable, con la calidad que distingue a <strong data-start=\"750\" data-end=\"762\">Torosqui<\/strong>, experto en pl\u00e1sticos y art\u00edculos para el hogar.<\/p>\n<hr data-start=\"813\" data-end=\"816\" \/>\n<p data-start=\"818\" data-end=\"849\"><strong data-start=\"818\" data-end=\"849\">CARACTER\u00cdSTICAS PRINCIPALES<\/strong><\/p>\n<ul data-start=\"850\" data-end=\"1097\">\n<li data-start=\"850\" data-end=\"885\">\n<p data-start=\"852\" data-end=\"885\">\u2705 <strong data-start=\"854\" data-end=\"885\">Set de escobita y recogedor<\/strong><\/p>\n<\/li>\n<li data-start=\"886\" data-end=\"922\">\n<p data-start=\"888\" data-end=\"922\">\u2705 Ideal para <strong data-start=\"901\" data-end=\"922\">espacios peque\u00f1os<\/strong><\/p>\n<\/li>\n<li data-start=\"923\" data-end=\"957\">\n<p data-start=\"925\" data-end=\"957\">\u2705 <strong data-start=\"927\" data-end=\"957\">Dise\u00f1o compacto y pr\u00e1ctico<\/strong><\/p>\n<\/li>\n<li data-start=\"958\" data-end=\"984\">\n<p data-start=\"960\" data-end=\"984\">\u2705 <strong data-start=\"962\" data-end=\"984\">F\u00e1cil de almacenar<\/strong><\/p>\n<\/li>\n<li data-start=\"985\" data-end=\"1027\">\n<p data-start=\"987\" data-end=\"1027\">\u2705 <strong data-start=\"989\" data-end=\"1027\">Materiales resistentes y duraderos<\/strong><\/p>\n<\/li>\n<li data-start=\"1028\" data-end=\"1047\">\n<p data-start=\"1030\" data-end=\"1047\">\u2705 Color <strong data-start=\"1038\" data-end=\"1047\">negro<\/strong><\/p>\n<\/li>\n<li data-start=\"1048\" data-end=\"1097\">\n<p data-start=\"1050\" data-end=\"1097\">\u2705 <strong data-start=\"1052\" data-end=\"1097\">Producto 100% mexicano \u2013 calidad Torosqui<\/strong><\/p>\n<\/li>\n<\/ul>","protected":false},"featured_media":5318,"template":"","meta":[],"product_cat":[251,241],"product_tag":[],"class_list":{"0":"post-5317","1":"product","2":"type-product","3":"status-publish","4":"has-post-thumbnail","6":"product_cat-limpieza","7":"product_cat-mas-vendidos","9":"first","10":"instock","11":"taxable","12":"shipping-taxable","13":"purchasable","14":"product-type-simple"},"_links":{"self":[{"href":"https:\/\/torosqui.com\/en\/wp-json\/wp\/v2\/product\/5317","targetHints":{"allow":["GET"]}}],"collection":[{"href":"https:\/\/torosqui.com\/en\/wp-json\/wp\/v2\/product"}],"about":[{"href":"https:\/\/torosqui.com\/en\/wp-json\/wp\/v2\/types\/product"}],"version-history":[{"count":3,"href":"https:\/\/torosqui.com\/en\/wp-json\/wp\/v2\/product\/5317\/revisions"}],"predecessor-version":[{"id":6525,"href":"https:\/\/torosqui.com\/en\/wp-json\/wp\/v2\/product\/5317\/revisions\/6525"}],"wp:featuredmedia":[{"embeddable":true,"href":"https:\/\/torosqui.com\/en\/wp-json\/wp\/v2\/media\/5318"}],"wp:attachment":[{"href":"https:\/\/torosqui.com\/en\/wp-json\/wp\/v2\/media?parent=5317"}],"wp:term":[{"taxonomy":"product_cat","embeddable":true,"href":"https:\/\/torosqui.com\/en\/wp-json\/wp\/v2\/product_cat?post=5317"},{"taxonomy":"product_tag","embeddable":true,"href":"https:\/\/torosqui.com\/en\/wp-json\/wp\/v2\/product_tag?post=5317"}],"curies":[{"name":"wp","href":"https:\/\/api.w.org\/{rel}","templated":true}]}}