{"id":5298,"date":"2025-01-17T11:08:01","date_gmt":"2025-01-17T17:08:01","guid":{"rendered":"https:\/\/torosqui.com.mx\/?post_type=product&#038;p=5298"},"modified":"2026-03-12T10:19:44","modified_gmt":"2026-03-12T16:19:44","slug":"recogedor-plegable-plus-con-ceja","status":"publish","type":"product","link":"https:\/\/torosqui.com\/en\/tienda\/recogedor-plegable-plus-con-ceja\/","title":{"rendered":"Recogedor Plegable Plus de Pl\u00e1stico con Ceja y Base Amplia, Limpieza Eficiente y Compacta | Torosqui"},"content":{"rendered":"","protected":false},"excerpt":{"rendered":"<p data-start=\"172\" data-end=\"453\">El <strong data-start=\"175\" data-end=\"220\">Recogedor Plegable Plus Torosqui con ceja<\/strong> est\u00e1 dise\u00f1ado para brindar una <strong data-start=\"252\" data-end=\"289\">limpieza m\u00e1s eficiente y pr\u00e1ctica<\/strong>, optimizando tanto el uso como el almacenamiento. Su <strong data-start=\"343\" data-end=\"362\">dise\u00f1o plegable<\/strong> permite <strong data-start=\"371\" data-end=\"390\">ahorrar espacio<\/strong> al guardarlo, ideal para hogares y \u00e1reas con espacio reducido.<\/p>\n<p data-start=\"455\" data-end=\"768\">Cuenta con una <strong data-start=\"470\" data-end=\"485\">base amplia<\/strong> que facilita la recolecci\u00f3n de basura y polvo, mientras que su <strong data-start=\"549\" data-end=\"569\">ceja en el borde<\/strong> evita que los residuos se escapen, logrando una limpieza m\u00e1s r\u00e1pida y efectiva en menos pasadas. Est\u00e1 fabricado con <strong data-start=\"686\" data-end=\"716\">materiales de alta calidad<\/strong>, lo que garantiza <strong data-start=\"735\" data-end=\"767\">resistencia y larga duraci\u00f3n<\/strong>.<\/p>\n<p data-start=\"770\" data-end=\"912\">Producto <strong data-start=\"779\" data-end=\"796\">100% mexicano<\/strong>, funcional y duradero, con la calidad que distingue a <strong data-start=\"851\" data-end=\"863\">Torosqui<\/strong>, experto en pl\u00e1sticos y art\u00edculos para el hogar.<\/p>\n<hr data-start=\"914\" data-end=\"917\" \/>\n<p data-start=\"919\" data-end=\"950\"><strong data-start=\"919\" data-end=\"950\">CARACTER\u00cdSTICAS PRINCIPALES<\/strong><\/p>\n<ul data-start=\"951\" data-end=\"1273\" data-is-last-node=\"\" data-is-only-node=\"\">\n<li data-start=\"951\" data-end=\"1000\">\n<p data-start=\"953\" data-end=\"1000\">\u2705 <strong data-start=\"955\" data-end=\"1000\">Recogedor plegable de pl\u00e1stico resistente<\/strong><\/p>\n<\/li>\n<li data-start=\"1001\" data-end=\"1046\">\n<p data-start=\"1003\" data-end=\"1046\">\u2705 <strong data-start=\"1005\" data-end=\"1046\">Dise\u00f1o compacto para f\u00e1cil almacenaje<\/strong><\/p>\n<\/li>\n<li data-start=\"1047\" data-end=\"1089\">\n<p data-start=\"1049\" data-end=\"1089\">\u2705 <strong data-start=\"1051\" data-end=\"1089\">Base amplia para mejor recolecci\u00f3n<\/strong><\/p>\n<\/li>\n<li data-start=\"1090\" data-end=\"1137\">\n<p data-start=\"1092\" data-end=\"1137\">\u2705 <strong data-start=\"1094\" data-end=\"1137\">Ceja frontal que evita fuga de residuos<\/strong><\/p>\n<\/li>\n<li data-start=\"1138\" data-end=\"1171\">\n<p data-start=\"1140\" data-end=\"1171\">\u2705 Ideal para <strong data-start=\"1153\" data-end=\"1171\">basura y polvo<\/strong><\/p>\n<\/li>\n<li data-start=\"1172\" data-end=\"1223\">\n<p data-start=\"1174\" data-end=\"1223\">\u2705 <strong data-start=\"1176\" data-end=\"1223\">Materiales de alta calidad y larga duraci\u00f3n<\/strong><\/p>\n<\/li>\n<li data-start=\"1172\" data-end=\"1223\">\n<p data-start=\"1174\" data-end=\"1223\">\u2705 <strong data-start=\"1228\" data-end=\"1273\" data-is-last-node=\"\">Producto 100% mexicano \u2013 calidad Torosqui<\/strong><\/p>\n<article class=\"text-token-text-primary w-full focus:outline-none [--shadow-height:45px] has-data-writing-block:pointer-events-none has-data-writing-block:-mt-(--shadow-height) has-data-writing-block:pt-(--shadow-height) [&amp;:has([data-writing-block])&gt;*]:pointer-events-auto scroll-mt-[calc(var(--header-height)+min(200px,max(70px,20svh)))]\" dir=\"auto\" tabindex=\"-1\" data-turn-id=\"fe68c8d5-3ba4-4a48-8666-4ff2833b0b92\" data-testid=\"conversation-turn-51\" data-scroll-anchor=\"false\" data-turn=\"assistant\">\n<div class=\"text-base my-auto mx-auto [--thread-content-margin:--spacing(4)] @w-sm\/main:[--thread-content-margin:--spacing(6)] @w-lg\/main:[--thread-content-margin:--spacing(16)] px-(--thread-content-margin)\"><\/div>\n<\/article>\n<\/li>\n<\/ul>","protected":false},"featured_media":5301,"template":"","meta":[],"product_cat":[251,243],"product_tag":[],"class_list":{"0":"post-5298","1":"product","2":"type-product","3":"status-publish","4":"has-post-thumbnail","6":"product_cat-limpieza","7":"product_cat-destacados","9":"first","10":"instock","11":"taxable","12":"shipping-taxable","13":"purchasable","14":"product-type-variable","15":"rtwpvs-product"},"_links":{"self":[{"href":"https:\/\/torosqui.com\/en\/wp-json\/wp\/v2\/product\/5298","targetHints":{"allow":["GET"]}}],"collection":[{"href":"https:\/\/torosqui.com\/en\/wp-json\/wp\/v2\/product"}],"about":[{"href":"https:\/\/torosqui.com\/en\/wp-json\/wp\/v2\/types\/product"}],"version-history":[{"count":3,"href":"https:\/\/torosqui.com\/en\/wp-json\/wp\/v2\/product\/5298\/revisions"}],"predecessor-version":[{"id":6527,"href":"https:\/\/torosqui.com\/en\/wp-json\/wp\/v2\/product\/5298\/revisions\/6527"}],"wp:featuredmedia":[{"embeddable":true,"href":"https:\/\/torosqui.com\/en\/wp-json\/wp\/v2\/media\/5301"}],"wp:attachment":[{"href":"https:\/\/torosqui.com\/en\/wp-json\/wp\/v2\/media?parent=5298"}],"wp:term":[{"taxonomy":"product_cat","embeddable":true,"href":"https:\/\/torosqui.com\/en\/wp-json\/wp\/v2\/product_cat?post=5298"},{"taxonomy":"product_tag","embeddable":true,"href":"https:\/\/torosqui.com\/en\/wp-json\/wp\/v2\/product_tag?post=5298"}],"curies":[{"name":"wp","href":"https:\/\/api.w.org\/{rel}","templated":true}]}}