{"id":5246,"date":"2025-01-16T14:32:37","date_gmt":"2025-01-16T20:32:37","guid":{"rendered":"https:\/\/torosqui.com.mx\/?post_type=product&#038;p=5246"},"modified":"2026-03-12T10:27:54","modified_gmt":"2026-03-12T16:27:54","slug":"recogedor-plegable-le-con-ceja","status":"publish","type":"product","link":"https:\/\/torosqui.com\/en\/tienda\/recogedor-plegable-le-con-ceja\/","title":{"rendered":"Recogedor Plegable de Pl\u00e1stico con Ceja y Base Amplia, Limpieza Eficiente y Ahorro de Espacio | Torosqui"},"content":{"rendered":"","protected":false},"excerpt":{"rendered":"<p data-start=\"179\" data-end=\"436\">El <strong data-start=\"182\" data-end=\"225\">Recogedor Plegable LE Torosqui con ceja<\/strong> es una soluci\u00f3n pr\u00e1ctica y funcional para una <strong data-start=\"272\" data-end=\"298\">limpieza m\u00e1s eficiente<\/strong> en el hogar u oficina. Su <strong data-start=\"325\" data-end=\"344\">dise\u00f1o plegable<\/strong> permite <strong data-start=\"353\" data-end=\"378\">aprovechar el espacio<\/strong> durante el almacenaje, ideal para \u00e1reas con poco espacio.<\/p>\n<p data-start=\"438\" data-end=\"763\">Cuenta con una <strong data-start=\"453\" data-end=\"468\">base amplia<\/strong> que facilita la recolecci\u00f3n de basura y polvo, mientras que su <strong data-start=\"532\" data-end=\"552\">ceja en el borde<\/strong> ayuda a evitar que los residuos se escapen, logrando una limpieza m\u00e1s r\u00e1pida y efectiva. Est\u00e1 fabricado con <strong data-start=\"661\" data-end=\"691\">materiales de alta calidad<\/strong>, asegurando <strong data-start=\"704\" data-end=\"736\">resistencia y larga duraci\u00f3n<\/strong> incluso con uso constante.<\/p>\n<p data-start=\"765\" data-end=\"907\">Producto <strong data-start=\"774\" data-end=\"791\">100% mexicano<\/strong>, confiable y duradero, con la calidad que distingue a <strong data-start=\"846\" data-end=\"858\">Torosqui<\/strong>, experto en pl\u00e1sticos y art\u00edculos para el hogar.<\/p>\n<hr data-start=\"909\" data-end=\"912\" \/>\n<p data-start=\"914\" data-end=\"945\"><strong data-start=\"914\" data-end=\"945\">CARACTER\u00cdSTICAS PRINCIPALES<\/strong><\/p>\n<ul data-start=\"946\" data-end=\"1269\" data-is-last-node=\"\" data-is-only-node=\"\">\n<li data-start=\"946\" data-end=\"995\">\n<p data-start=\"948\" data-end=\"995\">\u2705 <strong data-start=\"950\" data-end=\"995\">Recogedor plegable de pl\u00e1stico resistente<\/strong><\/p>\n<\/li>\n<li data-start=\"996\" data-end=\"1042\">\n<p data-start=\"998\" data-end=\"1042\">\u2705 <strong data-start=\"1000\" data-end=\"1042\">Dise\u00f1o compacto para ahorro de espacio<\/strong><\/p>\n<\/li>\n<li data-start=\"1043\" data-end=\"1085\">\n<p data-start=\"1045\" data-end=\"1085\">\u2705 <strong data-start=\"1047\" data-end=\"1085\">Base amplia para mejor recolecci\u00f3n<\/strong><\/p>\n<\/li>\n<li data-start=\"1086\" data-end=\"1133\">\n<p data-start=\"1088\" data-end=\"1133\">\u2705 <strong data-start=\"1090\" data-end=\"1133\">Ceja frontal que evita fuga de residuos<\/strong><\/p>\n<\/li>\n<li data-start=\"1134\" data-end=\"1167\">\n<p data-start=\"1136\" data-end=\"1167\">\u2705 Ideal para <strong data-start=\"1149\" data-end=\"1167\">basura y polvo<\/strong><\/p>\n<\/li>\n<li data-start=\"1168\" data-end=\"1219\">\n<p data-start=\"1170\" data-end=\"1219\">\u2705 <strong data-start=\"1172\" data-end=\"1219\">Materiales de alta calidad y larga duraci\u00f3n<\/strong><\/p>\n<\/li>\n<li data-start=\"1220\" data-end=\"1269\" data-is-last-node=\"\">\n<p data-start=\"1222\" data-end=\"1269\" data-is-last-node=\"\">\u2705 <strong data-start=\"1224\" data-end=\"1269\" data-is-last-node=\"\">Producto 100% mexicano \u2013 calidad Torosqui<\/strong><\/p>\n<\/li>\n<\/ul>","protected":false},"featured_media":5247,"template":"","meta":[],"product_cat":[251,243],"product_tag":[],"class_list":{"0":"post-5246","1":"product","2":"type-product","3":"status-publish","4":"has-post-thumbnail","6":"product_cat-limpieza","7":"product_cat-destacados","9":"first","10":"instock","11":"taxable","12":"shipping-taxable","13":"purchasable","14":"product-type-variable","15":"rtwpvs-product"},"_links":{"self":[{"href":"https:\/\/torosqui.com\/en\/wp-json\/wp\/v2\/product\/5246","targetHints":{"allow":["GET"]}}],"collection":[{"href":"https:\/\/torosqui.com\/en\/wp-json\/wp\/v2\/product"}],"about":[{"href":"https:\/\/torosqui.com\/en\/wp-json\/wp\/v2\/types\/product"}],"version-history":[{"count":4,"href":"https:\/\/torosqui.com\/en\/wp-json\/wp\/v2\/product\/5246\/revisions"}],"predecessor-version":[{"id":5257,"href":"https:\/\/torosqui.com\/en\/wp-json\/wp\/v2\/product\/5246\/revisions\/5257"}],"wp:featuredmedia":[{"embeddable":true,"href":"https:\/\/torosqui.com\/en\/wp-json\/wp\/v2\/media\/5247"}],"wp:attachment":[{"href":"https:\/\/torosqui.com\/en\/wp-json\/wp\/v2\/media?parent=5246"}],"wp:term":[{"taxonomy":"product_cat","embeddable":true,"href":"https:\/\/torosqui.com\/en\/wp-json\/wp\/v2\/product_cat?post=5246"},{"taxonomy":"product_tag","embeddable":true,"href":"https:\/\/torosqui.com\/en\/wp-json\/wp\/v2\/product_tag?post=5246"}],"curies":[{"name":"wp","href":"https:\/\/api.w.org\/{rel}","templated":true}]}}