{"id":5209,"date":"2025-01-16T14:19:30","date_gmt":"2025-01-16T20:19:30","guid":{"rendered":"https:\/\/torosqui.com.mx\/?post_type=product&#038;p=5209"},"modified":"2026-03-19T08:12:52","modified_gmt":"2026-03-19T14:12:52","slug":"bote-de-pedal-plus-8-lt","status":"publish","type":"product","link":"https:\/\/torosqui.com\/en\/tienda\/bote-de-pedal-plus-8-lt\/","title":{"rendered":"Bote de Basura con Pedal Plus 8 Litros, Papelera Compacta con Cubeta Interior | Torosqui"},"content":{"rendered":"","protected":false},"excerpt":{"rendered":"<p data-start=\"160\" data-end=\"426\">El <strong data-start=\"163\" data-end=\"206\">Bote de Pedal Plus Torosqui de 8 litros<\/strong> es la soluci\u00f3n ideal para mantener la limpieza en <strong data-start=\"257\" data-end=\"278\">espacios peque\u00f1os<\/strong> como ba\u00f1o, oficina o rec\u00e1mara. Est\u00e1 fabricado con <strong data-start=\"329\" data-end=\"361\">pl\u00e1stico de alta resistencia<\/strong>, lo que garantiza una <strong data-start=\"384\" data-end=\"425\">larga duraci\u00f3n y uso diario confiable<\/strong>.<\/p>\n<p data-start=\"428\" data-end=\"670\">Cuenta con <strong data-start=\"439\" data-end=\"459\">sistema de pedal<\/strong>, que permite abrir la tapa sin usar las manos, brindando mayor <strong data-start=\"523\" data-end=\"546\">higiene y comodidad<\/strong>. Su <strong data-start=\"551\" data-end=\"582\">papelera interior extra\u00edble<\/strong> facilita la limpieza y el cambio de bolsa, haciendo el mantenimiento r\u00e1pido y pr\u00e1ctico.<\/p>\n<p data-start=\"672\" data-end=\"800\">Su dise\u00f1o compacto combina <strong data-start=\"699\" data-end=\"727\">funcionalidad y est\u00e9tica<\/strong>, adapt\u00e1ndose f\u00e1cilmente a cualquier espacio del hogar o \u00e1rea de trabajo.<\/p>\n<p data-start=\"802\" data-end=\"941\">Producto <strong data-start=\"811\" data-end=\"828\">100% mexicano<\/strong>, con la calidad y confianza que distinguen a <strong data-start=\"874\" data-end=\"886\">Torosqui<\/strong>, especialistas en art\u00edculos de pl\u00e1stico para el hogar.<\/p>\n<hr data-start=\"943\" data-end=\"946\" \/>\n<p data-start=\"948\" data-end=\"979\"><strong data-start=\"948\" data-end=\"979\">CARACTER\u00cdSTICAS PRINCIPALES<\/strong><\/p>\n<ul data-start=\"980\" data-end=\"1270\" data-is-last-node=\"\" data-is-only-node=\"\">\n<li data-start=\"980\" data-end=\"1021\">\n<p data-start=\"982\" data-end=\"1021\">\u2705 <strong data-start=\"984\" data-end=\"1021\">Capacidad: 8 litros \/ 2.1 galones<\/strong><\/p>\n<\/li>\n<li data-start=\"1022\" data-end=\"1065\">\n<p data-start=\"1024\" data-end=\"1065\">\u2705 <strong data-start=\"1026\" data-end=\"1065\">Sistema de pedal para uso higi\u00e9nico<\/strong><\/p>\n<\/li>\n<li data-start=\"1066\" data-end=\"1101\">\n<p data-start=\"1068\" data-end=\"1101\">\u2705 <strong data-start=\"1070\" data-end=\"1101\">Papelera interior extra\u00edble<\/strong><\/p>\n<\/li>\n<li data-start=\"1102\" data-end=\"1145\">\n<p data-start=\"1104\" data-end=\"1145\">\u2705 Ideal para <strong data-start=\"1117\" data-end=\"1145\">ba\u00f1o, oficina y rec\u00e1mara<\/strong><\/p>\n<\/li>\n<li data-start=\"1146\" data-end=\"1184\">\n<p data-start=\"1148\" data-end=\"1184\">\u2705 <strong data-start=\"1150\" data-end=\"1184\">Pl\u00e1stico resistente y duradero<\/strong><\/p>\n<\/li>\n<li data-start=\"1185\" data-end=\"1220\">\n<p data-start=\"1187\" data-end=\"1220\">\u2705 Dise\u00f1o <strong data-start=\"1196\" data-end=\"1220\">compacto y funcional<\/strong><\/p>\n<\/li>\n<li data-start=\"1221\" data-end=\"1270\" data-is-last-node=\"\">\n<p data-start=\"1223\" data-end=\"1270\" data-is-last-node=\"\">\u2705 <strong data-start=\"1225\" data-end=\"1270\" data-is-last-node=\"\">Producto 100% mexicano \u2013 calidad Torosqui<\/strong><\/p>\n<\/li>\n<\/ul>","protected":false},"featured_media":5215,"template":"","meta":[],"product_cat":[251,243,240],"product_tag":[],"class_list":{"0":"post-5209","1":"product","2":"type-product","3":"status-publish","4":"has-post-thumbnail","6":"product_cat-limpieza","7":"product_cat-destacados","8":"product_cat-nuevos-ingresos","10":"first","11":"instock","12":"taxable","13":"shipping-taxable","14":"purchasable","15":"product-type-variable","16":"rtwpvs-product"},"_links":{"self":[{"href":"https:\/\/torosqui.com\/en\/wp-json\/wp\/v2\/product\/5209","targetHints":{"allow":["GET"]}}],"collection":[{"href":"https:\/\/torosqui.com\/en\/wp-json\/wp\/v2\/product"}],"about":[{"href":"https:\/\/torosqui.com\/en\/wp-json\/wp\/v2\/types\/product"}],"version-history":[{"count":3,"href":"https:\/\/torosqui.com\/en\/wp-json\/wp\/v2\/product\/5209\/revisions"}],"predecessor-version":[{"id":6542,"href":"https:\/\/torosqui.com\/en\/wp-json\/wp\/v2\/product\/5209\/revisions\/6542"}],"wp:featuredmedia":[{"embeddable":true,"href":"https:\/\/torosqui.com\/en\/wp-json\/wp\/v2\/media\/5215"}],"wp:attachment":[{"href":"https:\/\/torosqui.com\/en\/wp-json\/wp\/v2\/media?parent=5209"}],"wp:term":[{"taxonomy":"product_cat","embeddable":true,"href":"https:\/\/torosqui.com\/en\/wp-json\/wp\/v2\/product_cat?post=5209"},{"taxonomy":"product_tag","embeddable":true,"href":"https:\/\/torosqui.com\/en\/wp-json\/wp\/v2\/product_tag?post=5209"}],"curies":[{"name":"wp","href":"https:\/\/api.w.org\/{rel}","templated":true}]}}