{"id":5145,"date":"2025-01-16T13:46:14","date_gmt":"2025-01-16T19:46:14","guid":{"rendered":"https:\/\/torosqui.com.mx\/?post_type=product&#038;p=5145"},"modified":"2026-03-31T10:59:43","modified_gmt":"2026-03-31T16:59:43","slug":"bote-con-tapa-balancin-plus-chico-11-lt","status":"publish","type":"product","link":"https:\/\/torosqui.com\/en\/tienda\/bote-con-tapa-balancin-plus-chico-11-lt\/","title":{"rendered":"Bote de Basura con Tapa Balanc\u00ed\u00adn Chico 11 Litros, pl\u00e1stico Resistente | Torosqui"},"content":{"rendered":"","protected":false},"excerpt":{"rendered":"<p data-start=\"165\" data-end=\"439\">El <strong data-start=\"168\" data-end=\"224\">Bote con Tapa Balanc\u00edn Plus Chico Negro de 11 litros<\/strong> es la soluci\u00f3n ideal para espacios reducidos que requieren practicidad y limpieza. Su tama\u00f1o compacto lo hace perfecto para <strong data-start=\"349\" data-end=\"385\">ba\u00f1o, cocina, rec\u00e1mara u oficina<\/strong>, adapt\u00e1ndose f\u00e1cilmente a cualquier rinc\u00f3n del hogar.<\/p>\n<p data-start=\"441\" data-end=\"686\">Est\u00e1 fabricado con <strong data-start=\"460\" data-end=\"495\">pl\u00e1stico de la m\u00e1s alta calidad<\/strong>, lo que garantiza <strong data-start=\"514\" data-end=\"543\">resistencia y durabilidad<\/strong> para el uso diario. Su <strong data-start=\"567\" data-end=\"584\">tapa balanc\u00edn<\/strong> permite desechar residuos de forma c\u00f3moda e higi\u00e9nica, ayudando a mantener el \u00e1rea limpia y ordenada.<\/p>\n<p data-start=\"688\" data-end=\"850\">Gracias a su <strong data-start=\"701\" data-end=\"734\">dise\u00f1o ergon\u00f3mico y funcional<\/strong>, es f\u00e1cil de usar y mover. Un producto <strong data-start=\"774\" data-end=\"791\">100% mexicano<\/strong>, con la calidad y confianza que distinguen a <strong data-start=\"837\" data-end=\"849\">Torosqui<\/strong>.<\/p>\n<hr data-start=\"852\" data-end=\"855\" \/>\n<p data-start=\"857\" data-end=\"888\"><strong data-start=\"857\" data-end=\"888\">CARACTER\u00cdSTICAS PRINCIPALES<\/strong><\/p>\n<ul data-start=\"889\" data-end=\"1202\" data-is-last-node=\"\" data-is-only-node=\"\">\n<li data-start=\"889\" data-end=\"931\">\n<p data-start=\"891\" data-end=\"931\">\u2705 <strong data-start=\"893\" data-end=\"931\">Capacidad: 11 litros \/ 2.9 galones<\/strong><\/p>\n<\/li>\n<li data-start=\"932\" data-end=\"983\">\n<p data-start=\"934\" data-end=\"983\">\u2705 <strong data-start=\"936\" data-end=\"983\">Tapa balanc\u00edn para uso pr\u00e1ctico e higi\u00e9nico<\/strong><\/p>\n<\/li>\n<li data-start=\"984\" data-end=\"1033\">\n<p data-start=\"986\" data-end=\"1033\">\u2705 Ideal para <strong data-start=\"999\" data-end=\"1033\">ba\u00f1o, cocina, cuarto u oficina<\/strong><\/p>\n<\/li>\n<li data-start=\"1034\" data-end=\"1072\">\n<p data-start=\"1036\" data-end=\"1072\">\u2705 <strong data-start=\"1038\" data-end=\"1072\">Pl\u00e1stico resistente y duradero<\/strong><\/p>\n<\/li>\n<li data-start=\"1073\" data-end=\"1109\">\n<p data-start=\"1075\" data-end=\"1109\">\u2705 Dise\u00f1o <strong data-start=\"1084\" data-end=\"1109\">compacto y ergon\u00f3mico<\/strong><\/p>\n<\/li>\n<li data-start=\"1110\" data-end=\"1152\">\n<p data-start=\"1112\" data-end=\"1152\">\u2705 Color <strong data-start=\"1120\" data-end=\"1129\">negro<\/strong>, discreto y combinable<\/p>\n<\/li>\n<li data-start=\"1153\" data-end=\"1202\" data-is-last-node=\"\">\n<p data-start=\"1155\" data-end=\"1202\" data-is-last-node=\"\">\u2705 <strong data-start=\"1157\" data-end=\"1202\" data-is-last-node=\"\">Producto 100% mexicano \u2013 calidad Torosqui<\/strong><\/p>\n<\/li>\n<\/ul>","protected":false},"featured_media":5153,"template":"","meta":[],"product_cat":[251,241],"product_tag":[],"class_list":{"0":"post-5145","1":"product","2":"type-product","3":"status-publish","4":"has-post-thumbnail","6":"product_cat-limpieza","7":"product_cat-mas-vendidos","9":"first","10":"instock","11":"taxable","12":"shipping-taxable","13":"purchasable","14":"product-type-variable","15":"rtwpvs-product"},"_links":{"self":[{"href":"https:\/\/torosqui.com\/en\/wp-json\/wp\/v2\/product\/5145","targetHints":{"allow":["GET"]}}],"collection":[{"href":"https:\/\/torosqui.com\/en\/wp-json\/wp\/v2\/product"}],"about":[{"href":"https:\/\/torosqui.com\/en\/wp-json\/wp\/v2\/types\/product"}],"version-history":[{"count":4,"href":"https:\/\/torosqui.com\/en\/wp-json\/wp\/v2\/product\/5145\/revisions"}],"predecessor-version":[{"id":6544,"href":"https:\/\/torosqui.com\/en\/wp-json\/wp\/v2\/product\/5145\/revisions\/6544"}],"wp:featuredmedia":[{"embeddable":true,"href":"https:\/\/torosqui.com\/en\/wp-json\/wp\/v2\/media\/5153"}],"wp:attachment":[{"href":"https:\/\/torosqui.com\/en\/wp-json\/wp\/v2\/media?parent=5145"}],"wp:term":[{"taxonomy":"product_cat","embeddable":true,"href":"https:\/\/torosqui.com\/en\/wp-json\/wp\/v2\/product_cat?post=5145"},{"taxonomy":"product_tag","embeddable":true,"href":"https:\/\/torosqui.com\/en\/wp-json\/wp\/v2\/product_tag?post=5145"}],"curies":[{"name":"wp","href":"https:\/\/api.w.org\/{rel}","templated":true}]}}