{"id":5134,"date":"2025-01-16T13:40:18","date_gmt":"2025-01-16T19:40:18","guid":{"rendered":"https:\/\/torosqui.com.mx\/?post_type=product&#038;p=5134"},"modified":"2026-03-12T13:23:24","modified_gmt":"2026-03-12T19:23:24","slug":"bote-industrial-3-5-lt","status":"publish","type":"product","link":"https:\/\/torosqui.com\/en\/tienda\/bote-industrial-3-5-lt\/","title":{"rendered":"Bote Industrial Multiusos con Tapa 3.5 Litros, Resistente y Antifugas | Torosqui"},"content":{"rendered":"","protected":false},"excerpt":{"rendered":"<p data-start=\"152\" data-end=\"464\">El <strong data-start=\"155\" data-end=\"197\">Bote Industrial de 3.5 litros Torosqui<\/strong> es un recipiente <strong data-start=\"215\" data-end=\"228\">multiusos<\/strong>, resistente y pr\u00e1ctico, ideal para tareas del hogar, industria ligera, limpieza o transporte de l\u00edquidos y materiales diversos. Est\u00e1 fabricado con <strong data-start=\"376\" data-end=\"404\">pl\u00e1stico de alta calidad<\/strong>, dise\u00f1ado para ofrecer <strong data-start=\"428\" data-end=\"463\">larga duraci\u00f3n y alto desempe\u00f1o<\/strong>.<\/p>\n<p data-start=\"466\" data-end=\"717\">Cuenta con una <strong data-start=\"481\" data-end=\"514\">asa de metal ultra resistente<\/strong> y un <strong data-start=\"520\" data-end=\"549\">mango pl\u00e1stico ergon\u00f3mico<\/strong>, lo que facilita su transporte de forma c\u00f3moda y segura. Adem\u00e1s, incorpora una <strong data-start=\"629\" data-end=\"647\">tapa antifugas<\/strong>, que protege el contenido y evita derrames durante su uso o traslado.<\/p>\n<p data-start=\"719\" data-end=\"891\">Su tama\u00f1o compacto y funcional lo convierte en una excelente opci\u00f3n para m\u00faltiples aplicaciones, manteniendo siempre la calidad y confianza que caracterizan a <strong data-start=\"878\" data-end=\"890\">Torosqui<\/strong>.<\/p>\n<hr data-start=\"893\" data-end=\"896\" \/>\n<p data-start=\"898\" data-end=\"929\"><strong data-start=\"898\" data-end=\"929\">CARACTER\u00cdSTICAS PRINCIPALES<\/strong><\/p>\n<ul data-start=\"930\" data-end=\"1261\" data-is-last-node=\"\" data-is-only-node=\"\">\n<li data-start=\"930\" data-end=\"968\">\n<p data-start=\"932\" data-end=\"968\">\u2705 <strong data-start=\"934\" data-end=\"968\">Capacidad: 3.5 litros \/ 118 oz<\/strong><\/p>\n<\/li>\n<li data-start=\"969\" data-end=\"1000\">\n<p data-start=\"971\" data-end=\"1000\">\u2705 <strong data-start=\"973\" data-end=\"1000\">Bote multiusos con tapa<\/strong><\/p>\n<\/li>\n<li data-start=\"1001\" data-end=\"1044\">\n<p data-start=\"1003\" data-end=\"1044\">\u2705 <strong data-start=\"1005\" data-end=\"1044\">Tapa antifugas para mayor seguridad<\/strong><\/p>\n<\/li>\n<li data-start=\"1045\" data-end=\"1076\">\n<p data-start=\"1047\" data-end=\"1076\">\u2705 <strong data-start=\"1049\" data-end=\"1076\">Asa de metal resistente<\/strong><\/p>\n<\/li>\n<li data-start=\"1077\" data-end=\"1110\">\n<p data-start=\"1079\" data-end=\"1110\">\u2705 Mango pl\u00e1stico <strong data-start=\"1096\" data-end=\"1110\">ergon\u00f3mico<\/strong><\/p>\n<\/li>\n<li data-start=\"1111\" data-end=\"1157\">\n<p data-start=\"1113\" data-end=\"1157\">\u2705 Fabricado con <strong data-start=\"1129\" data-end=\"1157\">pl\u00e1stico de alta calidad<\/strong><\/p>\n<\/li>\n<li data-start=\"1158\" data-end=\"1211\">\n<p data-start=\"1160\" data-end=\"1211\">\u2705 Ideal para <strong data-start=\"1173\" data-end=\"1211\">hogar, limpieza e industria ligera<\/strong><\/p>\n<\/li>\n<li data-start=\"1212\" data-end=\"1261\" data-is-last-node=\"\">\n<p data-start=\"1214\" data-end=\"1261\" data-is-last-node=\"\">\u2705 <strong data-start=\"1216\" data-end=\"1261\" data-is-last-node=\"\">Producto 100% mexicano \u2013 calidad Torosqui<\/strong><\/p>\n<\/li>\n<\/ul>","protected":false},"featured_media":5136,"template":"","meta":[],"product_cat":[251],"product_tag":[],"class_list":{"0":"post-5134","1":"product","2":"type-product","3":"status-publish","4":"has-post-thumbnail","6":"product_cat-limpieza","8":"first","9":"instock","10":"taxable","11":"shipping-taxable","12":"purchasable","13":"product-type-simple"},"_links":{"self":[{"href":"https:\/\/torosqui.com\/en\/wp-json\/wp\/v2\/product\/5134","targetHints":{"allow":["GET"]}}],"collection":[{"href":"https:\/\/torosqui.com\/en\/wp-json\/wp\/v2\/product"}],"about":[{"href":"https:\/\/torosqui.com\/en\/wp-json\/wp\/v2\/types\/product"}],"version-history":[{"count":4,"href":"https:\/\/torosqui.com\/en\/wp-json\/wp\/v2\/product\/5134\/revisions"}],"predecessor-version":[{"id":6548,"href":"https:\/\/torosqui.com\/en\/wp-json\/wp\/v2\/product\/5134\/revisions\/6548"}],"wp:featuredmedia":[{"embeddable":true,"href":"https:\/\/torosqui.com\/en\/wp-json\/wp\/v2\/media\/5136"}],"wp:attachment":[{"href":"https:\/\/torosqui.com\/en\/wp-json\/wp\/v2\/media?parent=5134"}],"wp:term":[{"taxonomy":"product_cat","embeddable":true,"href":"https:\/\/torosqui.com\/en\/wp-json\/wp\/v2\/product_cat?post=5134"},{"taxonomy":"product_tag","embeddable":true,"href":"https:\/\/torosqui.com\/en\/wp-json\/wp\/v2\/product_tag?post=5134"}],"curies":[{"name":"wp","href":"https:\/\/api.w.org\/{rel}","templated":true}]}}