{"id":5118,"date":"2025-01-16T13:34:59","date_gmt":"2025-01-16T19:34:59","guid":{"rendered":"https:\/\/torosqui.com.mx\/?post_type=product&#038;p=5118"},"modified":"2026-03-19T13:49:58","modified_gmt":"2026-03-19T19:49:58","slug":"cubeta-con-exprimidor-360-14-lt","status":"publish","type":"product","link":"https:\/\/torosqui.com\/en\/tienda\/cubeta-con-exprimidor-360-14-lt\/","title":{"rendered":"Cubeta con Exprimidor 360\u00b0 de 14 Litros, Limpieza Pr\u00e1ctica y Eficiente | Torosqui"},"content":{"rendered":"","protected":false},"excerpt":{"rendered":"<p data-start=\"153\" data-end=\"429\">La <strong data-start=\"156\" data-end=\"208\">Cubeta con Exprimidor 360\u00b0 Torosqui de 14 litros<\/strong> est\u00e1 dise\u00f1ada para hacer la limpieza del hogar <strong data-start=\"256\" data-end=\"289\">m\u00e1s f\u00e1cil, c\u00f3moda y eficiente<\/strong>. Su sistema de <strong data-start=\"305\" data-end=\"324\">exprimidor 360\u00b0<\/strong> permite escurrir el trapeador de forma pr\u00e1ctica, reduciendo el esfuerzo y mejorando el control del agua.<\/p>\n<p data-start=\"431\" data-end=\"708\">Cuenta con un <strong data-start=\"445\" data-end=\"468\">vertedero integrado<\/strong> que facilita el vaciado sin derrames y un <strong data-start=\"511\" data-end=\"532\">agarre ergon\u00f3mico<\/strong>, lo que la hace c\u00f3moda de transportar y manejar durante la limpieza. Fabricada con <strong data-start=\"616\" data-end=\"650\">pl\u00e1stico resistente y duradero<\/strong>, es ideal para uso diario en el hogar, oficina o negocio.<\/p>\n<p data-start=\"710\" data-end=\"827\">Su capacidad amplia la convierte en una aliada perfecta para realizar tareas de limpieza de manera r\u00e1pida y efectiva.<\/p>\n<hr data-start=\"829\" data-end=\"832\" \/>\n<p data-start=\"834\" data-end=\"865\"><strong data-start=\"834\" data-end=\"865\">CARACTER\u00cdSTICAS PRINCIPALES<\/strong><\/p>\n<ul data-start=\"866\" data-end=\"1183\" data-is-last-node=\"\" data-is-only-node=\"\">\n<li data-start=\"866\" data-end=\"908\">\n<p data-start=\"868\" data-end=\"908\">\u2705 <strong data-start=\"870\" data-end=\"908\">Capacidad: 14 litros \/ 3.7 galones<\/strong><\/p>\n<\/li>\n<li data-start=\"909\" data-end=\"954\">\n<p data-start=\"911\" data-end=\"954\">\u2705 <strong data-start=\"913\" data-end=\"932\">Exprimidor 360\u00b0<\/strong> para mayor eficiencia<\/p>\n<\/li>\n<li data-start=\"955\" data-end=\"1001\">\n<p data-start=\"957\" data-end=\"1001\">\u2705 <strong data-start=\"959\" data-end=\"982\">Vertedero integrado<\/strong> para vaciado f\u00e1cil<\/p>\n<\/li>\n<li data-start=\"1002\" data-end=\"1034\">\n<p data-start=\"1004\" data-end=\"1034\">\u2705 Agarre <strong data-start=\"1013\" data-end=\"1034\">pr\u00e1ctico y c\u00f3modo<\/strong><\/p>\n<\/li>\n<li data-start=\"1035\" data-end=\"1076\">\n<p data-start=\"1037\" data-end=\"1076\">\u2705 Fabricada con <strong data-start=\"1053\" data-end=\"1076\">pl\u00e1stico resistente<\/strong><\/p>\n<\/li>\n<li data-start=\"1077\" data-end=\"1133\">\n<p data-start=\"1079\" data-end=\"1133\">\u2705 Ideal para limpieza de <strong data-start=\"1104\" data-end=\"1133\">hogar, oficina o comercio<\/strong><\/p>\n<\/li>\n<li data-start=\"1134\" data-end=\"1183\" data-is-last-node=\"\">\n<p data-start=\"1136\" data-end=\"1183\" data-is-last-node=\"\">\u2705 <strong data-start=\"1138\" data-end=\"1183\" data-is-last-node=\"\">Producto 100% mexicano \u2013 calidad Torosqui<\/strong><\/p>\n<\/li>\n<\/ul>","protected":false},"featured_media":5125,"template":"","meta":[],"product_cat":[251,240],"product_tag":[],"class_list":{"0":"post-5118","1":"product","2":"type-product","3":"status-publish","4":"has-post-thumbnail","6":"product_cat-limpieza","7":"product_cat-nuevos-ingresos","9":"first","10":"instock","11":"taxable","12":"shipping-taxable","13":"purchasable","14":"product-type-variable","15":"rtwpvs-product"},"_links":{"self":[{"href":"https:\/\/torosqui.com\/en\/wp-json\/wp\/v2\/product\/5118","targetHints":{"allow":["GET"]}}],"collection":[{"href":"https:\/\/torosqui.com\/en\/wp-json\/wp\/v2\/product"}],"about":[{"href":"https:\/\/torosqui.com\/en\/wp-json\/wp\/v2\/types\/product"}],"version-history":[{"count":4,"href":"https:\/\/torosqui.com\/en\/wp-json\/wp\/v2\/product\/5118\/revisions"}],"predecessor-version":[{"id":6862,"href":"https:\/\/torosqui.com\/en\/wp-json\/wp\/v2\/product\/5118\/revisions\/6862"}],"wp:featuredmedia":[{"embeddable":true,"href":"https:\/\/torosqui.com\/en\/wp-json\/wp\/v2\/media\/5125"}],"wp:attachment":[{"href":"https:\/\/torosqui.com\/en\/wp-json\/wp\/v2\/media?parent=5118"}],"wp:term":[{"taxonomy":"product_cat","embeddable":true,"href":"https:\/\/torosqui.com\/en\/wp-json\/wp\/v2\/product_cat?post=5118"},{"taxonomy":"product_tag","embeddable":true,"href":"https:\/\/torosqui.com\/en\/wp-json\/wp\/v2\/product_tag?post=5118"}],"curies":[{"name":"wp","href":"https:\/\/api.w.org\/{rel}","templated":true}]}}