{"id":5117,"date":"2025-01-16T13:59:00","date_gmt":"2025-01-16T19:59:00","guid":{"rendered":"https:\/\/torosqui.com.mx\/?post_type=product&#038;p=5117"},"modified":"2026-03-31T10:59:43","modified_gmt":"2026-03-31T16:59:43","slug":"bote-con-tapa-balancin-plus-mediano-23-lt","status":"publish","type":"product","link":"https:\/\/torosqui.com\/en\/tienda\/bote-con-tapa-balancin-plus-mediano-23-lt\/","title":{"rendered":"Bote de Basura con Tapa Balanc\u00ed\u00adn Mediano 23 Litros, Pl\u00e1stico Resistente | Torosqui"},"content":{"rendered":"","protected":false},"excerpt":{"rendered":"<p data-start=\"168\" data-end=\"461\">El <strong data-start=\"171\" data-end=\"229\">Bote con Tapa Balanc\u00edn Plus Mediano de 23 litros<\/strong> es una opci\u00f3n pr\u00e1ctica y funcional para mantener el orden y la limpieza en cualquier espacio del hogar. Su dise\u00f1o vers\u00e1til se adapta perfectamente a <strong data-start=\"379\" data-end=\"413\">ba\u00f1o, cocina, cuarto u oficina<\/strong>, brindando comodidad y una apariencia discreta.<\/p>\n<p data-start=\"463\" data-end=\"706\">Fabricado con <strong data-start=\"477\" data-end=\"512\">pl\u00e1stico de la m\u00e1s alta calidad<\/strong>, es <strong data-start=\"517\" data-end=\"542\">resistente y duradero<\/strong>, ideal para el uso diario. Su <strong data-start=\"573\" data-end=\"590\">tapa balanc\u00edn<\/strong> facilita el dep\u00f3sito de residuos de forma r\u00e1pida e higi\u00e9nica, ayudando a contener olores y mantener el \u00e1rea limpia.<\/p>\n<p data-start=\"708\" data-end=\"909\">Gracias a su <strong data-start=\"721\" data-end=\"741\">forma ergon\u00f3mica<\/strong>, es f\u00e1cil de usar y mover, convirti\u00e9ndose en un aliado confiable para el hogar. Un producto <strong data-start=\"834\" data-end=\"851\">100% mexicano<\/strong>, respaldado por la calidad y experiencia de <strong data-start=\"896\" data-end=\"908\">Torosqui<\/strong>.<\/p>\n<hr data-start=\"911\" data-end=\"914\" \/>\n<p data-start=\"916\" data-end=\"947\"><strong data-start=\"916\" data-end=\"947\">CARACTER\u00cdSTICAS PRINCIPALES<\/strong><\/p>\n<ul data-start=\"948\" data-end=\"1256\" data-is-last-node=\"\" data-is-only-node=\"\">\n<li data-start=\"948\" data-end=\"988\">\n<p data-start=\"950\" data-end=\"988\">\u2705 <strong data-start=\"952\" data-end=\"988\">Capacidad: 23 litros \/ 6 galones<\/strong><\/p>\n<\/li>\n<li data-start=\"989\" data-end=\"1040\">\n<p data-start=\"991\" data-end=\"1040\">\u2705 <strong data-start=\"993\" data-end=\"1040\">Tapa balanc\u00edn para uso pr\u00e1ctico e higi\u00e9nico<\/strong><\/p>\n<\/li>\n<li data-start=\"1041\" data-end=\"1090\">\n<p data-start=\"1043\" data-end=\"1090\">\u2705 Ideal para <strong data-start=\"1056\" data-end=\"1090\">ba\u00f1o, cocina, cuarto u oficina<\/strong><\/p>\n<\/li>\n<li data-start=\"1091\" data-end=\"1129\">\n<p data-start=\"1093\" data-end=\"1129\">\u2705 <strong data-start=\"1095\" data-end=\"1129\">Pl\u00e1stico resistente y duradero<\/strong><\/p>\n<\/li>\n<li data-start=\"1130\" data-end=\"1167\">\n<p data-start=\"1132\" data-end=\"1167\">\u2705 Dise\u00f1o <strong data-start=\"1141\" data-end=\"1167\">ergon\u00f3mico y funcional<\/strong><\/p>\n<\/li>\n<li data-start=\"1207\" data-end=\"1256\" data-is-last-node=\"\">\n<p data-start=\"1209\" data-end=\"1256\" data-is-last-node=\"\">\u2705 <strong data-start=\"1211\" data-end=\"1256\" data-is-last-node=\"\">Producto 100% mexicano \u2013 calidad Torosqui<\/strong><\/p>\n<\/li>\n<\/ul>","protected":false},"featured_media":5167,"template":"","meta":[],"product_cat":[251,243],"product_tag":[],"class_list":{"0":"post-5117","1":"product","2":"type-product","3":"status-publish","4":"has-post-thumbnail","6":"product_cat-limpieza","7":"product_cat-destacados","9":"first","10":"instock","11":"taxable","12":"shipping-taxable","13":"purchasable","14":"product-type-variable","15":"rtwpvs-product"},"_links":{"self":[{"href":"https:\/\/torosqui.com\/en\/wp-json\/wp\/v2\/product\/5117","targetHints":{"allow":["GET"]}}],"collection":[{"href":"https:\/\/torosqui.com\/en\/wp-json\/wp\/v2\/product"}],"about":[{"href":"https:\/\/torosqui.com\/en\/wp-json\/wp\/v2\/types\/product"}],"version-history":[{"count":4,"href":"https:\/\/torosqui.com\/en\/wp-json\/wp\/v2\/product\/5117\/revisions"}],"predecessor-version":[{"id":6865,"href":"https:\/\/torosqui.com\/en\/wp-json\/wp\/v2\/product\/5117\/revisions\/6865"}],"wp:featuredmedia":[{"embeddable":true,"href":"https:\/\/torosqui.com\/en\/wp-json\/wp\/v2\/media\/5167"}],"wp:attachment":[{"href":"https:\/\/torosqui.com\/en\/wp-json\/wp\/v2\/media?parent=5117"}],"wp:term":[{"taxonomy":"product_cat","embeddable":true,"href":"https:\/\/torosqui.com\/en\/wp-json\/wp\/v2\/product_cat?post=5117"},{"taxonomy":"product_tag","embeddable":true,"href":"https:\/\/torosqui.com\/en\/wp-json\/wp\/v2\/product_tag?post=5117"}],"curies":[{"name":"wp","href":"https:\/\/api.w.org\/{rel}","templated":true}]}}