{"id":5056,"date":"2025-01-15T12:02:30","date_gmt":"2025-01-15T18:02:30","guid":{"rendered":"https:\/\/torosqui.com.mx\/?post_type=product&#038;p=5056"},"modified":"2026-03-12T13:45:15","modified_gmt":"2026-03-12T19:45:15","slug":"plato-taquero","status":"publish","type":"product","link":"https:\/\/torosqui.com\/en\/tienda\/plato-taquero\/","title":{"rendered":"Plato Taquero de Pl\u00e1stico Reutilizable para Fiestas y Reuniones, Libre de BPA | Torosqui"},"content":{"rendered":"","protected":false},"excerpt":{"rendered":"<p data-start=\"160\" data-end=\"409\">El <strong data-start=\"163\" data-end=\"189\">Plato Taquero Torosqui<\/strong> es la opci\u00f3n ideal para servir tacos, antojitos y platillos en <strong data-start=\"253\" data-end=\"296\">fiestas, reuniones familiares o eventos<\/strong>. Fabricado con <strong data-start=\"312\" data-end=\"353\">pl\u00e1stico resistente y de alta calidad<\/strong>, est\u00e1 dise\u00f1ado para un uso pr\u00e1ctico, seguro y duradero.<\/p>\n<p data-start=\"411\" data-end=\"675\">Es <strong data-start=\"414\" data-end=\"430\">libre de BPA<\/strong>, por lo que es seguro para el contacto con alimentos, adem\u00e1s de ser <strong data-start=\"499\" data-end=\"538\">apto para lavavajillas y microondas<\/strong>, facilitando su limpieza y reutilizaci\u00f3n. Su dise\u00f1o funcional lo hace perfecto tanto para el uso diario en casa como para celebraciones.<\/p>\n<p data-start=\"677\" data-end=\"817\">Un producto <strong data-start=\"689\" data-end=\"706\">100% mexicano<\/strong>, pensado para quienes buscan <strong data-start=\"736\" data-end=\"779\">pl\u00e1sticos para el hogar de alta calidad<\/strong> con el respaldo de la marca Torosqui.<\/p>\n<hr data-start=\"819\" data-end=\"822\" \/>\n<p data-start=\"824\" data-end=\"855\"><strong data-start=\"824\" data-end=\"855\">CARACTER\u00cdSTICAS PRINCIPALES<\/strong><\/p>\n<ul data-start=\"856\" data-end=\"1157\" data-is-last-node=\"\" data-is-only-node=\"\">\n<li data-start=\"856\" data-end=\"900\">\n<p data-start=\"858\" data-end=\"900\">\u2705 Plato taquero de <strong data-start=\"877\" data-end=\"900\">pl\u00e1stico resistente<\/strong><\/p>\n<\/li>\n<li data-start=\"901\" data-end=\"946\">\n<p data-start=\"903\" data-end=\"946\">\u2705 Ideal para <strong data-start=\"916\" data-end=\"946\">tacos, antojitos y botanas<\/strong><\/p>\n<\/li>\n<li data-start=\"947\" data-end=\"967\">\n<p data-start=\"949\" data-end=\"967\">\u2705 <strong data-start=\"951\" data-end=\"967\">Libre de BPA<\/strong><\/p>\n<\/li>\n<li data-start=\"968\" data-end=\"1011\">\n<p data-start=\"970\" data-end=\"1011\">\u2705 <strong data-start=\"972\" data-end=\"1011\">Apto para lavavajillas y microondas<\/strong><\/p>\n<\/li>\n<li data-start=\"1012\" data-end=\"1047\">\n<p data-start=\"1014\" data-end=\"1047\">\u2705 Reutilizable y f\u00e1cil de limpiar<\/p>\n<\/li>\n<li data-start=\"1048\" data-end=\"1101\">\n<p data-start=\"1050\" data-end=\"1101\">\u2705 Perfecto para <strong data-start=\"1066\" data-end=\"1101\">fiestas, reuniones y uso diario<\/strong><\/p>\n<\/li>\n<li data-start=\"1102\" data-end=\"1157\" data-is-last-node=\"\">\n<p data-start=\"1104\" data-end=\"1157\" data-is-last-node=\"\">\u2705 <strong data-start=\"1106\" data-end=\"1157\" data-is-last-node=\"\">Marca mexicana Torosqui \u2013 calidad y durabilidad<\/strong><\/p>\n<\/li>\n<\/ul>","protected":false},"featured_media":5062,"template":"","meta":[],"product_cat":[249,242,243],"product_tag":[],"class_list":{"0":"post-5056","1":"product","2":"type-product","3":"status-publish","4":"has-post-thumbnail","6":"product_cat-mesa","7":"product_cat-ofertas","8":"product_cat-destacados","10":"first","11":"instock","12":"taxable","13":"shipping-taxable","14":"purchasable","15":"product-type-variable","16":"rtwpvs-product"},"_links":{"self":[{"href":"https:\/\/torosqui.com\/en\/wp-json\/wp\/v2\/product\/5056","targetHints":{"allow":["GET"]}}],"collection":[{"href":"https:\/\/torosqui.com\/en\/wp-json\/wp\/v2\/product"}],"about":[{"href":"https:\/\/torosqui.com\/en\/wp-json\/wp\/v2\/types\/product"}],"version-history":[{"count":3,"href":"https:\/\/torosqui.com\/en\/wp-json\/wp\/v2\/product\/5056\/revisions"}],"predecessor-version":[{"id":6551,"href":"https:\/\/torosqui.com\/en\/wp-json\/wp\/v2\/product\/5056\/revisions\/6551"}],"wp:featuredmedia":[{"embeddable":true,"href":"https:\/\/torosqui.com\/en\/wp-json\/wp\/v2\/media\/5062"}],"wp:attachment":[{"href":"https:\/\/torosqui.com\/en\/wp-json\/wp\/v2\/media?parent=5056"}],"wp:term":[{"taxonomy":"product_cat","embeddable":true,"href":"https:\/\/torosqui.com\/en\/wp-json\/wp\/v2\/product_cat?post=5056"},{"taxonomy":"product_tag","embeddable":true,"href":"https:\/\/torosqui.com\/en\/wp-json\/wp\/v2\/product_tag?post=5056"}],"curies":[{"name":"wp","href":"https:\/\/api.w.org\/{rel}","templated":true}]}}