{"id":5024,"date":"2025-01-15T11:46:41","date_gmt":"2025-01-15T17:46:41","guid":{"rendered":"https:\/\/torosqui.com.mx\/?post_type=product&#038;p=5024"},"modified":"2026-03-12T13:55:43","modified_gmt":"2026-03-12T19:55:43","slug":"tazoncito-9-oz-260-ml","status":"publish","type":"product","link":"https:\/\/torosqui.com\/en\/tienda\/tazoncito-9-oz-260-ml\/","title":{"rendered":"Tazoncito de Pl\u00e1stico 260 ml (9 Oz) para Postres y Salsas, Libre de BPA | Torosqui"},"content":{"rendered":"","protected":false},"excerpt":{"rendered":"<p data-start=\"154\" data-end=\"416\">El <strong data-start=\"157\" data-end=\"196\">Tazoncito Torosqui de 260 ml (9 Oz)<\/strong> es perfecto para servir <strong data-start=\"221\" data-end=\"270\">postres, salsas, botanas o porciones peque\u00f1as<\/strong> en fiestas, reuniones o en el uso diario. Est\u00e1 fabricado con <strong data-start=\"332\" data-end=\"373\">pl\u00e1stico resistente y de alta calidad<\/strong>, ideal para un manejo pr\u00e1ctico y duradero.<\/p>\n<p data-start=\"418\" data-end=\"636\">Es <strong data-start=\"421\" data-end=\"437\">libre de BPA<\/strong>, seguro para alimentos, y <strong data-start=\"464\" data-end=\"503\">apto para lavavajillas y microondas<\/strong>, lo que facilita su limpieza y reutilizaci\u00f3n. Su tama\u00f1o compacto lo convierte en un b\u00e1sico funcional para cualquier cocina o evento.<\/p>\n<p data-start=\"638\" data-end=\"756\">Producto <strong data-start=\"647\" data-end=\"664\">100% mexicano<\/strong>, dise\u00f1ado con la calidad que distingue a <strong data-start=\"706\" data-end=\"718\">Torosqui<\/strong>, expertos en pl\u00e1sticos para el hogar.<\/p>\n<hr data-start=\"758\" data-end=\"761\" \/>\n<p data-start=\"763\" data-end=\"794\"><strong data-start=\"763\" data-end=\"794\">CARACTER\u00cdSTICAS PRINCIPALES<\/strong><\/p>\n<ul data-start=\"795\" data-end=\"1124\" data-is-last-node=\"\" data-is-only-node=\"\">\n<li data-start=\"795\" data-end=\"835\">\n<p data-start=\"797\" data-end=\"835\">\u2705 Tazoncito de <strong data-start=\"812\" data-end=\"835\">pl\u00e1stico resistente<\/strong><\/p>\n<\/li>\n<li data-start=\"836\" data-end=\"880\">\n<p data-start=\"838\" data-end=\"880\">\u2705 Ideal para <strong data-start=\"851\" data-end=\"880\">postres, salsas y botanas<\/strong><\/p>\n<\/li>\n<li data-start=\"881\" data-end=\"913\">\n<p data-start=\"883\" data-end=\"913\">\u2705 <strong data-start=\"885\" data-end=\"913\">Capacidad: 260 ml \/ 9 Oz<\/strong><\/p>\n<\/li>\n<li data-start=\"914\" data-end=\"934\">\n<p data-start=\"916\" data-end=\"934\">\u2705 <strong data-start=\"918\" data-end=\"934\">Libre de BPA<\/strong><\/p>\n<\/li>\n<li data-start=\"935\" data-end=\"978\">\n<p data-start=\"937\" data-end=\"978\">\u2705 <strong data-start=\"939\" data-end=\"978\">Apto para lavavajillas y microondas<\/strong><\/p>\n<\/li>\n<li data-start=\"979\" data-end=\"1014\">\n<p data-start=\"981\" data-end=\"1014\">\u2705 Reutilizable y f\u00e1cil de limpiar<\/p>\n<\/li>\n<li data-start=\"1015\" data-end=\"1068\">\n<p data-start=\"1017\" data-end=\"1068\">\u2705 Perfecto para <strong data-start=\"1033\" data-end=\"1068\">fiestas, reuniones y uso diario<\/strong><\/p>\n<\/li>\n<li data-start=\"1069\" data-end=\"1124\" data-is-last-node=\"\">\n<p data-start=\"1071\" data-end=\"1124\" data-is-last-node=\"\">\u2705 <strong data-start=\"1073\" data-end=\"1124\" data-is-last-node=\"\">Marca mexicana Torosqui \u2013 calidad y durabilidad<\/strong><\/p>\n<\/li>\n<\/ul>","protected":false},"featured_media":5029,"template":"","meta":[],"product_cat":[249,243],"product_tag":[],"class_list":{"0":"post-5024","1":"product","2":"type-product","3":"status-publish","4":"has-post-thumbnail","6":"product_cat-mesa","7":"product_cat-destacados","9":"first","10":"instock","11":"taxable","12":"shipping-taxable","13":"purchasable","14":"product-type-variable","15":"rtwpvs-product"},"_links":{"self":[{"href":"https:\/\/torosqui.com\/en\/wp-json\/wp\/v2\/product\/5024","targetHints":{"allow":["GET"]}}],"collection":[{"href":"https:\/\/torosqui.com\/en\/wp-json\/wp\/v2\/product"}],"about":[{"href":"https:\/\/torosqui.com\/en\/wp-json\/wp\/v2\/types\/product"}],"version-history":[{"count":4,"href":"https:\/\/torosqui.com\/en\/wp-json\/wp\/v2\/product\/5024\/revisions"}],"predecessor-version":[{"id":6553,"href":"https:\/\/torosqui.com\/en\/wp-json\/wp\/v2\/product\/5024\/revisions\/6553"}],"wp:featuredmedia":[{"embeddable":true,"href":"https:\/\/torosqui.com\/en\/wp-json\/wp\/v2\/media\/5029"}],"wp:attachment":[{"href":"https:\/\/torosqui.com\/en\/wp-json\/wp\/v2\/media?parent=5024"}],"wp:term":[{"taxonomy":"product_cat","embeddable":true,"href":"https:\/\/torosqui.com\/en\/wp-json\/wp\/v2\/product_cat?post=5024"},{"taxonomy":"product_tag","embeddable":true,"href":"https:\/\/torosqui.com\/en\/wp-json\/wp\/v2\/product_tag?post=5024"}],"curies":[{"name":"wp","href":"https:\/\/api.w.org\/{rel}","templated":true}]}}