{"id":5005,"date":"2025-01-15T11:38:46","date_gmt":"2025-01-15T17:38:46","guid":{"rendered":"https:\/\/torosqui.com.mx\/?post_type=product&#038;p=5005"},"modified":"2026-03-12T14:05:47","modified_gmt":"2026-03-12T20:05:47","slug":"plato-hondo-plus-16-oz-470-ml","status":"publish","type":"product","link":"https:\/\/torosqui.com\/en\/tienda\/plato-hondo-plus-16-oz-470-ml\/","title":{"rendered":"Plato Hondo Plus de Pl\u00e1stico 470 ml (16 Oz) para Sopas y Ensaladas, Libre de BPA | Torosqui"},"content":{"rendered":"","protected":false},"excerpt":{"rendered":"<p data-start=\"163\" data-end=\"460\">El <strong data-start=\"166\" data-end=\"213\">Plato Hondo Plus Torosqui de 470 ml (16 Oz)<\/strong> es ideal para servir <strong data-start=\"235\" data-end=\"286\">sopas, caldos, ensaladas y platillos abundantes<\/strong> en el hogar, fiestas o reuniones. Su dise\u00f1o Plus ofrece mayor capacidad y comodidad, fabricado con <strong data-start=\"386\" data-end=\"427\">pl\u00e1stico resistente y de alta calidad<\/strong> para un uso diario y prolongado.<\/p>\n<p data-start=\"462\" data-end=\"682\">Es <strong data-start=\"465\" data-end=\"481\">libre de BPA<\/strong>, seguro para el contacto con alimentos, y <strong data-start=\"524\" data-end=\"563\">apto para lavavajillas y microondas<\/strong>, facilitando su limpieza y reutilizaci\u00f3n. Su forma pr\u00e1ctica lo convierte en un b\u00e1sico funcional para cualquier cocina.<\/p>\n<p data-start=\"684\" data-end=\"820\">Producto <strong data-start=\"693\" data-end=\"710\">100% mexicano<\/strong>, creado con la calidad y durabilidad que distinguen a <strong data-start=\"765\" data-end=\"777\">Torosqui<\/strong>, especialistas en pl\u00e1sticos para el hogar.<\/p>\n<hr data-start=\"822\" data-end=\"825\" \/>\n<p data-start=\"827\" data-end=\"858\"><strong data-start=\"827\" data-end=\"858\">CARACTER\u00cdSTICAS PRINCIPALES<\/strong><\/p>\n<ul data-start=\"859\" data-end=\"1209\" data-is-last-node=\"\" data-is-only-node=\"\">\n<li data-start=\"859\" data-end=\"914\">\n<p data-start=\"861\" data-end=\"914\">\u2705 Plato hondo \/ taz\u00f3n <strong data-start=\"883\" data-end=\"914\">Plus de pl\u00e1stico resistente<\/strong><\/p>\n<\/li>\n<li data-start=\"915\" data-end=\"959\">\n<p data-start=\"917\" data-end=\"959\">\u2705 Ideal para <strong data-start=\"930\" data-end=\"959\">sopas, caldos y ensaladas<\/strong><\/p>\n<\/li>\n<li data-start=\"960\" data-end=\"993\">\n<p data-start=\"962\" data-end=\"993\">\u2705 <strong data-start=\"964\" data-end=\"993\">Capacidad: 470 ml \/ 16 Oz<\/strong><\/p>\n<\/li>\n<li data-start=\"994\" data-end=\"1014\">\n<p data-start=\"996\" data-end=\"1014\">\u2705 <strong data-start=\"998\" data-end=\"1014\">Libre de BPA<\/strong><\/p>\n<\/li>\n<li data-start=\"1015\" data-end=\"1058\">\n<p data-start=\"1017\" data-end=\"1058\">\u2705 <strong data-start=\"1019\" data-end=\"1058\">Apto para lavavajillas y microondas<\/strong><\/p>\n<\/li>\n<li data-start=\"1059\" data-end=\"1094\">\n<p data-start=\"1061\" data-end=\"1094\">\u2705 Reutilizable y f\u00e1cil de limpiar<\/p>\n<\/li>\n<li data-start=\"1095\" data-end=\"1148\">\n<p data-start=\"1097\" data-end=\"1148\">\u2705 Perfecto para <strong data-start=\"1113\" data-end=\"1148\">fiestas, reuniones y uso diario<\/strong><\/p>\n<\/li>\n<li data-start=\"1149\" data-end=\"1209\" data-is-last-node=\"\">\n<p data-start=\"1151\" data-end=\"1209\" data-is-last-node=\"\">\u2705 <strong data-start=\"1153\" data-end=\"1209\" data-is-last-node=\"\">Marca mexicana Torosqui \u2013 alta calidad y durabilidad<\/strong><\/p>\n<\/li>\n<\/ul>","protected":false},"featured_media":5013,"template":"","meta":[],"product_cat":[249,240],"product_tag":[],"class_list":{"0":"post-5005","1":"product","2":"type-product","3":"status-publish","4":"has-post-thumbnail","6":"product_cat-mesa","7":"product_cat-nuevos-ingresos","9":"first","10":"instock","11":"sale","12":"taxable","13":"shipping-taxable","14":"purchasable","15":"product-type-variable","16":"rtwpvs-product"},"_links":{"self":[{"href":"https:\/\/torosqui.com\/en\/wp-json\/wp\/v2\/product\/5005","targetHints":{"allow":["GET"]}}],"collection":[{"href":"https:\/\/torosqui.com\/en\/wp-json\/wp\/v2\/product"}],"about":[{"href":"https:\/\/torosqui.com\/en\/wp-json\/wp\/v2\/types\/product"}],"version-history":[{"count":4,"href":"https:\/\/torosqui.com\/en\/wp-json\/wp\/v2\/product\/5005\/revisions"}],"predecessor-version":[{"id":6866,"href":"https:\/\/torosqui.com\/en\/wp-json\/wp\/v2\/product\/5005\/revisions\/6866"}],"wp:featuredmedia":[{"embeddable":true,"href":"https:\/\/torosqui.com\/en\/wp-json\/wp\/v2\/media\/5013"}],"wp:attachment":[{"href":"https:\/\/torosqui.com\/en\/wp-json\/wp\/v2\/media?parent=5005"}],"wp:term":[{"taxonomy":"product_cat","embeddable":true,"href":"https:\/\/torosqui.com\/en\/wp-json\/wp\/v2\/product_cat?post=5005"},{"taxonomy":"product_tag","embeddable":true,"href":"https:\/\/torosqui.com\/en\/wp-json\/wp\/v2\/product_tag?post=5005"}],"curies":[{"name":"wp","href":"https:\/\/api.w.org\/{rel}","templated":true}]}}