{"id":4995,"date":"2025-01-15T11:23:11","date_gmt":"2025-01-15T17:23:11","guid":{"rendered":"https:\/\/torosqui.com.mx\/?post_type=product&#038;p=4995"},"modified":"2026-01-29T15:44:59","modified_gmt":"2026-01-29T21:44:59","slug":"plato-postre-plus-9-oz-260-ml","status":"publish","type":"product","link":"https:\/\/torosqui.com\/en\/tienda\/plato-postre-plus-9-oz-260-ml\/","title":{"rendered":"Plato Postre Plus de Pl\u00e1stico 260 ml (9 Oz) para Ni\u00f1os, Libre de BPA | Torosqui"},"content":{"rendered":"","protected":false},"excerpt":{"rendered":"<p data-start=\"151\" data-end=\"453\">El <strong data-start=\"154\" data-end=\"201\">Plato Postre Plus Torosqui de 260 ml (9 Oz)<\/strong> es ideal para servir <strong data-start=\"223\" data-end=\"273\">postres, frutas, gelatina o porciones peque\u00f1as<\/strong>, especialmente pensado para <strong data-start=\"302\" data-end=\"311\">ni\u00f1os<\/strong> gracias a su tama\u00f1o pr\u00e1ctico y c\u00f3modo. Est\u00e1 fabricado con <strong data-start=\"370\" data-end=\"411\">pl\u00e1stico resistente y de alta calidad<\/strong>, perfecto para el uso diario en el hogar.<\/p>\n<p data-start=\"455\" data-end=\"694\">Es <strong data-start=\"458\" data-end=\"474\">libre de BPA<\/strong>, seguro para el contacto con alimentos, y <strong data-start=\"517\" data-end=\"556\">apto para lavavajillas y microondas<\/strong>, lo que facilita su limpieza y reutilizaci\u00f3n. Su dise\u00f1o funcional lo hace ideal tambi\u00e9n para <strong data-start=\"650\" data-end=\"693\">fiestas, reuniones y eventos familiares<\/strong>.<\/p>\n<p data-start=\"696\" data-end=\"843\">Un producto <strong data-start=\"708\" data-end=\"725\">100% mexicano<\/strong>, creado por <strong data-start=\"738\" data-end=\"750\">Torosqui<\/strong>, marca experta en pl\u00e1sticos para el hogar que combinan <strong data-start=\"806\" data-end=\"842\">calidad, seguridad y durabilidad<\/strong>.<\/p>\n<hr data-start=\"845\" data-end=\"848\" \/>\n<p data-start=\"850\" data-end=\"881\"><strong data-start=\"850\" data-end=\"881\">CARACTER\u00cdSTICAS PRINCIPALES<\/strong><\/p>\n<ul data-start=\"882\" data-end=\"1254\" data-is-last-node=\"\" data-is-only-node=\"\">\n<li data-start=\"882\" data-end=\"936\">\n<p data-start=\"884\" data-end=\"936\">\u2705 Plato postre hondo <strong data-start=\"905\" data-end=\"936\">Plus de pl\u00e1stico resistente<\/strong><\/p>\n<\/li>\n<li data-start=\"937\" data-end=\"968\">\n<p data-start=\"939\" data-end=\"968\">\u2705 Tama\u00f1o ideal para <strong data-start=\"959\" data-end=\"968\">ni\u00f1os<\/strong><\/p>\n<\/li>\n<li data-start=\"969\" data-end=\"1001\">\n<p data-start=\"971\" data-end=\"1001\">\u2705 <strong data-start=\"973\" data-end=\"1001\">Capacidad: 260 ml \/ 9 Oz<\/strong><\/p>\n<\/li>\n<li data-start=\"1002\" data-end=\"1022\">\n<p data-start=\"1004\" data-end=\"1022\">\u2705 <strong data-start=\"1006\" data-end=\"1022\">Libre de BPA<\/strong><\/p>\n<\/li>\n<li data-start=\"1023\" data-end=\"1066\">\n<p data-start=\"1025\" data-end=\"1066\">\u2705 <strong data-start=\"1027\" data-end=\"1066\">Apto para lavavajillas y microondas<\/strong><\/p>\n<\/li>\n<li data-start=\"1067\" data-end=\"1102\">\n<p data-start=\"1069\" data-end=\"1102\">\u2705 Reutilizable y f\u00e1cil de limpiar<\/p>\n<\/li>\n<li data-start=\"1103\" data-end=\"1158\">\n<p data-start=\"1105\" data-end=\"1158\">\u2705 Ideal para <strong data-start=\"1118\" data-end=\"1158\">postres, frutas y porciones peque\u00f1as<\/strong><\/p>\n<\/li>\n<li data-start=\"1159\" data-end=\"1200\">\n<p data-start=\"1161\" data-end=\"1200\">\u2705 Perfecto para <strong data-start=\"1177\" data-end=\"1200\">fiestas y reuniones<\/strong><\/p>\n<\/li>\n<li data-start=\"1201\" data-end=\"1254\" data-is-last-node=\"\">\n<p data-start=\"1203\" data-end=\"1254\" data-is-last-node=\"\">\u2705 <strong data-start=\"1205\" data-end=\"1254\" data-is-last-node=\"\">Marca mexicana Torosqui \u2013 calidad y confianza<\/strong><\/p>\n<\/li>\n<\/ul>","protected":false},"featured_media":4996,"template":"","meta":[],"product_cat":[249,241],"product_tag":[],"class_list":{"0":"post-4995","1":"product","2":"type-product","3":"status-publish","4":"has-post-thumbnail","6":"product_cat-mesa","7":"product_cat-mas-vendidos","9":"first","10":"instock","11":"sale","12":"taxable","13":"shipping-taxable","14":"purchasable","15":"product-type-variable","16":"rtwpvs-product"},"_links":{"self":[{"href":"https:\/\/torosqui.com\/en\/wp-json\/wp\/v2\/product\/4995","targetHints":{"allow":["GET"]}}],"collection":[{"href":"https:\/\/torosqui.com\/en\/wp-json\/wp\/v2\/product"}],"about":[{"href":"https:\/\/torosqui.com\/en\/wp-json\/wp\/v2\/types\/product"}],"version-history":[{"count":4,"href":"https:\/\/torosqui.com\/en\/wp-json\/wp\/v2\/product\/4995\/revisions"}],"predecessor-version":[{"id":6560,"href":"https:\/\/torosqui.com\/en\/wp-json\/wp\/v2\/product\/4995\/revisions\/6560"}],"wp:featuredmedia":[{"embeddable":true,"href":"https:\/\/torosqui.com\/en\/wp-json\/wp\/v2\/media\/4996"}],"wp:attachment":[{"href":"https:\/\/torosqui.com\/en\/wp-json\/wp\/v2\/media?parent=4995"}],"wp:term":[{"taxonomy":"product_cat","embeddable":true,"href":"https:\/\/torosqui.com\/en\/wp-json\/wp\/v2\/product_cat?post=4995"},{"taxonomy":"product_tag","embeddable":true,"href":"https:\/\/torosqui.com\/en\/wp-json\/wp\/v2\/product_tag?post=4995"}],"curies":[{"name":"wp","href":"https:\/\/api.w.org\/{rel}","templated":true}]}}