{"id":4943,"date":"2025-01-15T10:57:32","date_gmt":"2025-01-15T16:57:32","guid":{"rendered":"https:\/\/torosqui.com.mx\/?post_type=product&#038;p=4943"},"modified":"2026-03-13T11:32:06","modified_gmt":"2026-03-13T17:32:06","slug":"exprimidor-de-limones","status":"publish","type":"product","link":"https:\/\/torosqui.com\/en\/tienda\/exprimidor-de-limones\/","title":{"rendered":"Exprimidor de Limones de Pl\u00e1stico Resistente, Libre de BPA y sin Derrames | Torosqui"},"content":{"rendered":"","protected":false},"excerpt":{"rendered":"<div class=\"flex flex-col text-sm pb-25\">\n<article class=\"text-token-text-primary w-full focus:outline-none [--shadow-height:45px] has-data-writing-block:pointer-events-none has-data-writing-block:-mt-(--shadow-height) has-data-writing-block:pt-(--shadow-height) [&amp;:has([data-writing-block])&gt;*]:pointer-events-auto scroll-mt-[calc(var(--header-height)+min(200px,max(70px,20svh)))]\" dir=\"auto\" tabindex=\"-1\" data-turn-id=\"request-69653cc7-79b8-832e-b306-29847160533c-13\" data-testid=\"conversation-turn-109\" data-scroll-anchor=\"true\" data-turn=\"assistant\">\n<div class=\"text-base my-auto mx-auto pb-10 [--thread-content-margin:--spacing(4)] @w-sm\/main:[--thread-content-margin:--spacing(6)] @w-lg\/main:[--thread-content-margin:--spacing(16)] px-(--thread-content-margin)\">\n<div class=\"[--thread-content-max-width:40rem] @w-lg\/main:[--thread-content-max-width:48rem] mx-auto max-w-(--thread-content-max-width) flex-1 group\/turn-messages focus-visible:outline-hidden relative flex w-full min-w-0 flex-col agent-turn\" tabindex=\"-1\">\n<div class=\"flex max-w-full flex-col grow\">\n<div class=\"min-h-8 text-message relative flex w-full flex-col items-end gap-2 text-start break-words whitespace-normal [.text-message+&amp;]:mt-1\" dir=\"auto\" data-message-author-role=\"assistant\" data-message-id=\"8ce79514-d37c-4183-bf4e-9ef2f4afb720\" data-message-model-slug=\"gpt-5-2\">\n<div class=\"flex w-full flex-col gap-1 empty:hidden first:pt-[1px]\">\n<div class=\"markdown prose dark:prose-invert w-full break-words light markdown-new-styling\">\n<p data-start=\"156\" data-end=\"432\">El <strong data-start=\"159\" data-end=\"193\">Exprimidor de Limones Torosqui<\/strong> te permite obtener <strong data-start=\"213\" data-end=\"266\">jugo fresco de forma r\u00e1pida, f\u00e1cil y sin semillas<\/strong>, evitando derrames en tu cocina. Su dise\u00f1o pr\u00e1ctico facilita la extracci\u00f3n eficiente del jugo, ideal para preparar bebidas, salsas, aderezos o recetas del d\u00eda a d\u00eda.<\/p>\n<p data-start=\"434\" data-end=\"768\">Est\u00e1 fabricado con <strong data-start=\"453\" data-end=\"492\">pl\u00e1stico resistente de alta calidad<\/strong>, dise\u00f1ado para una <strong data-start=\"512\" data-end=\"530\">larga duraci\u00f3n<\/strong>. Es <strong data-start=\"535\" data-end=\"551\">libre de BPA<\/strong>, seguro para el contacto con alimentos, y <strong data-start=\"594\" data-end=\"620\">apto para lavavajillas<\/strong>, lo que lo hace muy f\u00e1cil de limpiar. Adem\u00e1s, su <strong data-start=\"670\" data-end=\"689\">tama\u00f1o compacto<\/strong> permite un almacenamiento sencillo dentro de la cocina, ocupando poco espacio.<\/p>\n<p data-start=\"770\" data-end=\"907\">Un utensilio b\u00e1sico y funcional, respaldado por <strong data-start=\"818\" data-end=\"830\">Torosqui<\/strong>, <strong data-start=\"832\" data-end=\"855\">marca 100% mexicana<\/strong> experta en pl\u00e1sticos para el hogar de alta calidad.<\/p>\n<hr data-start=\"909\" data-end=\"912\" \/>\n<p data-start=\"914\" data-end=\"945\"><strong data-start=\"914\" data-end=\"945\">CARACTER\u00cdSTICAS PRINCIPALES<\/strong><\/p>\n<ul data-start=\"946\" data-end=\"1278\" data-is-last-node=\"\" data-is-only-node=\"\">\n<li data-start=\"946\" data-end=\"998\">\n<p data-start=\"948\" data-end=\"998\">\u2705 Exprimidor de limones de <strong data-start=\"975\" data-end=\"998\">pl\u00e1stico resistente<\/strong><\/p>\n<\/li>\n<li data-start=\"999\" data-end=\"1045\">\n<p data-start=\"1001\" data-end=\"1045\">\u2705 Obt\u00e9n jugo <strong data-start=\"1014\" data-end=\"1045\">sin semillas y sin derrames<\/strong><\/p>\n<\/li>\n<li data-start=\"1046\" data-end=\"1066\">\n<p data-start=\"1048\" data-end=\"1066\">\u2705 <strong data-start=\"1050\" data-end=\"1066\">Libre de BPA<\/strong><\/p>\n<\/li>\n<li data-start=\"1067\" data-end=\"1097\">\n<p data-start=\"1069\" data-end=\"1097\">\u2705 <strong data-start=\"1071\" data-end=\"1097\">Apto para lavavajillas<\/strong><\/p>\n<\/li>\n<li data-start=\"1098\" data-end=\"1125\">\n<p data-start=\"1100\" data-end=\"1125\">\u2705 F\u00e1cil de usar y limpiar<\/p>\n<\/li>\n<li data-start=\"1126\" data-end=\"1178\">\n<p data-start=\"1128\" data-end=\"1178\">\u2705 Tama\u00f1o compacto para <strong data-start=\"1151\" data-end=\"1178\">almacenamiento pr\u00e1ctico<\/strong><\/p>\n<\/li>\n<li data-start=\"1179\" data-end=\"1222\">\n<p data-start=\"1181\" data-end=\"1222\">\u2705 Ideal para <strong data-start=\"1194\" data-end=\"1222\">cocina, bebidas y salsas<\/strong><\/p>\n<\/li>\n<li data-start=\"1223\" data-end=\"1278\" data-is-last-node=\"\">\n<p data-start=\"1225\" data-end=\"1278\" data-is-last-node=\"\">\u2705 <strong data-start=\"1227\" data-end=\"1278\" data-is-last-node=\"\">Marca mexicana Torosqui \u2013 calidad y durabilidad<\/strong><\/p>\n<\/li>\n<\/ul>\n<\/div>\n<\/div>\n<\/div>\n<\/div>\n<\/div>\n<\/div>\n<\/article>\n<\/div>","protected":false},"featured_media":4951,"template":"","meta":[],"product_cat":[249,240],"product_tag":[],"class_list":{"0":"post-4943","1":"product","2":"type-product","3":"status-publish","4":"has-post-thumbnail","6":"product_cat-mesa","7":"product_cat-nuevos-ingresos","9":"first","10":"instock","11":"taxable","12":"shipping-taxable","13":"purchasable","14":"product-type-variable","15":"rtwpvs-product"},"_links":{"self":[{"href":"https:\/\/torosqui.com\/en\/wp-json\/wp\/v2\/product\/4943","targetHints":{"allow":["GET"]}}],"collection":[{"href":"https:\/\/torosqui.com\/en\/wp-json\/wp\/v2\/product"}],"about":[{"href":"https:\/\/torosqui.com\/en\/wp-json\/wp\/v2\/types\/product"}],"version-history":[{"count":3,"href":"https:\/\/torosqui.com\/en\/wp-json\/wp\/v2\/product\/4943\/revisions"}],"predecessor-version":[{"id":6569,"href":"https:\/\/torosqui.com\/en\/wp-json\/wp\/v2\/product\/4943\/revisions\/6569"}],"wp:featuredmedia":[{"embeddable":true,"href":"https:\/\/torosqui.com\/en\/wp-json\/wp\/v2\/media\/4951"}],"wp:attachment":[{"href":"https:\/\/torosqui.com\/en\/wp-json\/wp\/v2\/media?parent=4943"}],"wp:term":[{"taxonomy":"product_cat","embeddable":true,"href":"https:\/\/torosqui.com\/en\/wp-json\/wp\/v2\/product_cat?post=4943"},{"taxonomy":"product_tag","embeddable":true,"href":"https:\/\/torosqui.com\/en\/wp-json\/wp\/v2\/product_tag?post=4943"}],"curies":[{"name":"wp","href":"https:\/\/api.w.org\/{rel}","templated":true}]}}