{"id":4923,"date":"2025-01-15T10:46:41","date_gmt":"2025-01-15T16:46:41","guid":{"rendered":"https:\/\/torosqui.com.mx\/?post_type=product&#038;p=4923"},"modified":"2026-03-31T10:59:43","modified_gmt":"2026-03-31T16:59:43","slug":"exprimidor-de-limones-plus","status":"publish","type":"product","link":"https:\/\/torosqui.com\/en\/tienda\/exprimidor-de-limones-plus\/","title":{"rendered":"Exprimidor de Limones Plus de Pl\u00e1stico Resistente, Libre de BPA y sin Derrames | Torosqui"},"content":{"rendered":"","protected":false},"excerpt":{"rendered":"<p data-start=\"161\" data-end=\"458\">El <strong data-start=\"164\" data-end=\"203\">Exprimidor de Limones Plus Torosqui<\/strong> te permite obtener <strong data-start=\"223\" data-end=\"261\">jugo fresco, r\u00e1pido y sin semillas<\/strong> en cuesti\u00f3n de segundos, evitando derrames y manteniendo tu cocina limpia. Su dise\u00f1o funcional mejora la extracci\u00f3n del jugo, ideal para preparar bebidas, salsas, aderezos y recetas del d\u00eda a d\u00eda.<\/p>\n<p data-start=\"460\" data-end=\"796\">Est\u00e1 fabricado con <strong data-start=\"479\" data-end=\"518\">pl\u00e1stico resistente de alta calidad<\/strong>, pensado para una <strong data-start=\"537\" data-end=\"555\">larga duraci\u00f3n<\/strong>. Es <strong data-start=\"560\" data-end=\"576\">libre de BPA<\/strong>, seguro para el contacto con alimentos y <strong data-start=\"618\" data-end=\"644\">apto para lavavajillas<\/strong>, lo que facilita su limpieza. Adem\u00e1s, cuenta con un <strong data-start=\"697\" data-end=\"719\">arillo para colgar<\/strong>, que permite un <strong data-start=\"736\" data-end=\"763\">almacenamiento pr\u00e1ctico<\/strong> y accesible dentro de la cocina.<\/p>\n<p data-start=\"798\" data-end=\"948\">Un utensilio indispensable para el hogar, con el respaldo de <strong data-start=\"859\" data-end=\"871\">Torosqui<\/strong>, <strong data-start=\"873\" data-end=\"896\">marca 100% mexicana<\/strong> experta en pl\u00e1sticos para el hogar de alta calidad.<\/p>\n<hr data-start=\"950\" data-end=\"953\" \/>\n<p data-start=\"955\" data-end=\"986\"><strong data-start=\"955\" data-end=\"986\">CARACTER\u00cdSTICAS PRINCIPALES<\/strong><\/p>\n<ul data-start=\"987\" data-end=\"1329\" data-is-last-node=\"\" data-is-only-node=\"\">\n<li data-start=\"987\" data-end=\"1044\">\n<p data-start=\"989\" data-end=\"1044\">\u2705 Exprimidor de limones <strong data-start=\"1013\" data-end=\"1044\">Plus de pl\u00e1stico resistente<\/strong><\/p>\n<\/li>\n<li data-start=\"1045\" data-end=\"1091\">\n<p data-start=\"1047\" data-end=\"1091\">\u2705 Obt\u00e9n jugo <strong data-start=\"1060\" data-end=\"1091\">sin semillas y sin derrames<\/strong><\/p>\n<\/li>\n<li data-start=\"1092\" data-end=\"1112\">\n<p data-start=\"1094\" data-end=\"1112\">\u2705 <strong data-start=\"1096\" data-end=\"1112\">Libre de BPA<\/strong><\/p>\n<\/li>\n<li data-start=\"1113\" data-end=\"1143\">\n<p data-start=\"1115\" data-end=\"1143\">\u2705 <strong data-start=\"1117\" data-end=\"1143\">Apto para lavavajillas<\/strong><\/p>\n<\/li>\n<li data-start=\"1144\" data-end=\"1201\">\n<p data-start=\"1146\" data-end=\"1201\">\u2705 Incluye <strong data-start=\"1156\" data-end=\"1178\">arillo para colgar<\/strong> y f\u00e1cil almacenamiento<\/p>\n<\/li>\n<li data-start=\"1202\" data-end=\"1229\">\n<p data-start=\"1204\" data-end=\"1229\">\u2705 F\u00e1cil de usar y limpiar<\/p>\n<\/li>\n<li data-start=\"1230\" data-end=\"1273\">\n<p data-start=\"1232\" data-end=\"1273\">\u2705 Ideal para <strong data-start=\"1245\" data-end=\"1273\">cocina, bebidas y salsas<\/strong><\/p>\n<\/li>\n<li data-start=\"1274\" data-end=\"1329\" data-is-last-node=\"\">\n<p data-start=\"1276\" data-end=\"1329\" data-is-last-node=\"\">\u2705 <strong data-start=\"1278\" data-end=\"1329\" data-is-last-node=\"\">Marca mexicana Torosqui \u2013 calidad y durabilidad<\/strong><\/p>\n<\/li>\n<\/ul>","protected":false},"featured_media":4933,"template":"","meta":[],"product_cat":[249,243],"product_tag":[],"class_list":{"0":"post-4923","1":"product","2":"type-product","3":"status-publish","4":"has-post-thumbnail","6":"product_cat-mesa","7":"product_cat-destacados","9":"first","10":"instock","11":"taxable","12":"shipping-taxable","13":"purchasable","14":"product-type-variable","15":"rtwpvs-product"},"_links":{"self":[{"href":"https:\/\/torosqui.com\/en\/wp-json\/wp\/v2\/product\/4923","targetHints":{"allow":["GET"]}}],"collection":[{"href":"https:\/\/torosqui.com\/en\/wp-json\/wp\/v2\/product"}],"about":[{"href":"https:\/\/torosqui.com\/en\/wp-json\/wp\/v2\/types\/product"}],"version-history":[{"count":3,"href":"https:\/\/torosqui.com\/en\/wp-json\/wp\/v2\/product\/4923\/revisions"}],"predecessor-version":[{"id":6570,"href":"https:\/\/torosqui.com\/en\/wp-json\/wp\/v2\/product\/4923\/revisions\/6570"}],"wp:featuredmedia":[{"embeddable":true,"href":"https:\/\/torosqui.com\/en\/wp-json\/wp\/v2\/media\/4933"}],"wp:attachment":[{"href":"https:\/\/torosqui.com\/en\/wp-json\/wp\/v2\/media?parent=4923"}],"wp:term":[{"taxonomy":"product_cat","embeddable":true,"href":"https:\/\/torosqui.com\/en\/wp-json\/wp\/v2\/product_cat?post=4923"},{"taxonomy":"product_tag","embeddable":true,"href":"https:\/\/torosqui.com\/en\/wp-json\/wp\/v2\/product_tag?post=4923"}],"curies":[{"name":"wp","href":"https:\/\/api.w.org\/{rel}","templated":true}]}}