{"id":4886,"date":"2025-01-14T13:10:10","date_gmt":"2025-01-14T19:10:10","guid":{"rendered":"https:\/\/torosqui.com.mx\/?post_type=product&#038;p=4886"},"modified":"2026-03-19T13:49:58","modified_gmt":"2026-03-19T19:49:58","slug":"tabla-para-picar-grande","status":"publish","type":"product","link":"https:\/\/torosqui.com\/en\/tienda\/tabla-para-picar-grande\/","title":{"rendered":"Tabla para Picar Grande de Pl\u00e1stico, Reversible, Libre de BPA, Apta para Lavavajillas, Ideal para Exterior | Torosqui"},"content":{"rendered":"","protected":false},"excerpt":{"rendered":"<p data-start=\"192\" data-end=\"496\">La <strong data-start=\"195\" data-end=\"231\">Tabla para Picar Grande Torosqui<\/strong> est\u00e1 fabricada con <strong data-start=\"251\" data-end=\"292\">pl\u00e1stico resistente y de alta calidad<\/strong>, ideal para un uso intensivo tanto en el hogar como en actividades al aire libre. Su <strong data-start=\"378\" data-end=\"395\">tama\u00f1o amplio<\/strong> la hace perfecta para <strong data-start=\"418\" data-end=\"455\">campamentos, picnics, parrilladas<\/strong> o para cocinar c\u00f3modamente en la cocina.<\/p>\n<p data-start=\"498\" data-end=\"772\">Cuenta con un <strong data-start=\"512\" data-end=\"533\">dise\u00f1o reversible<\/strong>, lo que ayuda a <strong data-start=\"550\" data-end=\"581\">evitar la mezcla de sabores<\/strong> entre distintos alimentos, manteniendo una preparaci\u00f3n m\u00e1s higi\u00e9nica. Es <strong data-start=\"655\" data-end=\"671\">libre de BPA<\/strong>, segura para el contacto con alimentos y <strong data-start=\"713\" data-end=\"739\">apta para lavavajillas<\/strong>, facilitando su limpieza diaria.<\/p>\n<p data-start=\"774\" data-end=\"967\">Adem\u00e1s, incluye un <strong data-start=\"793\" data-end=\"812\">asa para colgar<\/strong>, permitiendo un guardado pr\u00e1ctico y ahorrando espacio. Una opci\u00f3n funcional, duradera y confiable con la calidad de <strong data-start=\"929\" data-end=\"941\">Torosqui<\/strong>, <strong data-start=\"943\" data-end=\"966\">marca 100% mexicana<\/strong>.<\/p>\n<hr data-start=\"969\" data-end=\"972\" \/>\n<p data-start=\"974\" data-end=\"1005\"><strong data-start=\"974\" data-end=\"1005\">CARACTER\u00cdSTICAS PRINCIPALES<\/strong><\/p>\n<ul data-start=\"1006\" data-end=\"1279\">\n<li data-start=\"1006\" data-end=\"1042\">\n<p data-start=\"1008\" data-end=\"1042\">\u2705 Pl\u00e1stico resistente y duradero<\/p>\n<\/li>\n<li data-start=\"1043\" data-end=\"1092\">\n<p data-start=\"1045\" data-end=\"1092\">\u2705 Tama\u00f1o grande, ideal para exterior y cocina<\/p>\n<\/li>\n<li data-start=\"1093\" data-end=\"1146\">\n<p data-start=\"1095\" data-end=\"1146\">\u2705 Dise\u00f1o reversible para evitar mezcla de sabores<\/p>\n<\/li>\n<li data-start=\"1147\" data-end=\"1169\">\n<p data-start=\"1149\" data-end=\"1169\">\u2705 <strong data-start=\"1151\" data-end=\"1167\">Libre de BPA<\/strong><\/p>\n<\/li>\n<li data-start=\"1170\" data-end=\"1202\">\n<p data-start=\"1172\" data-end=\"1202\">\u2705 <strong data-start=\"1174\" data-end=\"1200\">Apta para lavavajillas<\/strong><\/p>\n<\/li>\n<li data-start=\"1203\" data-end=\"1247\">\n<p data-start=\"1205\" data-end=\"1247\">\u2705 Asa para colgar y f\u00e1cil almacenamiento<\/p>\n<\/li>\n<li data-start=\"1248\" data-end=\"1279\">\n<p data-start=\"1250\" data-end=\"1279\">\u2705 <strong data-start=\"1252\" data-end=\"1279\">Marca mexicana Torosqui<\/strong><\/p>\n<\/li>\n<\/ul>","protected":false},"featured_media":4887,"template":"","meta":[],"product_cat":[239,243,241],"product_tag":[],"class_list":{"0":"post-4886","1":"product","2":"type-product","3":"status-publish","4":"has-post-thumbnail","6":"product_cat-hogar","7":"product_cat-destacados","8":"product_cat-mas-vendidos","10":"first","11":"instock","12":"taxable","13":"shipping-taxable","14":"purchasable","15":"product-type-variable","16":"rtwpvs-product"},"_links":{"self":[{"href":"https:\/\/torosqui.com\/en\/wp-json\/wp\/v2\/product\/4886","targetHints":{"allow":["GET"]}}],"collection":[{"href":"https:\/\/torosqui.com\/en\/wp-json\/wp\/v2\/product"}],"about":[{"href":"https:\/\/torosqui.com\/en\/wp-json\/wp\/v2\/types\/product"}],"version-history":[{"count":3,"href":"https:\/\/torosqui.com\/en\/wp-json\/wp\/v2\/product\/4886\/revisions"}],"predecessor-version":[{"id":4903,"href":"https:\/\/torosqui.com\/en\/wp-json\/wp\/v2\/product\/4886\/revisions\/4903"}],"wp:featuredmedia":[{"embeddable":true,"href":"https:\/\/torosqui.com\/en\/wp-json\/wp\/v2\/media\/4887"}],"wp:attachment":[{"href":"https:\/\/torosqui.com\/en\/wp-json\/wp\/v2\/media?parent=4886"}],"wp:term":[{"taxonomy":"product_cat","embeddable":true,"href":"https:\/\/torosqui.com\/en\/wp-json\/wp\/v2\/product_cat?post=4886"},{"taxonomy":"product_tag","embeddable":true,"href":"https:\/\/torosqui.com\/en\/wp-json\/wp\/v2\/product_tag?post=4886"}],"curies":[{"name":"wp","href":"https:\/\/api.w.org\/{rel}","templated":true}]}}