{"id":4857,"date":"2025-01-14T12:41:04","date_gmt":"2025-01-14T18:41:04","guid":{"rendered":"https:\/\/torosqui.com.mx\/?post_type=product&#038;p=4857"},"modified":"2026-03-12T15:50:37","modified_gmt":"2026-03-12T21:50:37","slug":"escurridor-un-piso","status":"publish","type":"product","link":"https:\/\/torosqui.com\/en\/tienda\/escurridor-un-piso\/","title":{"rendered":"Escurridor de Trastes de Un Piso con Charola, Ahorra Espacio, escurridor de Cubiertos Integrado, Pl\u00e1stico Resistente | Torosqui"},"content":{"rendered":"","protected":false},"excerpt":{"rendered":"<p data-start=\"201\" data-end=\"449\">El <strong data-start=\"204\" data-end=\"238\">Escurridor de Un Piso Torosqui<\/strong> es la soluci\u00f3n pr\u00e1ctica y funcional para mantener tu cocina <strong data-start=\"299\" data-end=\"344\">ordenada, seca y libre de encharcamientos<\/strong>. Su dise\u00f1o compacto lo convierte en un <strong data-start=\"384\" data-end=\"408\">ahorrador de espacio<\/strong>, ideal para cocinas de cualquier tama\u00f1o.<\/p>\n<p data-start=\"451\" data-end=\"656\">Cuenta con <strong data-start=\"462\" data-end=\"499\">escurridor de cubiertos integrado<\/strong>, lo que facilita la organizaci\u00f3n de utensilios, y una <strong data-start=\"554\" data-end=\"577\">charola recolectora<\/strong> que atrapa el exceso de agua, evitando derrames en la superficie de la cocina.<\/p>\n<p data-start=\"658\" data-end=\"895\">Fabricado en <strong data-start=\"671\" data-end=\"699\">pl\u00e1stico de alta calidad<\/strong>, es resistente, ligero y f\u00e1cil de limpiar, perfecto para el uso diario. Su dise\u00f1o sencillo y funcional lo hace un b\u00e1sico indispensable en el hogar, con la durabilidad y confianza de <strong data-start=\"882\" data-end=\"894\">Torosqui<\/strong>.<\/p>\n<hr data-start=\"897\" data-end=\"900\" \/>\n<p data-start=\"902\" data-end=\"933\"><strong data-start=\"902\" data-end=\"933\">CARACTER\u00cdSTICAS PRINCIPALES<\/strong><\/p>\n<ul data-start=\"934\" data-end=\"1227\">\n<li data-start=\"934\" data-end=\"982\">\n<p data-start=\"936\" data-end=\"982\">\u2705 Dise\u00f1o de <strong data-start=\"948\" data-end=\"959\">un piso<\/strong>, pr\u00e1ctico y compacto<\/p>\n<\/li>\n<li data-start=\"983\" data-end=\"1026\">\n<p data-start=\"985\" data-end=\"1026\">\u2705 <strong data-start=\"987\" data-end=\"1024\">Escurridor de cubiertos integrado<\/strong><\/p>\n<\/li>\n<li data-start=\"1027\" data-end=\"1087\">\n<p data-start=\"1029\" data-end=\"1087\">\u2705 <strong data-start=\"1031\" data-end=\"1062\">Charola para escurrimientos<\/strong>, evita encharcamientos<\/p>\n<\/li>\n<li data-start=\"1088\" data-end=\"1121\">\n<p data-start=\"1090\" data-end=\"1121\">\u2705 Ahorra espacio en la cocina<\/p>\n<\/li>\n<li data-start=\"1122\" data-end=\"1165\">\n<p data-start=\"1124\" data-end=\"1165\">\u2705 Pl\u00e1stico resistente y de alta calidad<\/p>\n<\/li>\n<li data-start=\"1166\" data-end=\"1195\">\n<p data-start=\"1168\" data-end=\"1195\">\u2705 F\u00e1cil de limpiar y usar<\/p>\n<\/li>\n<li data-start=\"1196\" data-end=\"1227\">\n<p data-start=\"1198\" data-end=\"1227\">\u2705 <strong data-start=\"1200\" data-end=\"1227\">Marca mexicana Torosqui<\/strong><\/p>\n<\/li>\n<\/ul>","protected":false},"featured_media":4858,"template":"","meta":[],"product_cat":[239,243],"product_tag":[],"class_list":{"0":"post-4857","1":"product","2":"type-product","3":"status-publish","4":"has-post-thumbnail","6":"product_cat-hogar","7":"product_cat-destacados","9":"first","10":"instock","11":"taxable","12":"shipping-taxable","13":"purchasable","14":"product-type-variable","15":"rtwpvs-product"},"_links":{"self":[{"href":"https:\/\/torosqui.com\/en\/wp-json\/wp\/v2\/product\/4857","targetHints":{"allow":["GET"]}}],"collection":[{"href":"https:\/\/torosqui.com\/en\/wp-json\/wp\/v2\/product"}],"about":[{"href":"https:\/\/torosqui.com\/en\/wp-json\/wp\/v2\/types\/product"}],"version-history":[{"count":3,"href":"https:\/\/torosqui.com\/en\/wp-json\/wp\/v2\/product\/4857\/revisions"}],"predecessor-version":[{"id":6587,"href":"https:\/\/torosqui.com\/en\/wp-json\/wp\/v2\/product\/4857\/revisions\/6587"}],"wp:featuredmedia":[{"embeddable":true,"href":"https:\/\/torosqui.com\/en\/wp-json\/wp\/v2\/media\/4858"}],"wp:attachment":[{"href":"https:\/\/torosqui.com\/en\/wp-json\/wp\/v2\/media?parent=4857"}],"wp:term":[{"taxonomy":"product_cat","embeddable":true,"href":"https:\/\/torosqui.com\/en\/wp-json\/wp\/v2\/product_cat?post=4857"},{"taxonomy":"product_tag","embeddable":true,"href":"https:\/\/torosqui.com\/en\/wp-json\/wp\/v2\/product_tag?post=4857"}],"curies":[{"name":"wp","href":"https:\/\/api.w.org\/{rel}","templated":true}]}}