{"id":4828,"date":"2025-01-14T12:20:59","date_gmt":"2025-01-14T18:20:59","guid":{"rendered":"https:\/\/torosqui.com.mx\/?post_type=product&#038;p=4828"},"modified":"2026-03-19T13:49:57","modified_gmt":"2026-03-19T19:49:57","slug":"organifresh-cerrado-4-4-lt","status":"publish","type":"product","link":"https:\/\/torosqui.com\/en\/tienda\/organifresh-cerrado-4-4-lt\/","title":{"rendered":"Organizador para Refrigerador y Alacena Organifresh Cerrado 4.4 L, Caj\u00f3n con Asa, Pl\u00e1stico Resistente | Torosqui"},"content":{"rendered":"","protected":false},"excerpt":{"rendered":"<p data-start=\"185\" data-end=\"383\">El <strong data-start=\"188\" data-end=\"234\">Organifresh Cerrado Torosqui de 4.4 litros<\/strong> es la soluci\u00f3n ideal para <strong data-start=\"261\" data-end=\"326\">organizar y optimizar el espacio en tu refrigerador o alacena<\/strong>, manteniendo tus alimentos protegidos y bien acomodados.<\/p>\n<p data-start=\"385\" data-end=\"594\">Su <strong data-start=\"388\" data-end=\"406\">dise\u00f1o cerrado<\/strong> ayuda a resguardar el contenido del polvo, humedad y derrames, mientras que su <strong data-start=\"486\" data-end=\"503\">asa integrada<\/strong> permite un uso pr\u00e1ctico y c\u00f3modo, facilitando sacarlo y moverlo incluso cuando est\u00e1 lleno.<\/p>\n<p data-start=\"596\" data-end=\"756\">Fabricado en <strong data-start=\"609\" data-end=\"650\">pl\u00e1stico resistente y de alta calidad<\/strong>, es perfecto para el uso diario en la cocina y para mantener todo en orden de forma sencilla y eficiente.<\/p>\n<hr data-start=\"758\" data-end=\"761\" \/>\n<p data-start=\"763\" data-end=\"794\"><strong data-start=\"763\" data-end=\"794\">CARACTER\u00cdSTICAS PRINCIPALES<\/strong><\/p>\n<ul data-start=\"795\" data-end=\"1115\">\n<li data-start=\"795\" data-end=\"838\">\n<p data-start=\"797\" data-end=\"838\">\u2705 Ideal para <strong data-start=\"810\" data-end=\"836\">refrigerador y alacena<\/strong><\/p>\n<\/li>\n<li data-start=\"839\" data-end=\"899\">\n<p data-start=\"841\" data-end=\"899\">\u2705 <strong data-start=\"843\" data-end=\"861\">Dise\u00f1o cerrado<\/strong> para mayor protecci\u00f3n del contenido<\/p>\n<\/li>\n<li data-start=\"900\" data-end=\"937\">\n<p data-start=\"902\" data-end=\"937\">\u2705 Optimiza y aprovecha el espacio<\/p>\n<\/li>\n<li data-start=\"938\" data-end=\"979\">\n<p data-start=\"940\" data-end=\"979\">\u2705 <strong data-start=\"942\" data-end=\"959\">Asa integrada<\/strong> para f\u00e1cil manejo<\/p>\n<\/li>\n<li data-start=\"980\" data-end=\"1033\">\n<p data-start=\"982\" data-end=\"1033\">\u2705 Fabricado en <strong data-start=\"997\" data-end=\"1031\">pl\u00e1stico resistente y duradero<\/strong><\/p>\n<\/li>\n<li data-start=\"1034\" data-end=\"1056\">\n<p data-start=\"1036\" data-end=\"1056\">\u2705 F\u00e1cil de limpiar<\/p>\n<\/li>\n<li data-start=\"1057\" data-end=\"1092\">\n<p data-start=\"1059\" data-end=\"1092\">\u2705 <strong data-start=\"1061\" data-end=\"1090\">Capacidad: 4.4 L \/ 149 Oz<\/strong><\/p>\n<\/li>\n<li data-start=\"1093\" data-end=\"1115\">\n<p data-start=\"1095\" data-end=\"1115\">\u2705 <strong data-start=\"1097\" data-end=\"1115\">Marca Torosqui<\/strong><\/p>\n<\/li>\n<\/ul>","protected":false},"featured_media":4829,"template":"","meta":[],"product_cat":[239,240],"product_tag":[],"class_list":{"0":"post-4828","1":"product","2":"type-product","3":"status-publish","4":"has-post-thumbnail","6":"product_cat-hogar","7":"product_cat-nuevos-ingresos","9":"first","10":"instock","11":"taxable","12":"shipping-taxable","13":"purchasable","14":"product-type-simple"},"_links":{"self":[{"href":"https:\/\/torosqui.com\/en\/wp-json\/wp\/v2\/product\/4828","targetHints":{"allow":["GET"]}}],"collection":[{"href":"https:\/\/torosqui.com\/en\/wp-json\/wp\/v2\/product"}],"about":[{"href":"https:\/\/torosqui.com\/en\/wp-json\/wp\/v2\/types\/product"}],"version-history":[{"count":3,"href":"https:\/\/torosqui.com\/en\/wp-json\/wp\/v2\/product\/4828\/revisions"}],"predecessor-version":[{"id":6597,"href":"https:\/\/torosqui.com\/en\/wp-json\/wp\/v2\/product\/4828\/revisions\/6597"}],"wp:featuredmedia":[{"embeddable":true,"href":"https:\/\/torosqui.com\/en\/wp-json\/wp\/v2\/media\/4829"}],"wp:attachment":[{"href":"https:\/\/torosqui.com\/en\/wp-json\/wp\/v2\/media?parent=4828"}],"wp:term":[{"taxonomy":"product_cat","embeddable":true,"href":"https:\/\/torosqui.com\/en\/wp-json\/wp\/v2\/product_cat?post=4828"},{"taxonomy":"product_tag","embeddable":true,"href":"https:\/\/torosqui.com\/en\/wp-json\/wp\/v2\/product_tag?post=4828"}],"curies":[{"name":"wp","href":"https:\/\/api.w.org\/{rel}","templated":true}]}}