{"id":4814,"date":"2025-01-14T12:11:13","date_gmt":"2025-01-14T18:11:13","guid":{"rendered":"https:\/\/torosqui.com.mx\/?post_type=product&#038;p=4814"},"modified":"2026-03-19T13:49:57","modified_gmt":"2026-03-19T19:49:57","slug":"organismart-3-niveles-5-lt","status":"publish","type":"product","link":"https:\/\/torosqui.com\/en\/tienda\/organismart-3-niveles-5-lt\/","title":{"rendered":"Organizador Herm\u00e9tico Apilable Organismart 3 Niveles 5 L, Contenedores Intercambiables, Pl\u00e1stico Resistente | Torosqui"},"content":{"rendered":"","protected":false},"excerpt":{"rendered":"<p data-start=\"191\" data-end=\"402\">El <strong data-start=\"194\" data-end=\"242\">Organismart Torosqui de 3 niveles y 5 litros<\/strong> es un organizador <strong data-start=\"261\" data-end=\"285\">apilable y herm\u00e9tico<\/strong>, ideal para mantener tus alimentos perfectamente ordenados, frescos y sin riesgo de que se mezclen sabores u olores.<\/p>\n<p data-start=\"404\" data-end=\"743\">Cuenta con <strong data-start=\"415\" data-end=\"469\">tres contenedores independientes e intercambiables<\/strong>, lo que te permite adaptar su acomodo seg\u00fan tus necesidades de almacenamiento. Su <strong data-start=\"552\" data-end=\"598\">sistema de cierre con broches de seguridad<\/strong> proporciona un sellado firme que evita derrames accidentales, haci\u00e9ndolo perfecto para el refrigerador, la alacena o el transporte de alimentos.<\/p>\n<p data-start=\"745\" data-end=\"902\">Fabricado en <strong data-start=\"758\" data-end=\"799\">pl\u00e1stico resistente y de alta calidad<\/strong>, este organizador combina funcionalidad, durabilidad y dise\u00f1o pr\u00e1ctico para una cocina m\u00e1s organizada.<\/p>\n<hr data-start=\"904\" data-end=\"907\" \/>\n<p data-start=\"909\" data-end=\"940\"><strong data-start=\"909\" data-end=\"940\">CARACTER\u00cdSTICAS PRINCIPALES<\/strong><\/p>\n<ul data-start=\"941\" data-end=\"1405\">\n<li data-start=\"941\" data-end=\"984\">\n<p data-start=\"943\" data-end=\"984\">\u2705 Organizador <strong data-start=\"957\" data-end=\"982\">apilable de 3 niveles<\/strong><\/p>\n<\/li>\n<li data-start=\"985\" data-end=\"1030\">\n<p data-start=\"987\" data-end=\"1030\">\u2705 Evita la mezcla de <strong data-start=\"1008\" data-end=\"1028\">sabores y olores<\/strong><\/p>\n<\/li>\n<li data-start=\"1031\" data-end=\"1069\">\n<p data-start=\"1033\" data-end=\"1069\">\u2705 <strong data-start=\"1035\" data-end=\"1067\">Contenedores intercambiables<\/strong><\/p>\n<\/li>\n<li data-start=\"1070\" data-end=\"1121\">\n<p data-start=\"1072\" data-end=\"1121\">\u2705 Cierre herm\u00e9tico con <strong data-start=\"1095\" data-end=\"1119\">broches de seguridad<\/strong><\/p>\n<\/li>\n<li data-start=\"1122\" data-end=\"1165\">\n<p data-start=\"1124\" data-end=\"1165\">\u2705 Ideal para <strong data-start=\"1137\" data-end=\"1163\">refrigerador y alacena<\/strong><\/p>\n<\/li>\n<li data-start=\"1166\" data-end=\"1202\">\n<p data-start=\"1168\" data-end=\"1202\">\u2705 Pl\u00e1stico resistente y duradero<\/p>\n<\/li>\n<li data-start=\"1203\" data-end=\"1225\">\n<p data-start=\"1205\" data-end=\"1225\">\u2705 F\u00e1cil de limpiar<\/p>\n<\/li>\n<li data-start=\"1226\" data-end=\"1382\">\n<p data-start=\"1228\" data-end=\"1265\">\u2705 <strong data-start=\"1230\" data-end=\"1263\">Capacidad total: 5 L \/ 168 Oz<\/strong><\/p>\n<ul data-start=\"1268\" data-end=\"1382\">\n<li data-start=\"1268\" data-end=\"1305\">\n<p data-start=\"1270\" data-end=\"1305\">Nivel superior: <strong data-start=\"1286\" data-end=\"1303\">1.4 L \/ 47 Oz<\/strong><\/p>\n<\/li>\n<li data-start=\"1308\" data-end=\"1342\">\n<p data-start=\"1310\" data-end=\"1342\">Nivel medio: <strong data-start=\"1323\" data-end=\"1340\">1.4 L \/ 47 Oz<\/strong><\/p>\n<\/li>\n<li data-start=\"1345\" data-end=\"1382\">\n<p data-start=\"1347\" data-end=\"1382\">Nivel inferior: <strong data-start=\"1363\" data-end=\"1380\">2.4 L \/ 74 Oz<\/strong><\/p>\n<\/li>\n<\/ul>\n<\/li>\n<li data-start=\"1383\" data-end=\"1405\">\n<p data-start=\"1385\" data-end=\"1405\">\u2705 <strong data-start=\"1387\" data-end=\"1405\">Marca Torosqui<\/strong><\/p>\n<\/li>\n<\/ul>","protected":false},"featured_media":4817,"template":"","meta":[],"product_cat":[239,242,243],"product_tag":[],"class_list":{"0":"post-4814","1":"product","2":"type-product","3":"status-publish","4":"has-post-thumbnail","6":"product_cat-hogar","7":"product_cat-ofertas","8":"product_cat-destacados","10":"first","11":"instock","12":"taxable","13":"shipping-taxable","14":"purchasable","15":"product-type-simple"},"_links":{"self":[{"href":"https:\/\/torosqui.com\/en\/wp-json\/wp\/v2\/product\/4814","targetHints":{"allow":["GET"]}}],"collection":[{"href":"https:\/\/torosqui.com\/en\/wp-json\/wp\/v2\/product"}],"about":[{"href":"https:\/\/torosqui.com\/en\/wp-json\/wp\/v2\/types\/product"}],"version-history":[{"count":3,"href":"https:\/\/torosqui.com\/en\/wp-json\/wp\/v2\/product\/4814\/revisions"}],"predecessor-version":[{"id":6605,"href":"https:\/\/torosqui.com\/en\/wp-json\/wp\/v2\/product\/4814\/revisions\/6605"}],"wp:featuredmedia":[{"embeddable":true,"href":"https:\/\/torosqui.com\/en\/wp-json\/wp\/v2\/media\/4817"}],"wp:attachment":[{"href":"https:\/\/torosqui.com\/en\/wp-json\/wp\/v2\/media?parent=4814"}],"wp:term":[{"taxonomy":"product_cat","embeddable":true,"href":"https:\/\/torosqui.com\/en\/wp-json\/wp\/v2\/product_cat?post=4814"},{"taxonomy":"product_tag","embeddable":true,"href":"https:\/\/torosqui.com\/en\/wp-json\/wp\/v2\/product_tag?post=4814"}],"curies":[{"name":"wp","href":"https:\/\/api.w.org\/{rel}","templated":true}]}}