{"id":4282,"date":"2024-12-28T12:37:20","date_gmt":"2024-12-28T18:37:20","guid":{"rendered":"https:\/\/www.torosqui.com.mx\/?post_type=product&#038;p=4282"},"modified":"2026-03-12T16:42:37","modified_gmt":"2026-03-12T22:42:37","slug":"vaso-valvula-8-oz-240-ml","status":"publish","type":"product","link":"https:\/\/torosqui.com\/en\/tienda\/vaso-valvula-8-oz-240-ml\/","title":{"rendered":"Vaso V\u00e1lvula de Pl\u00e1stico 240 ml Antiderrames para Beb\u00e9, Libre de BPA, F\u00e1cil Agarre | Torosqui"},"content":{"rendered":"","protected":false},"excerpt":{"rendered":"<p data-start=\"174\" data-end=\"434\">El <strong data-start=\"177\" data-end=\"212\">Vaso V\u00e1lvula Torosqui de 240 ml<\/strong> es ligero, pr\u00e1ctico y seguro, ideal para el uso diario de los m\u00e1s peque\u00f1os. Su <strong data-start=\"292\" data-end=\"316\">sistema antiderrames<\/strong> ayuda a evitar accidentes, mientras que su dise\u00f1o de <strong data-start=\"370\" data-end=\"386\">f\u00e1cil agarre<\/strong> est\u00e1 pensado especialmente para manos peque\u00f1as.<\/p>\n<p data-start=\"436\" data-end=\"622\">Fabricado en <strong data-start=\"449\" data-end=\"474\">pl\u00e1stico libre de BPA<\/strong>, es <strong data-start=\"479\" data-end=\"505\">apto para lavavajillas<\/strong> y muy sencillo de limpiar. Su capacidad lo hace perfecto para agua, jugos o leche durante comidas, paseos o en casa.<\/p>\n<p data-start=\"624\" data-end=\"652\"><strong data-start=\"624\" data-end=\"638\">Capacity:<\/strong> 240 ml \/ 8 Oz<\/p>","protected":false},"featured_media":4291,"template":"","meta":[],"product_cat":[250,241],"product_tag":[],"class_list":{"0":"post-4282","1":"product","2":"type-product","3":"status-publish","4":"has-post-thumbnail","6":"product_cat-hidratacion","7":"product_cat-mas-vendidos","9":"first","10":"instock","11":"taxable","12":"shipping-taxable","13":"purchasable","14":"product-type-variable","15":"rtwpvs-product"},"_links":{"self":[{"href":"https:\/\/torosqui.com\/en\/wp-json\/wp\/v2\/product\/4282","targetHints":{"allow":["GET"]}}],"collection":[{"href":"https:\/\/torosqui.com\/en\/wp-json\/wp\/v2\/product"}],"about":[{"href":"https:\/\/torosqui.com\/en\/wp-json\/wp\/v2\/types\/product"}],"version-history":[{"count":3,"href":"https:\/\/torosqui.com\/en\/wp-json\/wp\/v2\/product\/4282\/revisions"}],"predecessor-version":[{"id":6609,"href":"https:\/\/torosqui.com\/en\/wp-json\/wp\/v2\/product\/4282\/revisions\/6609"}],"wp:featuredmedia":[{"embeddable":true,"href":"https:\/\/torosqui.com\/en\/wp-json\/wp\/v2\/media\/4291"}],"wp:attachment":[{"href":"https:\/\/torosqui.com\/en\/wp-json\/wp\/v2\/media?parent=4282"}],"wp:term":[{"taxonomy":"product_cat","embeddable":true,"href":"https:\/\/torosqui.com\/en\/wp-json\/wp\/v2\/product_cat?post=4282"},{"taxonomy":"product_tag","embeddable":true,"href":"https:\/\/torosqui.com\/en\/wp-json\/wp\/v2\/product_tag?post=4282"}],"curies":[{"name":"wp","href":"https:\/\/api.w.org\/{rel}","templated":true}]}}