{"id":4095,"date":"2024-12-26T16:45:36","date_gmt":"2024-12-26T22:45:36","guid":{"rendered":"https:\/\/www.torosqui.com.mx\/?post_type=product&#038;p=4095"},"modified":"2026-03-19T13:49:58","modified_gmt":"2026-03-19T19:49:58","slug":"cubeta-rectangular-con-escurridor-economica-13-lt","status":"publish","type":"product","link":"https:\/\/torosqui.com\/en\/tienda\/cubeta-rectangular-con-escurridor-economica-13-lt\/","title":{"rendered":"Cubeta 360 con Escurridor Econ\u00f3mica 13 Litros, Pr\u00e1ctica para Limpieza | Torosqui"},"content":{"rendered":"","protected":false},"excerpt":{"rendered":"<p data-start=\"160\" data-end=\"473\">La <strong data-start=\"163\" data-end=\"232\">360 con Escurridor Econ\u00f3mica Torosqui de 13 litros<\/strong> es una soluci\u00f3n pr\u00e1ctica y funcional para realizar las tareas de limpieza del hogar de forma <strong data-start=\"326\" data-end=\"354\">m\u00e1s sencilla y eficiente<\/strong>. Su <strong data-start=\"359\" data-end=\"383\">escurridor integrado<\/strong> permite retirar f\u00e1cilmente el exceso de agua, optimizando el uso del trapeador o franela.<\/p>\n<p data-start=\"475\" data-end=\"722\">Cuenta con una <strong data-start=\"490\" data-end=\"510\">amplia capacidad<\/strong> y un <strong data-start=\"516\" data-end=\"534\">asa resistente<\/strong> que facilita el agarre y transporte. Su dise\u00f1o rectangular y tama\u00f1o compacto permiten un <strong data-start=\"624\" data-end=\"651\">almacenamiento sencillo<\/strong>, ideal para espacios peque\u00f1os como ba\u00f1os, cocinas o \u00e1reas de servicio.<\/p>\n<p data-start=\"724\" data-end=\"924\">Fabricada con <strong data-start=\"738\" data-end=\"772\">pl\u00e1stico resistente y duradero<\/strong>, es perfecta para el uso diario, manteniendo la calidad que distingue a <strong data-start=\"845\" data-end=\"857\">Torosqui<\/strong>, marca <strong data-start=\"865\" data-end=\"882\">100% mexicana<\/strong> especializada en pl\u00e1sticos para el hogar.<\/p>\n<hr data-start=\"926\" data-end=\"929\" \/>\n<p data-start=\"931\" data-end=\"962\"><strong data-start=\"931\" data-end=\"962\">CARACTER\u00cdSTICAS PRINCIPALES<\/strong><\/p>\n<ul data-start=\"963\" data-end=\"1305\" data-is-last-node=\"\" data-is-only-node=\"\">\n<li data-start=\"963\" data-end=\"1005\">\n<p data-start=\"965\" data-end=\"1005\">\u2705 <strong data-start=\"967\" data-end=\"1005\">Capacidad: 13 litros \/ 3.4 galones<\/strong><\/p>\n<\/li>\n<li data-start=\"1006\" data-end=\"1062\">\n<p data-start=\"1008\" data-end=\"1062\">\u2705 <strong data-start=\"1010\" data-end=\"1034\">Escurridor integrado<\/strong> para retirar exceso de agua<\/p>\n<\/li>\n<li data-start=\"1063\" data-end=\"1100\">\n<p data-start=\"1065\" data-end=\"1100\">\u2705 Dise\u00f1o <strong data-start=\"1074\" data-end=\"1100\">rectangular y compacto<\/strong><\/p>\n<\/li>\n<li data-start=\"1101\" data-end=\"1141\">\n<p data-start=\"1103\" data-end=\"1141\">\u2705 <strong data-start=\"1105\" data-end=\"1123\">Asa resistente<\/strong> para f\u00e1cil agarre<\/p>\n<\/li>\n<li data-start=\"1142\" data-end=\"1188\">\n<p data-start=\"1144\" data-end=\"1188\">\u2705 Fabricada con <strong data-start=\"1160\" data-end=\"1188\">pl\u00e1stico de alta calidad<\/strong><\/p>\n<\/li>\n<li data-start=\"1189\" data-end=\"1226\">\n<p data-start=\"1191\" data-end=\"1226\">\u2705 Ideal para <strong data-start=\"1204\" data-end=\"1226\">limpieza del hogar<\/strong><\/p>\n<\/li>\n<li data-start=\"1227\" data-end=\"1249\">\n<p data-start=\"1229\" data-end=\"1249\">\u2705 F\u00e1cil de almacenar<\/p>\n<\/li>\n<li data-start=\"1250\" data-end=\"1305\" data-is-last-node=\"\">\n<p data-start=\"1252\" data-end=\"1305\" data-is-last-node=\"\">\u2705 <strong data-start=\"1254\" data-end=\"1305\" data-is-last-node=\"\">Marca mexicana Torosqui \u2013 calidad y durabilidad<\/strong><\/p>\n<\/li>\n<\/ul>","protected":false},"featured_media":4096,"template":"","meta":[],"product_cat":[251,241],"product_tag":[],"class_list":{"0":"post-4095","1":"product","2":"type-product","3":"status-publish","4":"has-post-thumbnail","6":"product_cat-limpieza","7":"product_cat-mas-vendidos","9":"first","10":"instock","11":"sale","12":"taxable","13":"shipping-taxable","14":"purchasable","15":"product-type-variable","16":"rtwpvs-product"},"_links":{"self":[{"href":"https:\/\/torosqui.com\/en\/wp-json\/wp\/v2\/product\/4095","targetHints":{"allow":["GET"]}}],"collection":[{"href":"https:\/\/torosqui.com\/en\/wp-json\/wp\/v2\/product"}],"about":[{"href":"https:\/\/torosqui.com\/en\/wp-json\/wp\/v2\/types\/product"}],"version-history":[{"count":4,"href":"https:\/\/torosqui.com\/en\/wp-json\/wp\/v2\/product\/4095\/revisions"}],"predecessor-version":[{"id":6843,"href":"https:\/\/torosqui.com\/en\/wp-json\/wp\/v2\/product\/4095\/revisions\/6843"}],"wp:featuredmedia":[{"embeddable":true,"href":"https:\/\/torosqui.com\/en\/wp-json\/wp\/v2\/media\/4096"}],"wp:attachment":[{"href":"https:\/\/torosqui.com\/en\/wp-json\/wp\/v2\/media?parent=4095"}],"wp:term":[{"taxonomy":"product_cat","embeddable":true,"href":"https:\/\/torosqui.com\/en\/wp-json\/wp\/v2\/product_cat?post=4095"},{"taxonomy":"product_tag","embeddable":true,"href":"https:\/\/torosqui.com\/en\/wp-json\/wp\/v2\/product_tag?post=4095"}],"curies":[{"name":"wp","href":"https:\/\/api.w.org\/{rel}","templated":true}]}}