{"id":4082,"date":"2024-12-26T16:36:18","date_gmt":"2024-12-26T22:36:18","guid":{"rendered":"https:\/\/www.torosqui.com.mx\/?post_type=product&#038;p=4082"},"modified":"2026-03-11T19:33:41","modified_gmt":"2026-03-12T01:33:41","slug":"cubeta-recta-con-ruedas-y-escurridor-economica-14-lt","status":"publish","type":"product","link":"https:\/\/torosqui.com\/en\/tienda\/cubeta-recta-con-ruedas-y-escurridor-economica-14-lt\/","title":{"rendered":"Cubeta Recta con Ruedas y Escurridor Econ\u00f3mica 14 Litros, Limpieza sin Contacto | Torosqui"},"content":{"rendered":"","protected":false},"excerpt":{"rendered":"<div class=\"flex max-w-full flex-col grow\">\n<div class=\"min-h-8 text-message relative flex w-full flex-col items-end gap-2 text-start break-words whitespace-normal [.text-message+&amp;]:mt-1\" dir=\"auto\" data-message-author-role=\"assistant\" data-message-id=\"b3ade5f6-1fd2-4ae7-a201-70f7b6cc4751\" data-message-model-slug=\"gpt-5-2\">\n<div class=\"flex w-full flex-col gap-1 empty:hidden first:pt-[1px]\">\n<div class=\"markdown prose dark:prose-invert w-full break-words light markdown-new-styling\">\n<p data-start=\"162\" data-end=\"439\">La <strong data-start=\"165\" data-end=\"237\">Cubeta Recta con Ruedas y Escurridor Econ\u00f3mica Torosqui de 14 litros<\/strong> est\u00e1 dise\u00f1ada para hacer la limpieza del hogar <strong data-start=\"285\" data-end=\"318\">m\u00e1s c\u00f3moda, pr\u00e1ctica y segura<\/strong>. Gracias a sus <strong data-start=\"334\" data-end=\"346\">4 ruedas<\/strong>, se transporta f\u00e1cilmente sin esfuerzo, ideal para el uso diario en casa, oficina o negocio.<\/p>\n<p data-start=\"441\" data-end=\"698\">Su <strong data-start=\"444\" data-end=\"468\">escurridor integrado<\/strong> permite retirar el exceso de agua sin necesidad de tocarla, ayudando a <strong data-start=\"540\" data-end=\"591\">trapear sin contacto directo y sin usar guantes<\/strong>. Cuenta con un <strong data-start=\"607\" data-end=\"640\">asa de metal s\u00faper resistente<\/strong>, que brinda mayor seguridad y durabilidad durante su uso.<\/p>\n<p data-start=\"700\" data-end=\"985\">Su tama\u00f1o pr\u00e1ctico facilita el <strong data-start=\"731\" data-end=\"749\">almacenamiento<\/strong>, convirti\u00e9ndola en una excelente opci\u00f3n para quienes buscan eficiencia, comodidad y calidad en productos de limpieza. Como todos los productos Torosqui, est\u00e1 fabricada con <strong data-start=\"922\" data-end=\"961\">pl\u00e1stico resistente de alta calidad<\/strong> y es <strong data-start=\"967\" data-end=\"984\">100% mexicana<\/strong>.<\/p>\n<hr data-start=\"987\" data-end=\"990\" \/>\n<p data-start=\"992\" data-end=\"1023\"><strong data-start=\"992\" data-end=\"1023\">CARACTER\u00cdSTICAS PRINCIPALES<\/strong><\/p>\n<ul data-start=\"1024\" data-end=\"1448\" data-is-last-node=\"\" data-is-only-node=\"\">\n<li data-start=\"1024\" data-end=\"1066\">\n<p data-start=\"1026\" data-end=\"1066\">\u2705 <strong data-start=\"1028\" data-end=\"1066\">Capacidad: 14 litros \/ 3.7 galones<\/strong><\/p>\n<\/li>\n<li data-start=\"1067\" data-end=\"1119\">\n<p data-start=\"1069\" data-end=\"1119\">\u2705 <strong data-start=\"1071\" data-end=\"1095\">Escurridor integrado<\/strong> para limpieza eficiente<\/p>\n<\/li>\n<li data-start=\"1120\" data-end=\"1158\">\n<p data-start=\"1122\" data-end=\"1158\">\u2705 <strong data-start=\"1124\" data-end=\"1136\">4 ruedas<\/strong> para f\u00e1cil transporte<\/p>\n<\/li>\n<li data-start=\"1159\" data-end=\"1208\">\n<p data-start=\"1161\" data-end=\"1208\">\u2705 Permite <strong data-start=\"1171\" data-end=\"1208\">limpieza sin contacto con el agua<\/strong><\/p>\n<\/li>\n<li data-start=\"1209\" data-end=\"1246\">\n<p data-start=\"1211\" data-end=\"1246\">\u2705 <strong data-start=\"1213\" data-end=\"1246\">Asa de metal s\u00faper resistente<\/strong><\/p>\n<\/li>\n<li data-start=\"1247\" data-end=\"1287\">\n<p data-start=\"1249\" data-end=\"1287\">\u2705 Dise\u00f1o pr\u00e1ctico y f\u00e1cil de almacenar<\/p>\n<\/li>\n<li data-start=\"1288\" data-end=\"1334\">\n<p data-start=\"1290\" data-end=\"1334\">\u2705 Fabricada con <strong data-start=\"1306\" data-end=\"1334\">pl\u00e1stico de alta calidad<\/strong><\/p>\n<\/li>\n<li data-start=\"1335\" data-end=\"1392\">\n<p data-start=\"1337\" data-end=\"1392\">\u2705 Ideal para <strong data-start=\"1350\" data-end=\"1392\">limpieza del hogar, oficina o comercio<\/strong><\/p>\n<\/li>\n<li data-start=\"1393\" data-end=\"1448\" data-is-last-node=\"\">\n<p data-start=\"1395\" data-end=\"1448\" data-is-last-node=\"\">\u2705 <strong data-start=\"1397\" data-end=\"1448\" data-is-last-node=\"\">Marca mexicana Torosqui \u2013 calidad y durabilidad<\/strong><\/p>\n<\/li>\n<\/ul>\n<\/div>\n<\/div>\n<\/div>\n<\/div>","protected":false},"featured_media":4083,"template":"","meta":[],"product_cat":[251],"product_tag":[],"class_list":{"0":"post-4082","1":"product","2":"type-product","3":"status-publish","4":"has-post-thumbnail","6":"product_cat-limpieza","8":"first","9":"instock","10":"sale","11":"taxable","12":"shipping-taxable","13":"purchasable","14":"product-type-variable","15":"rtwpvs-product"},"_links":{"self":[{"href":"https:\/\/torosqui.com\/en\/wp-json\/wp\/v2\/product\/4082","targetHints":{"allow":["GET"]}}],"collection":[{"href":"https:\/\/torosqui.com\/en\/wp-json\/wp\/v2\/product"}],"about":[{"href":"https:\/\/torosqui.com\/en\/wp-json\/wp\/v2\/types\/product"}],"version-history":[{"count":4,"href":"https:\/\/torosqui.com\/en\/wp-json\/wp\/v2\/product\/4082\/revisions"}],"predecessor-version":[{"id":6475,"href":"https:\/\/torosqui.com\/en\/wp-json\/wp\/v2\/product\/4082\/revisions\/6475"}],"wp:featuredmedia":[{"embeddable":true,"href":"https:\/\/torosqui.com\/en\/wp-json\/wp\/v2\/media\/4083"}],"wp:attachment":[{"href":"https:\/\/torosqui.com\/en\/wp-json\/wp\/v2\/media?parent=4082"}],"wp:term":[{"taxonomy":"product_cat","embeddable":true,"href":"https:\/\/torosqui.com\/en\/wp-json\/wp\/v2\/product_cat?post=4082"},{"taxonomy":"product_tag","embeddable":true,"href":"https:\/\/torosqui.com\/en\/wp-json\/wp\/v2\/product_tag?post=4082"}],"curies":[{"name":"wp","href":"https:\/\/api.w.org\/{rel}","templated":true}]}}