{"id":4073,"date":"2024-12-26T16:25:52","date_gmt":"2024-12-26T22:25:52","guid":{"rendered":"https:\/\/www.torosqui.com.mx\/?post_type=product&#038;p=4073"},"modified":"2026-03-31T10:59:43","modified_gmt":"2026-03-31T16:59:43","slug":"cubeta-flexible-n-18-15-lt","status":"publish","type":"product","link":"https:\/\/torosqui.com\/en\/tienda\/cubeta-flexible-n-18-15-lt\/","title":{"rendered":"Cubeta Flexible de Pl\u00e1stico 15 L Uso Rudo con Asa Met\u00e1lica, Hecha en M\u00e9xico | Torosqui"},"content":{"rendered":"","protected":false},"excerpt":{"rendered":"<p>Cubeta flexible de <strong data-start=\"561\" data-end=\"574\">15 litros<\/strong> para <strong data-start=\"580\" data-end=\"592\">uso rudo<\/strong>, ideal para limpieza, pintura, trapear o almacenar agua. Fabricada en <strong data-start=\"663\" data-end=\"697\">pl\u00e1stico resistente y flexible<\/strong>, con <strong data-start=\"703\" data-end=\"719\">asa met\u00e1lica<\/strong> para mayor durabilidad. F\u00e1cil de apilar y almacenar.<br data-start=\"772\" data-end=\"775\" \/><strong data-start=\"775\" data-end=\"801\">Producto 100% mexicano<\/strong>, hecho con materiales de alta calidad.<\/p>","protected":false},"featured_media":4053,"template":"","meta":[],"product_cat":[251,240],"product_tag":[],"class_list":{"0":"post-4073","1":"product","2":"type-product","3":"status-publish","4":"has-post-thumbnail","6":"product_cat-limpieza","7":"product_cat-nuevos-ingresos","9":"first","10":"instock","11":"taxable","12":"shipping-taxable","13":"purchasable","14":"product-type-variable","15":"rtwpvs-product"},"_links":{"self":[{"href":"https:\/\/torosqui.com\/en\/wp-json\/wp\/v2\/product\/4073","targetHints":{"allow":["GET"]}}],"collection":[{"href":"https:\/\/torosqui.com\/en\/wp-json\/wp\/v2\/product"}],"about":[{"href":"https:\/\/torosqui.com\/en\/wp-json\/wp\/v2\/types\/product"}],"version-history":[{"count":3,"href":"https:\/\/torosqui.com\/en\/wp-json\/wp\/v2\/product\/4073\/revisions"}],"predecessor-version":[{"id":6615,"href":"https:\/\/torosqui.com\/en\/wp-json\/wp\/v2\/product\/4073\/revisions\/6615"}],"wp:featuredmedia":[{"embeddable":true,"href":"https:\/\/torosqui.com\/en\/wp-json\/wp\/v2\/media\/4053"}],"wp:attachment":[{"href":"https:\/\/torosqui.com\/en\/wp-json\/wp\/v2\/media?parent=4073"}],"wp:term":[{"taxonomy":"product_cat","embeddable":true,"href":"https:\/\/torosqui.com\/en\/wp-json\/wp\/v2\/product_cat?post=4073"},{"taxonomy":"product_tag","embeddable":true,"href":"https:\/\/torosqui.com\/en\/wp-json\/wp\/v2\/product_tag?post=4073"}],"curies":[{"name":"wp","href":"https:\/\/api.w.org\/{rel}","templated":true}]}}