{"id":4065,"date":"2024-12-26T16:18:24","date_gmt":"2024-12-26T22:18:24","guid":{"rendered":"https:\/\/www.torosqui.com.mx\/?post_type=product&#038;p=4065"},"modified":"2026-03-17T10:10:21","modified_gmt":"2026-03-17T16:10:21","slug":"cubeta-flexible-n-16-11-lt","status":"publish","type":"product","link":"https:\/\/torosqui.com\/en\/tienda\/cubeta-flexible-n-16-11-lt\/","title":{"rendered":"Cubeta Flexible de Pl\u00e1stico 11 L Uso Rudo con Asa Met\u00e1lica, Hecha en M\u00e9xico | Torosqui"},"content":{"rendered":"","protected":false},"excerpt":{"rendered":"<p data-start=\"159\" data-end=\"461\">Cubeta flexible de <strong data-start=\"178\" data-end=\"191\">11 litros<\/strong> para <strong data-start=\"197\" data-end=\"209\">uso rudo<\/strong>, ideal para limpieza, pintura, trapear o almacenar agua. Fabricada en <strong data-start=\"280\" data-end=\"314\">pl\u00e1stico resistente y flexible<\/strong>, con <strong data-start=\"320\" data-end=\"336\">asa met\u00e1lica<\/strong> para mayor durabilidad. F\u00e1cil de apilar y almacenar.<br data-start=\"389\" data-end=\"392\" \/>Producto <strong data-start=\"401\" data-end=\"418\">100% mexicano<\/strong>, elaborado con materiales de alta calidad.<\/p>\n<p data-start=\"463\" data-end=\"496\"><strong data-start=\"463\" data-end=\"477\">Capacity:<\/strong> 11 Lt \/ 2.9 Gallon<\/p>","protected":false},"featured_media":4052,"template":"","meta":[],"product_cat":[251,243],"product_tag":[],"class_list":{"0":"post-4065","1":"product","2":"type-product","3":"status-publish","4":"has-post-thumbnail","6":"product_cat-limpieza","7":"product_cat-destacados","9":"first","10":"instock","11":"taxable","12":"shipping-taxable","13":"purchasable","14":"product-type-variable","15":"rtwpvs-product"},"_links":{"self":[{"href":"https:\/\/torosqui.com\/en\/wp-json\/wp\/v2\/product\/4065","targetHints":{"allow":["GET"]}}],"collection":[{"href":"https:\/\/torosqui.com\/en\/wp-json\/wp\/v2\/product"}],"about":[{"href":"https:\/\/torosqui.com\/en\/wp-json\/wp\/v2\/types\/product"}],"version-history":[{"count":3,"href":"https:\/\/torosqui.com\/en\/wp-json\/wp\/v2\/product\/4065\/revisions"}],"predecessor-version":[{"id":6617,"href":"https:\/\/torosqui.com\/en\/wp-json\/wp\/v2\/product\/4065\/revisions\/6617"}],"wp:featuredmedia":[{"embeddable":true,"href":"https:\/\/torosqui.com\/en\/wp-json\/wp\/v2\/media\/4052"}],"wp:attachment":[{"href":"https:\/\/torosqui.com\/en\/wp-json\/wp\/v2\/media?parent=4065"}],"wp:term":[{"taxonomy":"product_cat","embeddable":true,"href":"https:\/\/torosqui.com\/en\/wp-json\/wp\/v2\/product_cat?post=4065"},{"taxonomy":"product_tag","embeddable":true,"href":"https:\/\/torosqui.com\/en\/wp-json\/wp\/v2\/product_tag?post=4065"}],"curies":[{"name":"wp","href":"https:\/\/api.w.org\/{rel}","templated":true}]}}