{"id":4050,"date":"2024-11-26T16:11:24","date_gmt":"2024-11-26T22:11:24","guid":{"rendered":"https:\/\/www.torosqui.com.mx\/?post_type=product&#038;p=4050"},"modified":"2026-02-20T09:26:45","modified_gmt":"2026-02-20T15:26:45","slug":"cubeta-flexible-n-14-10-l","status":"publish","type":"product","link":"https:\/\/torosqui.com\/en\/tienda\/cubeta-flexible-n-14-10-l\/","title":{"rendered":"Cubeta Flexible de Pl\u00e1stico No. 14 de 10 L Uso Rudo con Asa Met\u00e1lica, Hecha en M\u00e9xico | Torosqui"},"content":{"rendered":"","protected":false},"excerpt":{"rendered":"<p data-start=\"148\" data-end=\"296\">Cubeta flexible de <strong data-start=\"167\" data-end=\"180\">10 litros<\/strong> para <strong data-start=\"186\" data-end=\"198\">uso rudo<\/strong>, ideal para limpieza, pintura, trapear o almacenar agua. Resistente, pr\u00e1ctica y f\u00e1cil de guardar.<\/p>\n<hr data-start=\"298\" data-end=\"301\" \/>\n<h3 data-start=\"303\" data-end=\"328\">\u2705 <strong data-start=\"309\" data-end=\"328\">Caracter\u00edsticas<\/strong><\/h3>\n<p data-start=\"329\" data-end=\"563\">\u2714 Capacidad de <strong data-start=\"344\" data-end=\"366\">10 Lt \/ 2.6 Gallon<\/strong><br data-start=\"366\" data-end=\"369\" \/>\u2714 Pl\u00e1stico <strong data-start=\"380\" data-end=\"405\">flexible y resistente<\/strong><br data-start=\"405\" data-end=\"408\" \/>\u2714 <strong data-start=\"410\" data-end=\"426\">Asa met\u00e1lica<\/strong> para mayor durabilidad<br data-start=\"449\" data-end=\"452\" \/>\u2714 <strong data-start=\"454\" data-end=\"466\">Apilable<\/strong> para f\u00e1cil almacenamiento<br data-start=\"492\" data-end=\"495\" \/>\u2714 Producto <strong data-start=\"506\" data-end=\"523\">100% mexicano<\/strong>, hecho con materiales de alta calidad<\/p>","protected":false},"featured_media":4052,"template":"","meta":[],"product_cat":[251],"product_tag":[],"class_list":{"0":"post-4050","1":"product","2":"type-product","3":"status-publish","4":"has-post-thumbnail","6":"product_cat-limpieza","8":"first","9":"instock","10":"taxable","11":"shipping-taxable","12":"purchasable","13":"product-type-variable","14":"rtwpvs-product"},"_links":{"self":[{"href":"https:\/\/torosqui.com\/en\/wp-json\/wp\/v2\/product\/4050","targetHints":{"allow":["GET"]}}],"collection":[{"href":"https:\/\/torosqui.com\/en\/wp-json\/wp\/v2\/product"}],"about":[{"href":"https:\/\/torosqui.com\/en\/wp-json\/wp\/v2\/types\/product"}],"version-history":[{"count":4,"href":"https:\/\/torosqui.com\/en\/wp-json\/wp\/v2\/product\/4050\/revisions"}],"predecessor-version":[{"id":6699,"href":"https:\/\/torosqui.com\/en\/wp-json\/wp\/v2\/product\/4050\/revisions\/6699"}],"wp:featuredmedia":[{"embeddable":true,"href":"https:\/\/torosqui.com\/en\/wp-json\/wp\/v2\/media\/4052"}],"wp:attachment":[{"href":"https:\/\/torosqui.com\/en\/wp-json\/wp\/v2\/media?parent=4050"}],"wp:term":[{"taxonomy":"product_cat","embeddable":true,"href":"https:\/\/torosqui.com\/en\/wp-json\/wp\/v2\/product_cat?post=4050"},{"taxonomy":"product_tag","embeddable":true,"href":"https:\/\/torosqui.com\/en\/wp-json\/wp\/v2\/product_tag?post=4050"}],"curies":[{"name":"wp","href":"https:\/\/api.w.org\/{rel}","templated":true}]}}