{"id":4023,"date":"2024-12-26T15:52:19","date_gmt":"2024-12-26T21:52:19","guid":{"rendered":"https:\/\/www.torosqui.com.mx\/?post_type=product&#038;p=4023"},"modified":"2026-03-19T13:49:57","modified_gmt":"2026-03-19T19:49:57","slug":"cubeta-flexible-n-8-4-lt","status":"publish","type":"product","link":"https:\/\/torosqui.com\/en\/tienda\/cubeta-flexible-n-8-4-lt\/","title":{"rendered":"Cubeta Flexible de Pl\u00e1stico No.8 de 4 L Uso Rudo con Asa Met\u00e1lica, Hecha en M\u00e9xico | Torosqui"},"content":{"rendered":"","protected":false},"excerpt":{"rendered":"<p data-start=\"158\" data-end=\"507\">Cubeta flexible de <strong data-start=\"177\" data-end=\"189\">4 litros<\/strong> para <strong data-start=\"195\" data-end=\"207\">uso rudo<\/strong>, ideal para limpieza, pintura, trapear o almacenar agua. Fabricada en <strong data-start=\"278\" data-end=\"312\">pl\u00e1stico resistente y flexible<\/strong>, con <strong data-start=\"318\" data-end=\"334\">asa met\u00e1lica<\/strong> que brinda mayor durabilidad. Es <strong data-start=\"368\" data-end=\"380\">apilable<\/strong>, lo que facilita su almacenamiento.<br data-start=\"416\" data-end=\"419\" \/>Producto <strong data-start=\"428\" data-end=\"445\" data-is-only-node=\"\">100% mexicano<\/strong>, hecho con materiales de alta calidad para un uso prolongado.<\/p>\n<p data-start=\"509\" data-end=\"539\"><strong data-start=\"509\" data-end=\"523\">Capacity:<\/strong> 4 Lt \/ 1 Gallon<\/p>","protected":false},"featured_media":4024,"template":"","meta":[],"product_cat":[251,241],"product_tag":[],"class_list":{"0":"post-4023","1":"product","2":"type-product","3":"status-publish","4":"has-post-thumbnail","6":"product_cat-limpieza","7":"product_cat-mas-vendidos","9":"first","10":"instock","11":"taxable","12":"shipping-taxable","13":"purchasable","14":"product-type-variable","15":"rtwpvs-product"},"_links":{"self":[{"href":"https:\/\/torosqui.com\/en\/wp-json\/wp\/v2\/product\/4023","targetHints":{"allow":["GET"]}}],"collection":[{"href":"https:\/\/torosqui.com\/en\/wp-json\/wp\/v2\/product"}],"about":[{"href":"https:\/\/torosqui.com\/en\/wp-json\/wp\/v2\/types\/product"}],"version-history":[{"count":4,"href":"https:\/\/torosqui.com\/en\/wp-json\/wp\/v2\/product\/4023\/revisions"}],"predecessor-version":[{"id":6840,"href":"https:\/\/torosqui.com\/en\/wp-json\/wp\/v2\/product\/4023\/revisions\/6840"}],"wp:featuredmedia":[{"embeddable":true,"href":"https:\/\/torosqui.com\/en\/wp-json\/wp\/v2\/media\/4024"}],"wp:attachment":[{"href":"https:\/\/torosqui.com\/en\/wp-json\/wp\/v2\/media?parent=4023"}],"wp:term":[{"taxonomy":"product_cat","embeddable":true,"href":"https:\/\/torosqui.com\/en\/wp-json\/wp\/v2\/product_cat?post=4023"},{"taxonomy":"product_tag","embeddable":true,"href":"https:\/\/torosqui.com\/en\/wp-json\/wp\/v2\/product_tag?post=4023"}],"curies":[{"name":"wp","href":"https:\/\/api.w.org\/{rel}","templated":true}]}}