{"id":3925,"date":"2024-12-26T11:34:09","date_gmt":"2024-12-26T17:34:09","guid":{"rendered":"https:\/\/www.torosqui.com.mx\/?post_type=product&#038;p=3925"},"modified":"2026-02-05T17:10:30","modified_gmt":"2026-02-05T23:10:30","slug":"tortillero-le","status":"publish","type":"product","link":"https:\/\/torosqui.com\/en\/tienda\/tortillero-le\/","title":{"rendered":"Tortillero de Pl\u00e1stico con Apariencia Tejida, Apto para Microondas, libre de BPA | Torosqui"},"content":{"rendered":"","protected":false},"excerpt":{"rendered":"<p>Tortillero de pl\u00e1stico <strong data-start=\"191\" data-end=\"214\">ligero y resistente<\/strong>, con <strong data-start=\"220\" data-end=\"241\">apariencia tejida<\/strong> y tama\u00f1o pr\u00e1ctico para un f\u00e1cil almacenamiento. <strong data-start=\"290\" data-end=\"314\">Apto para microondas<\/strong> y <strong data-start=\"317\" data-end=\"333\">libre de BPA<\/strong>, ideal para mantener las tortillas calientes por m\u00e1s tiempo.<br data-start=\"394\" data-end=\"397\" \/>Perfecto para <strong data-start=\"411\" data-end=\"446\" data-is-only-node=\"\">hogar, restaurantes y taquer\u00edas<\/strong>. Producto <strong data-start=\"457\" data-end=\"474\">100% mexicano<\/strong> de alta calidad.<\/p>","protected":false},"featured_media":3926,"template":"","meta":[],"product_cat":[249,241,240],"product_tag":[],"class_list":{"0":"post-3925","1":"product","2":"type-product","3":"status-publish","4":"has-post-thumbnail","6":"product_cat-mesa","7":"product_cat-mas-vendidos","8":"product_cat-nuevos-ingresos","10":"first","11":"outofstock","12":"taxable","13":"shipping-taxable","14":"purchasable","15":"product-type-variable","16":"rtwpvs-product"},"_links":{"self":[{"href":"https:\/\/torosqui.com\/en\/wp-json\/wp\/v2\/product\/3925","targetHints":{"allow":["GET"]}}],"collection":[{"href":"https:\/\/torosqui.com\/en\/wp-json\/wp\/v2\/product"}],"about":[{"href":"https:\/\/torosqui.com\/en\/wp-json\/wp\/v2\/types\/product"}],"version-history":[{"count":3,"href":"https:\/\/torosqui.com\/en\/wp-json\/wp\/v2\/product\/3925\/revisions"}],"predecessor-version":[{"id":6645,"href":"https:\/\/torosqui.com\/en\/wp-json\/wp\/v2\/product\/3925\/revisions\/6645"}],"wp:featuredmedia":[{"embeddable":true,"href":"https:\/\/torosqui.com\/en\/wp-json\/wp\/v2\/media\/3926"}],"wp:attachment":[{"href":"https:\/\/torosqui.com\/en\/wp-json\/wp\/v2\/media?parent=3925"}],"wp:term":[{"taxonomy":"product_cat","embeddable":true,"href":"https:\/\/torosqui.com\/en\/wp-json\/wp\/v2\/product_cat?post=3925"},{"taxonomy":"product_tag","embeddable":true,"href":"https:\/\/torosqui.com\/en\/wp-json\/wp\/v2\/product_tag?post=3925"}],"curies":[{"name":"wp","href":"https:\/\/api.w.org\/{rel}","templated":true}]}}