{"id":3870,"date":"2024-12-26T10:49:33","date_gmt":"2024-12-26T16:49:33","guid":{"rendered":"https:\/\/www.torosqui.com.mx\/?post_type=product&#038;p=3870"},"modified":"2026-03-09T17:09:57","modified_gmt":"2026-03-09T23:09:57","slug":"bowl-grande-bi-color-34-oz-1-lt","status":"publish","type":"product","link":"https:\/\/torosqui.com\/en\/tienda\/bowl-grande-bi-color-34-oz-1-lt\/","title":{"rendered":"Bowl Grande de Pl\u00e1stico Bi-Color 1 L para Sopas y Ensaladas, Libre de BPA | Torosqui"},"content":{"rendered":"","protected":false},"excerpt":{"rendered":"<p data-start=\"146\" data-end=\"291\">Bowl bi-color de <strong data-start=\"163\" data-end=\"174\">1 litro<\/strong>, s\u00faper resistente y vers\u00e1til, ideal para consom\u00e9s, sopas, ensaladas o botanas. Perfecto para uso diario y reuniones.<\/p>\n<hr data-start=\"293\" data-end=\"296\" \/>\n<h3 data-start=\"298\" data-end=\"323\">\u2705 <strong data-start=\"304\" data-end=\"323\">Caracter\u00edsticas<\/strong><\/h3>\n<p data-start=\"324\" data-end=\"518\">\u2714 Capacidad de <strong data-start=\"339\" data-end=\"355\">1 Lt \/ 34 Oz<\/strong><br data-start=\"355\" data-end=\"358\" \/>\u2714 Pl\u00e1stico bi-color resistente y duradero<br data-start=\"399\" data-end=\"402\" \/>\u2714 <strong data-start=\"404\" data-end=\"420\">Libre de BPA<\/strong><br data-start=\"420\" data-end=\"423\" \/>\u2714 <strong data-start=\"425\" data-end=\"464\">Apto para microondas y lavavajillas<\/strong><br data-start=\"464\" data-end=\"467\" \/>\u2714 Ideal para sopas, ensaladas, consom\u00e9s y botanas<\/p>","protected":false},"featured_media":3836,"template":"","meta":[],"product_cat":[249,243],"product_tag":[],"class_list":{"0":"post-3870","1":"product","2":"type-product","3":"status-publish","4":"has-post-thumbnail","6":"product_cat-mesa","7":"product_cat-destacados","9":"first","10":"instock","11":"taxable","12":"shipping-taxable","13":"purchasable","14":"product-type-variable","15":"rtwpvs-product"},"_links":{"self":[{"href":"https:\/\/torosqui.com\/en\/wp-json\/wp\/v2\/product\/3870","targetHints":{"allow":["GET"]}}],"collection":[{"href":"https:\/\/torosqui.com\/en\/wp-json\/wp\/v2\/product"}],"about":[{"href":"https:\/\/torosqui.com\/en\/wp-json\/wp\/v2\/types\/product"}],"version-history":[{"count":3,"href":"https:\/\/torosqui.com\/en\/wp-json\/wp\/v2\/product\/3870\/revisions"}],"predecessor-version":[{"id":6661,"href":"https:\/\/torosqui.com\/en\/wp-json\/wp\/v2\/product\/3870\/revisions\/6661"}],"wp:featuredmedia":[{"embeddable":true,"href":"https:\/\/torosqui.com\/en\/wp-json\/wp\/v2\/media\/3836"}],"wp:attachment":[{"href":"https:\/\/torosqui.com\/en\/wp-json\/wp\/v2\/media?parent=3870"}],"wp:term":[{"taxonomy":"product_cat","embeddable":true,"href":"https:\/\/torosqui.com\/en\/wp-json\/wp\/v2\/product_cat?post=3870"},{"taxonomy":"product_tag","embeddable":true,"href":"https:\/\/torosqui.com\/en\/wp-json\/wp\/v2\/product_tag?post=3870"}],"curies":[{"name":"wp","href":"https:\/\/api.w.org\/{rel}","templated":true}]}}