{"id":3660,"date":"2024-12-23T13:02:43","date_gmt":"2024-12-23T19:02:43","guid":{"rendered":"https:\/\/www.torosqui.com.mx\/?post_type=product&#038;p=3660"},"modified":"2026-03-19T13:49:57","modified_gmt":"2026-03-19T19:49:57","slug":"hermetico-bicolor-pro-cuadrado-250-ml","status":"publish","type":"product","link":"https:\/\/torosqui.com\/en\/tienda\/hermetico-bicolor-pro-cuadrado-250-ml\/","title":{"rendered":"Herm\u00e9tico de Pl\u00e1stico Bi-Color Cuadrado 250 ml para Alimentos, Cierre Herm\u00e9tico Libre de BPA | Torosqui"},"content":{"rendered":"","protected":false},"excerpt":{"rendered":"<p data-start=\"167\" data-end=\"336\">Contenedor herm\u00e9tico bi-color <strong data-start=\"197\" data-end=\"219\">cuadrado de 250 ml<\/strong>, ideal para colaciones, salsas o porciones peque\u00f1as. Mantiene los alimentos frescos y bien organizados en tu cocina.<\/p>\n<hr data-start=\"338\" data-end=\"341\" \/>\n<h3 data-start=\"343\" data-end=\"368\">\u2705 <strong data-start=\"349\" data-end=\"368\">Caracter\u00edsticas<\/strong><\/h3>\n<p data-start=\"369\" data-end=\"607\">\u2714 Capacidad de <strong data-start=\"384\" data-end=\"403\">250 ml \/ 8.5 Oz<\/strong><br data-start=\"403\" data-end=\"406\" \/>\u2714 <strong data-start=\"408\" data-end=\"427\">Sello herm\u00e9tico<\/strong> integrado en la tapa<br data-start=\"448\" data-end=\"451\" \/>\u2714 <strong data-start=\"453\" data-end=\"467\">4 pesta\u00f1as<\/strong> para un cierre seguro y firme<br data-start=\"497\" data-end=\"500\" \/>\u2714 Dise\u00f1o <strong data-start=\"509\" data-end=\"533\">apilable y encajable<\/strong> para ahorrar espacio<br data-start=\"554\" data-end=\"557\" \/>\u2714 Pl\u00e1stico resistente y duradero, <strong data-start=\"591\" data-end=\"607\">libre de BPA<\/strong><\/p>","protected":false},"featured_media":3860,"template":"","meta":[],"product_cat":[239,242,240],"product_tag":[],"class_list":{"0":"post-3660","1":"product","2":"type-product","3":"status-publish","4":"has-post-thumbnail","6":"product_cat-hogar","7":"product_cat-ofertas","8":"product_cat-nuevos-ingresos","10":"first","11":"instock","12":"taxable","13":"shipping-taxable","14":"purchasable","15":"product-type-simple"},"_links":{"self":[{"href":"https:\/\/torosqui.com\/en\/wp-json\/wp\/v2\/product\/3660","targetHints":{"allow":["GET"]}}],"collection":[{"href":"https:\/\/torosqui.com\/en\/wp-json\/wp\/v2\/product"}],"about":[{"href":"https:\/\/torosqui.com\/en\/wp-json\/wp\/v2\/types\/product"}],"version-history":[{"count":3,"href":"https:\/\/torosqui.com\/en\/wp-json\/wp\/v2\/product\/3660\/revisions"}],"predecessor-version":[{"id":6693,"href":"https:\/\/torosqui.com\/en\/wp-json\/wp\/v2\/product\/3660\/revisions\/6693"}],"wp:featuredmedia":[{"embeddable":true,"href":"https:\/\/torosqui.com\/en\/wp-json\/wp\/v2\/media\/3860"}],"wp:attachment":[{"href":"https:\/\/torosqui.com\/en\/wp-json\/wp\/v2\/media?parent=3660"}],"wp:term":[{"taxonomy":"product_cat","embeddable":true,"href":"https:\/\/torosqui.com\/en\/wp-json\/wp\/v2\/product_cat?post=3660"},{"taxonomy":"product_tag","embeddable":true,"href":"https:\/\/torosqui.com\/en\/wp-json\/wp\/v2\/product_tag?post=3660"}],"curies":[{"name":"wp","href":"https:\/\/api.w.org\/{rel}","templated":true}]}}