{"id":3652,"date":"2024-12-23T12:48:08","date_gmt":"2024-12-23T18:48:08","guid":{"rendered":"https:\/\/www.torosqui.com.mx\/?post_type=product&#038;p=3652"},"modified":"2026-03-19T13:49:57","modified_gmt":"2026-03-19T19:49:57","slug":"hermetico-bicolor-con-broches-plus-2-5-lt","status":"publish","type":"product","link":"https:\/\/torosqui.com\/en\/tienda\/hermetico-bicolor-con-broches-plus-2-5-lt\/","title":{"rendered":"Herm\u00e9tico de Pl\u00e1stico con Broches Plus 2.5 L a Prueba de Fugas, Cierre Herm\u00e9tico Libre de BPA | Torosqui"},"content":{"rendered":"","protected":false},"excerpt":{"rendered":"<p data-start=\"168\" data-end=\"343\">Contenedor herm\u00e9tico de <strong data-start=\"192\" data-end=\"206\">2.5 litros<\/strong>, ideal para conservar alimentos frescos y evitar derrames. Su dise\u00f1o pr\u00e1ctico facilita el almacenamiento y la limpieza en el uso diario.<\/p>\n<hr data-start=\"345\" data-end=\"348\" \/>\n<h3 data-start=\"350\" data-end=\"375\">\u2705 <strong data-start=\"356\" data-end=\"375\">Caracter\u00edsticas<\/strong><\/h3>\n<p data-start=\"376\" data-end=\"585\">\u2714 Capacidad de <strong data-start=\"391\" data-end=\"409\">2.5 Lt \/ 85 Oz<\/strong><br data-start=\"409\" data-end=\"412\" \/>\u2714 <strong data-start=\"414\" data-end=\"451\">Cierre con broches en los 4 lados<\/strong><br data-start=\"451\" data-end=\"454\" \/>\u2714 <strong data-start=\"456\" data-end=\"475\">Sello herm\u00e9tico<\/strong> a prueba de fugas<br data-start=\"493\" data-end=\"496\" \/>\u2714 Dise\u00f1o pr\u00e1ctico y f\u00e1cil de limpiar<br data-start=\"532\" data-end=\"535\" \/>\u2714 Pl\u00e1stico resistente y duradero, <strong data-start=\"569\" data-end=\"585\">libre de BPA<\/strong><\/p>","protected":false},"featured_media":3863,"template":"","meta":[],"product_cat":[239,242,241],"product_tag":[],"class_list":{"0":"post-3652","1":"product","2":"type-product","3":"status-publish","4":"has-post-thumbnail","6":"product_cat-hogar","7":"product_cat-ofertas","8":"product_cat-mas-vendidos","10":"first","11":"outofstock","12":"sale","13":"taxable","14":"shipping-taxable","15":"purchasable","16":"product-type-variable","17":"rtwpvs-product"},"_links":{"self":[{"href":"https:\/\/torosqui.com\/en\/wp-json\/wp\/v2\/product\/3652","targetHints":{"allow":["GET"]}}],"collection":[{"href":"https:\/\/torosqui.com\/en\/wp-json\/wp\/v2\/product"}],"about":[{"href":"https:\/\/torosqui.com\/en\/wp-json\/wp\/v2\/types\/product"}],"version-history":[{"count":5,"href":"https:\/\/torosqui.com\/en\/wp-json\/wp\/v2\/product\/3652\/revisions"}],"predecessor-version":[{"id":6696,"href":"https:\/\/torosqui.com\/en\/wp-json\/wp\/v2\/product\/3652\/revisions\/6696"}],"wp:featuredmedia":[{"embeddable":true,"href":"https:\/\/torosqui.com\/en\/wp-json\/wp\/v2\/media\/3863"}],"wp:attachment":[{"href":"https:\/\/torosqui.com\/en\/wp-json\/wp\/v2\/media?parent=3652"}],"wp:term":[{"taxonomy":"product_cat","embeddable":true,"href":"https:\/\/torosqui.com\/en\/wp-json\/wp\/v2\/product_cat?post=3652"},{"taxonomy":"product_tag","embeddable":true,"href":"https:\/\/torosqui.com\/en\/wp-json\/wp\/v2\/product_tag?post=3652"}],"curies":[{"name":"wp","href":"https:\/\/api.w.org\/{rel}","templated":true}]}}