{"id":3640,"date":"2024-12-23T12:26:18","date_gmt":"2024-12-23T18:26:18","guid":{"rendered":"https:\/\/www.torosqui.com.mx\/?post_type=product&#038;p=3640"},"modified":"2026-03-19T13:49:57","modified_gmt":"2026-03-19T19:49:57","slug":"hermetico-bicolor-con-broches-plus-1-25-lt","status":"publish","type":"product","link":"https:\/\/torosqui.com\/en\/tienda\/hermetico-bicolor-con-broches-plus-1-25-lt\/","title":{"rendered":"Herm\u00e9tico de Pl\u00e1stico con Broches Plus 1.25 L a Prueba de Fugas, Cierre Herm\u00e9tico, Libre de BPA | Torosqui"},"content":{"rendered":"","protected":false},"excerpt":{"rendered":"<p data-start=\"169\" data-end=\"350\">Contenedor herm\u00e9tico de <strong data-start=\"193\" data-end=\"208\">1.25 litros<\/strong>, ideal para conservar alimentos frescos y evitar derrames. Pr\u00e1ctico, resistente y f\u00e1cil de limpiar, perfecto para el uso diario en la cocina.<\/p>\n<hr data-start=\"352\" data-end=\"355\" \/>\n<h3 data-start=\"357\" data-end=\"382\">\u2705 <strong data-start=\"363\" data-end=\"382\">Caracter\u00edsticas<\/strong><\/h3>\n<p data-start=\"383\" data-end=\"605\">\u2714 Capacidad de <strong data-start=\"398\" data-end=\"417\">1.25 Lt \/ 42 Oz<\/strong><br data-start=\"417\" data-end=\"420\" \/>\u2714 <strong data-start=\"422\" data-end=\"459\">Cierre con broches en los 4 lados<\/strong><br data-start=\"459\" data-end=\"462\" \/>\u2714 <strong data-start=\"464\" data-end=\"483\">Sello herm\u00e9tico<\/strong> a prueba de fugas<br data-start=\"501\" data-end=\"504\" \/>\u2714 Dise\u00f1o pr\u00e1ctico que facilita el almacenamiento<br data-start=\"552\" data-end=\"555\" \/>\u2714 Pl\u00e1stico resistente y duradero, <strong data-start=\"589\" data-end=\"605\">libre de BPA<\/strong><\/p>","protected":false},"featured_media":3866,"template":"","meta":[],"product_cat":[239,242,243],"product_tag":[],"class_list":{"0":"post-3640","1":"product","2":"type-product","3":"status-publish","4":"has-post-thumbnail","6":"product_cat-hogar","7":"product_cat-ofertas","8":"product_cat-destacados","10":"first","11":"outofstock","12":"taxable","13":"shipping-taxable","14":"purchasable","15":"product-type-variable","16":"rtwpvs-product"},"_links":{"self":[{"href":"https:\/\/torosqui.com\/en\/wp-json\/wp\/v2\/product\/3640","targetHints":{"allow":["GET"]}}],"collection":[{"href":"https:\/\/torosqui.com\/en\/wp-json\/wp\/v2\/product"}],"about":[{"href":"https:\/\/torosqui.com\/en\/wp-json\/wp\/v2\/types\/product"}],"version-history":[{"count":7,"href":"https:\/\/torosqui.com\/en\/wp-json\/wp\/v2\/product\/3640\/revisions"}],"predecessor-version":[{"id":6697,"href":"https:\/\/torosqui.com\/en\/wp-json\/wp\/v2\/product\/3640\/revisions\/6697"}],"wp:featuredmedia":[{"embeddable":true,"href":"https:\/\/torosqui.com\/en\/wp-json\/wp\/v2\/media\/3866"}],"wp:attachment":[{"href":"https:\/\/torosqui.com\/en\/wp-json\/wp\/v2\/media?parent=3640"}],"wp:term":[{"taxonomy":"product_cat","embeddable":true,"href":"https:\/\/torosqui.com\/en\/wp-json\/wp\/v2\/product_cat?post=3640"},{"taxonomy":"product_tag","embeddable":true,"href":"https:\/\/torosqui.com\/en\/wp-json\/wp\/v2\/product_tag?post=3640"}],"curies":[{"name":"wp","href":"https:\/\/api.w.org\/{rel}","templated":true}]}}