{"id":3624,"date":"2024-12-23T11:39:15","date_gmt":"2024-12-23T17:39:15","guid":{"rendered":"https:\/\/www.torosqui.com.mx\/?post_type=product&#038;p=3624"},"modified":"2026-03-19T13:49:57","modified_gmt":"2026-03-19T19:49:57","slug":"hermetico-bicolor-con-broches-plus-570-ml","status":"publish","type":"product","link":"https:\/\/torosqui.com\/en\/tienda\/hermetico-bicolor-con-broches-plus-570-ml\/","title":{"rendered":"Herm\u00e9tico de Pl\u00e1stico con Broches Plus 570 ml a Prueba de Fugas, Cierre Herm\u00e9tico, Libre de BPA | Torosqui"},"content":{"rendered":"","protected":false},"excerpt":{"rendered":"<p data-start=\"169\" data-end=\"332\">Contenedor herm\u00e9tico de <strong data-start=\"193\" data-end=\"203\">570 ml<\/strong>, ideal para conservar alimentos frescos y evitar derrames. Resistente, pr\u00e1ctico y f\u00e1cil de limpiar, perfecto para el uso diario.<\/p>\n<hr data-start=\"334\" data-end=\"337\" \/>\n<h3 data-start=\"339\" data-end=\"364\">\u2705 <strong data-start=\"345\" data-end=\"364\">Caracter\u00edsticas<\/strong><\/h3>\n<p data-start=\"365\" data-end=\"586\">\u2714 Capacidad de <strong data-start=\"380\" data-end=\"398\">570 ml \/ 19 Oz<\/strong><br data-start=\"398\" data-end=\"401\" \/>\u2714 <strong data-start=\"403\" data-end=\"440\">Cierre con broches en los 4 lados<\/strong><br data-start=\"440\" data-end=\"443\" \/>\u2714 <strong data-start=\"445\" data-end=\"464\">Sello herm\u00e9tico<\/strong> a prueba de fugas<br data-start=\"482\" data-end=\"485\" \/>\u2714 Dise\u00f1o pr\u00e1ctico que facilita el almacenamiento<br data-start=\"533\" data-end=\"536\" \/>\u2714 Pl\u00e1stico resistente y duradero, <strong data-start=\"570\" data-end=\"586\">libre de BPA<\/strong><\/p>","protected":false},"featured_media":3868,"template":"","meta":[],"product_cat":[239,242,241],"product_tag":[],"class_list":{"0":"post-3624","1":"product","2":"type-product","3":"status-publish","4":"has-post-thumbnail","6":"product_cat-hogar","7":"product_cat-ofertas","8":"product_cat-mas-vendidos","10":"first","11":"instock","12":"taxable","13":"shipping-taxable","14":"purchasable","15":"product-type-variable","16":"rtwpvs-product"},"_links":{"self":[{"href":"https:\/\/torosqui.com\/en\/wp-json\/wp\/v2\/product\/3624","targetHints":{"allow":["GET"]}}],"collection":[{"href":"https:\/\/torosqui.com\/en\/wp-json\/wp\/v2\/product"}],"about":[{"href":"https:\/\/torosqui.com\/en\/wp-json\/wp\/v2\/types\/product"}],"version-history":[{"count":6,"href":"https:\/\/torosqui.com\/en\/wp-json\/wp\/v2\/product\/3624\/revisions"}],"predecessor-version":[{"id":6698,"href":"https:\/\/torosqui.com\/en\/wp-json\/wp\/v2\/product\/3624\/revisions\/6698"}],"wp:featuredmedia":[{"embeddable":true,"href":"https:\/\/torosqui.com\/en\/wp-json\/wp\/v2\/media\/3868"}],"wp:attachment":[{"href":"https:\/\/torosqui.com\/en\/wp-json\/wp\/v2\/media?parent=3624"}],"wp:term":[{"taxonomy":"product_cat","embeddable":true,"href":"https:\/\/torosqui.com\/en\/wp-json\/wp\/v2\/product_cat?post=3624"},{"taxonomy":"product_tag","embeddable":true,"href":"https:\/\/torosqui.com\/en\/wp-json\/wp\/v2\/product_tag?post=3624"}],"curies":[{"name":"wp","href":"https:\/\/api.w.org\/{rel}","templated":true}]}}