{"id":4452,"date":"2025-01-06T12:17:23","date_gmt":"2025-01-06T18:17:23","guid":{"rendered":"https:\/\/www.torosqui.com.mx\/?page_id=4452"},"modified":"2025-01-06T12:17:23","modified_gmt":"2025-01-06T18:17:23","slug":"envios-y-entregas","status":"publish","type":"page","link":"https:\/\/torosqui.com\/en\/envios-y-entregas\/","title":{"rendered":"Shipping and Delivery"},"content":{"rendered":"<ol>\n<li><b> Processing and Shipping Times:<\/b><\/li>\n<\/ol>\n<ul>\n<li style=\"font-weight: 400;\" aria-level=\"1\"><span style=\"font-weight: 400;\">Processing and shipping times may vary. Generally, orders are processed within 2 to 3 business days. <\/span><b>2 a 3 d\u00edas h\u00e1biles<\/b><span style=\"font-weight: 400;\">.<\/span><\/li>\n<li style=\"font-weight: 400;\" aria-level=\"1\"><span style=\"font-weight: 400;\">Delivery times depend on the selected shipping method and the recipient's location.<\/span><\/li>\n<\/ul>\n<ol start=\"2\">\n<li><b> Shipping Methods:<\/b><\/li>\n<\/ol>\n<ul>\n<li style=\"font-weight: 400;\" aria-level=\"1\"><b>Domestic Shipping:<\/b><span style=\"font-weight: 400;\"> We use the largest distribution network in Mexico to ensure fast and secure delivery of our products.<\/span><\/li>\n<li style=\"font-weight: 400;\" aria-level=\"1\"><b>International Shipping:<\/b><span style=\"font-weight: 400;\"> We work with international shipping partners to ensure global delivery. Delivery times may vary depending on the destination.<\/span><\/li>\n<\/ul>\n<ol start=\"3\">\n<li><b> Shipping Costs:<\/b><\/li>\n<\/ol>\n<ul>\n<li style=\"font-weight: 400;\" aria-level=\"1\"><span style=\"font-weight: 400;\">Shipping costs are calculated based on the weight and size of the package, as well as the recipient's location.<\/span><\/li>\n<li style=\"font-weight: 400;\" aria-level=\"1\"><span style=\"font-weight: 400;\">Shipping fees may be included in the product price or may require an additional cost. This will be specified when placing the order.<\/span><\/li>\n<\/ul>\n<ol start=\"4\">\n<li><b> Order Tracking:<\/b><\/li>\n<\/ol>\n<ul>\n<li style=\"font-weight: 400;\" aria-level=\"1\"><span style=\"font-weight: 400;\">Customers will receive a tracking number to track their order online. This information can be accessed in the \"My Account\" section of our website.<\/span><\/li>\n<\/ul>\n<ol start=\"5\">\n<li><b> Shipping Restrictions:<\/b><\/li>\n<\/ol>\n<ul>\n<li style=\"font-weight: 400;\" aria-level=\"1\"><span style=\"font-weight: 400;\">We do not ship products to certain international destinations due to customs or import restrictions. Please contact our customer service team for more details.<\/span><\/li>\n<\/ul>\n<ol start=\"6\">\n<li><b> Damaged or Lost Items:<\/b><\/li>\n<\/ol>\n<ul>\n<li style=\"font-weight: 400;\" aria-level=\"1\"><span style=\"font-weight: 400;\">If a product arrives damaged or is lost during shipping, please notify our customer service team within <\/span><b>5 business days<\/b><span style=\"font-weight: 400;\"> to proceed with a replacement or return.<\/span><\/li>\n<\/ul>\n<ol start=\"7\">\n<li><b> Customs and Import Taxes:<\/b><\/li>\n<\/ol>\n<ul>\n<li style=\"font-weight: 400;\" aria-level=\"1\"><span style=\"font-weight: 400;\">For international shipments, customers may be responsible for covering any applicable customs or import taxes. These costs are not included in the shipping price.<\/span><\/li>\n<\/ul>\n<ol start=\"8\">\n<li><b> Return Policy:<\/b><\/li>\n<\/ol>\n<ul>\n<li style=\"font-weight: 400;\" aria-level=\"1\"><span style=\"font-weight: 400;\">Please refer to our return policy for information on how to handle the return shipment of products.<\/span><\/li>\n<\/ul>","protected":false},"excerpt":{"rendered":"<p>Tiempos de Procesamiento y Env\u00edo: Los tiempos de procesamiento y env\u00edo pueden variar. Generalmente, los pedidos se procesan en un plazo de 2 a 3 d\u00edas h\u00e1biles. Los tiempos de entrega dependen del m\u00e9todo de env\u00edo seleccionado y la ubicaci\u00f3n del destinatario. M\u00e9todos de Env\u00edo: Env\u00edo Nacional: Utilizamos la mayor red de distribuci\u00f3n en M\u00e9xico [&hellip;]<\/p>","protected":false},"author":1,"featured_media":0,"parent":0,"menu_order":0,"comment_status":"closed","ping_status":"closed","template":"","meta":{"footnotes":""},"class_list":["post-4452","page","type-page","status-publish","hentry"],"_links":{"self":[{"href":"https:\/\/torosqui.com\/en\/wp-json\/wp\/v2\/pages\/4452","targetHints":{"allow":["GET"]}}],"collection":[{"href":"https:\/\/torosqui.com\/en\/wp-json\/wp\/v2\/pages"}],"about":[{"href":"https:\/\/torosqui.com\/en\/wp-json\/wp\/v2\/types\/page"}],"author":[{"embeddable":true,"href":"https:\/\/torosqui.com\/en\/wp-json\/wp\/v2\/users\/1"}],"replies":[{"embeddable":true,"href":"https:\/\/torosqui.com\/en\/wp-json\/wp\/v2\/comments?post=4452"}],"version-history":[{"count":1,"href":"https:\/\/torosqui.com\/en\/wp-json\/wp\/v2\/pages\/4452\/revisions"}],"predecessor-version":[{"id":4453,"href":"https:\/\/torosqui.com\/en\/wp-json\/wp\/v2\/pages\/4452\/revisions\/4453"}],"wp:attachment":[{"href":"https:\/\/torosqui.com\/en\/wp-json\/wp\/v2\/media?parent=4452"}],"curies":[{"name":"wp","href":"https:\/\/api.w.org\/{rel}","templated":true}]}}