{"id":4368,"date":"2025-01-02T14:21:15","date_gmt":"2025-01-02T20:21:15","guid":{"rendered":"https:\/\/www.torosqui.com.mx\/?page_id=4368"},"modified":"2026-03-30T10:07:58","modified_gmt":"2026-03-30T16:07:58","slug":"nosotros","status":"publish","type":"page","link":"https:\/\/torosqui.com\/en\/nosotros\/","title":{"rendered":"About Us"},"content":{"rendered":"<div data-elementor-type=\"wp-page\" data-elementor-id=\"4368\" class=\"elementor elementor-4368\">\n\t\t\t\t<div class=\"elementor-element elementor-element-9292785 nosff e-flex e-con-boxed e-con e-parent\" data-id=\"9292785\" data-element_type=\"container\" data-settings=\"{&quot;background_background&quot;:&quot;classic&quot;}\">\n\t\t\t\t\t<div class=\"e-con-inner\">\n\t\t<div class=\"elementor-element elementor-element-89ffa13 e-con-full e-flex e-con e-child\" data-id=\"89ffa13\" data-element_type=\"container\" data-settings=\"{&quot;background_background&quot;:&quot;classic&quot;}\">\n\t\t\t\t<div class=\"elementor-element elementor-element-1d8bfa1 banWoo2 elementor-widget elementor-widget-image\" data-id=\"1d8bfa1\" data-element_type=\"widget\" data-widget_type=\"image.default\">\n\t\t\t\t<div class=\"elementor-widget-container\">\n\t\t\t\t\t\t\t\t\t\t\t\t\t<img decoding=\"async\" src=\"https:\/\/torosqui.com\/wp-content\/uploads\/elementor\/thumbs\/proceDise-qzi6e6nxq7btntxoj79x7rxrlr74sw36vv2n2dqx88.webp\" title=\"\" alt=\"\" loading=\"lazy\" \/>\t\t\t\t\t\t\t\t\t\t\t\t\t<\/div>\n\t\t\t\t<\/div>\n\t\t\t\t<\/div>\n\t\t<div class=\"elementor-element elementor-element-9ea0644 e-con-full e-flex e-con e-child\" data-id=\"9ea0644\" data-element_type=\"container\">\n\t\t\t\t<div class=\"elementor-element elementor-element-67ee3f4 elementor-widget elementor-widget-text-editor\" data-id=\"67ee3f4\" data-element_type=\"widget\" data-widget_type=\"text-editor.default\">\n\t\t\t\t<div class=\"elementor-widget-container\">\n\t\t\t\t\t\t\t<h2><span style=\"color: #ffffff\">Over 35 years leading innovation in<br \/>products for the home and industry.<\/span><\/h2>\t\t\t\t\t\t<\/div>\n\t\t\t\t<\/div>\n\t\t\t\t<div class=\"elementor-element elementor-element-672f06a elementor-widget elementor-widget-text-editor\" data-id=\"672f06a\" data-element_type=\"widget\" data-widget_type=\"text-editor.default\">\n\t\t\t\t<div class=\"elementor-widget-container\">\n\t\t\t\t\t\t\t<p>At Torosqui, we transform ideas into products that<br \/>create impact and solutions that help businesses grow.<\/p>\t\t\t\t\t\t<\/div>\n\t\t\t\t<\/div>\n\t\t\t\t<div class=\"elementor-element elementor-element-0489d7f elementor-widget elementor-widget-button\" data-id=\"0489d7f\" data-element_type=\"widget\" data-widget_type=\"button.default\">\n\t\t\t\t<div class=\"elementor-widget-container\">\n\t\t\t\t\t\t\t<div class=\"elementor-button-wrapper\">\n\t\t\t\t\t<a class=\"elementor-button elementor-button-link elementor-size-sm\" href=\"#hist3\">\n\t\t\t\t\t\t<span class=\"elementor-button-content-wrapper\">\n\t\t\t\t\t\t\t\t\t<span class=\"elementor-button-text\">Dicover our history<\/span>\n\t\t\t\t\t<\/span>\n\t\t\t\t\t<\/a>\n\t\t\t\t<\/div>\n\t\t\t\t\t\t<\/div>\n\t\t\t\t<\/div>\n\t\t\t\t<\/div>\n\t\t\t\t\t<\/div>\n\t\t\t\t<\/div>\n\t\t<div class=\"elementor-element elementor-element-674d370 e-flex e-con-boxed e-con e-parent\" data-id=\"674d370\" data-element_type=\"container\" id=\"hist3\">\n\t\t\t\t\t<div class=\"e-con-inner\">\n\t\t\t\t<div class=\"elementor-element elementor-element-fc1c1cc elementor-widget elementor-widget-spacer\" data-id=\"fc1c1cc\" data-element_type=\"widget\" data-widget_type=\"spacer.default\">\n\t\t\t\t<div class=\"elementor-widget-container\">\n\t\t\t\t\t<div class=\"elementor-spacer\">\n\t\t\t<div class=\"elementor-spacer-inner\"><\/div>\n\t\t<\/div>\n\t\t\t\t<\/div>\n\t\t\t\t<\/div>\n\t\t\t\t\t<\/div>\n\t\t\t\t<\/div>\n\t\t<div class=\"elementor-element elementor-element-5e150fa e-flex e-con-boxed e-con e-parent\" data-id=\"5e150fa\" data-element_type=\"container\">\n\t\t\t\t\t<div class=\"e-con-inner\">\n\t\t<div class=\"elementor-element elementor-element-b40d42d e-con-full e-flex e-con e-child\" data-id=\"b40d42d\" data-element_type=\"container\">\n\t\t\t\t<div class=\"elementor-element elementor-element-d4c1f1f banWoo2 elementor-widget elementor-widget-image\" data-id=\"d4c1f1f\" data-element_type=\"widget\" data-widget_type=\"image.default\">\n\t\t\t\t<div class=\"elementor-widget-container\">\n\t\t\t\t\t\t\t\t\t\t\t\t\t<img fetchpriority=\"high\" decoding=\"async\" width=\"705\" height=\"260\" src=\"https:\/\/torosqui.com\/wp-content\/uploads\/2025\/01\/4t.webp\" class=\"attachment-full size-full wp-image-5619 wp-post-image\" alt=\"\" srcset=\"https:\/\/torosqui.com\/wp-content\/uploads\/2025\/01\/4t.webp 705w, https:\/\/torosqui.com\/wp-content\/uploads\/2025\/01\/4t-300x111.webp 300w, https:\/\/torosqui.com\/wp-content\/uploads\/2025\/01\/4t-53x20.webp 53w, https:\/\/torosqui.com\/wp-content\/uploads\/2025\/01\/4t-64x24.webp 64w\" sizes=\"(max-width: 705px) 100vw, 705px\" \/>\t\t\t\t\t\t\t\t\t\t\t\t\t<\/div>\n\t\t\t\t<\/div>\n\t\t\t\t<\/div>\n\t\t<div class=\"elementor-element elementor-element-2c62318 e-con-full e-flex e-con e-child\" data-id=\"2c62318\" data-element_type=\"container\">\n\t\t\t\t<div class=\"elementor-element elementor-element-cbdfe66 elementor-widget elementor-widget-text-editor\" data-id=\"cbdfe66\" data-element_type=\"widget\" data-widget_type=\"text-editor.default\">\n\t\t\t\t<div class=\"elementor-widget-container\">\n\t\t\t\t\t\t\t<h3>\u2014 Who We Are<\/h3><p>We are a 100% Mexican company that, for over 35 years, has been dedicated to the creation, production, and marketing of practical, durable, and innovative products. Our focus is on meeting the needs of wholesalers, retail, and cleaning companies in Mexico and the United States.<\/p><p>We have built relationships with over 300 clients thanks to our quality, commitment, and personalized attention.<\/p>\t\t\t\t\t\t<\/div>\n\t\t\t\t<\/div>\n\t\t\t\t<\/div>\n\t\t\t\t\t<\/div>\n\t\t\t\t<\/div>\n\t\t<div class=\"elementor-element elementor-element-d15172a e-flex e-con-boxed e-con e-parent\" data-id=\"d15172a\" data-element_type=\"container\">\n\t\t\t\t\t<div class=\"e-con-inner\">\n\t\t\t\t<div class=\"elementor-element elementor-element-135fa77 elementor-widget-divider--view-line elementor-widget elementor-widget-divider\" data-id=\"135fa77\" data-element_type=\"widget\" data-widget_type=\"divider.default\">\n\t\t\t\t<div class=\"elementor-widget-container\">\n\t\t\t\t\t<div class=\"elementor-divider\">\n\t\t\t<span class=\"elementor-divider-separator\">\n\t\t\t\t\t\t<\/span>\n\t\t<\/div>\n\t\t\t\t<\/div>\n\t\t\t\t<\/div>\n\t\t\t\t\t<\/div>\n\t\t\t\t<\/div>\n\t\t<div class=\"elementor-element elementor-element-5384461 e-flex e-con-boxed e-con e-parent\" data-id=\"5384461\" data-element_type=\"container\">\n\t\t\t\t\t<div class=\"e-con-inner\">\n\t\t<div class=\"elementor-element elementor-element-c0dd89b e-con-full e-flex e-con e-child\" data-id=\"c0dd89b\" data-element_type=\"container\">\n\t\t\t\t<div class=\"elementor-element elementor-element-dbb6cc9 banWoo2 elementor-widget elementor-widget-image\" data-id=\"dbb6cc9\" data-element_type=\"widget\" data-widget_type=\"image.default\">\n\t\t\t\t<div class=\"elementor-widget-container\">\n\t\t\t\t\t\t\t\t\t\t\t\t\t<img decoding=\"async\" src=\"https:\/\/torosqui.com\/wp-content\/uploads\/elementor\/thumbs\/inye1-qzfjh9ouf77qqqlsyn291ibuqzmffuscqupxfo0of6.webp\" title=\"\" alt=\"\" loading=\"lazy\" \/>\t\t\t\t\t\t\t\t\t\t\t\t\t<\/div>\n\t\t\t\t<\/div>\n\t\t\t\t<\/div>\n\t\t<div class=\"elementor-element elementor-element-7e11e4c e-con-full e-flex e-con e-child\" data-id=\"7e11e4c\" data-element_type=\"container\">\n\t\t\t\t<div class=\"elementor-element elementor-element-2019c50 elementor-widget elementor-widget-text-editor\" data-id=\"2019c50\" data-element_type=\"widget\" data-widget_type=\"text-editor.default\">\n\t\t\t\t<div class=\"elementor-widget-container\">\n\t\t\t\t\t\t\t<h3>\u2014 Capacity and Technology<\/h3><p>At Torosqui, we have cutting-edge infrastructure and technology that allows us to meet large production volumes without compromising quality. We have the following processes:<\/p><ul><li>Injection.<\/li><li>Blowing.<\/li><li>Extrusion.<\/li><li>Pelletizing.<\/li><\/ul>\t\t\t\t\t\t<\/div>\n\t\t\t\t<\/div>\n\t\t\t\t<\/div>\n\t\t\t\t\t<\/div>\n\t\t\t\t<\/div>\n\t\t<div class=\"elementor-element elementor-element-0b54468 e-flex e-con-boxed e-con e-parent\" data-id=\"0b54468\" data-element_type=\"container\">\n\t\t\t\t\t<div class=\"e-con-inner\">\n\t\t\t\t<div class=\"elementor-element elementor-element-8ad4c44 elementor-widget-divider--view-line elementor-widget elementor-widget-divider\" data-id=\"8ad4c44\" data-element_type=\"widget\" data-widget_type=\"divider.default\">\n\t\t\t\t<div class=\"elementor-widget-container\">\n\t\t\t\t\t<div class=\"elementor-divider\">\n\t\t\t<span class=\"elementor-divider-separator\">\n\t\t\t\t\t\t<\/span>\n\t\t<\/div>\n\t\t\t\t<\/div>\n\t\t\t\t<\/div>\n\t\t\t\t\t<\/div>\n\t\t\t\t<\/div>\n\t\t<div class=\"elementor-element elementor-element-406bf71 e-grid e-con-full e-con e-parent\" data-id=\"406bf71\" data-element_type=\"container\">\n\t\t\t\t<div class=\"elementor-element elementor-element-f566a5d elementor-widget elementor-widget-text-editor\" data-id=\"f566a5d\" data-element_type=\"widget\" data-widget_type=\"text-editor.default\">\n\t\t\t\t<div class=\"elementor-widget-container\">\n\t\t\t\t\t\t\t<h3>\u2014 <b>Mission <\/b>\u2014<\/h3><p>To transform daily routines into simple<br \/>and enjoyable experiences for families and industries.<\/p>\t\t\t\t\t\t<\/div>\n\t\t\t\t<\/div>\n\t\t\t\t<div class=\"elementor-element elementor-element-6354112 elementor-widget elementor-widget-text-editor\" data-id=\"6354112\" data-element_type=\"widget\" data-widget_type=\"text-editor.default\">\n\t\t\t\t<div class=\"elementor-widget-container\">\n\t\t\t\t\t\t\t<h3><b>\u2014 Vision \u2014<\/b><\/h3><p>To be the most innovative company in home and industrial products.<br \/>Offering unique, practical, and durable designs.<\/p>\t\t\t\t\t\t<\/div>\n\t\t\t\t<\/div>\n\t\t\t\t<div class=\"elementor-element elementor-element-9e4e236 elementor-widget elementor-widget-text-editor\" data-id=\"9e4e236\" data-element_type=\"widget\" data-widget_type=\"text-editor.default\">\n\t\t\t\t<div class=\"elementor-widget-container\">\n\t\t\t\t\t\t\t<h3><b>Values<\/b><\/h3><p>Service \u2022 Commitment \u2022<br \/>Comunication \u2022 Innovation<\/p>\t\t\t\t\t\t<\/div>\n\t\t\t\t<\/div>\n\t\t\t\t<\/div>\n\t\t\t\t<\/div>","protected":false},"excerpt":{"rendered":"<p>M\u00e1s de 35 a\u00f1os liderando la innovaci\u00f3n enproductos para el hogar y la industria. En Torosqui, transformamos ideas en productos quegeneran impacto y soluciones que hacen crecer negocios. Descubre nuestra historia \u2014 Qui\u00e9nes somos Somos una empresa 100% mexicana que, desde hace m\u00e1s de 35 a\u00f1os, se dedica a la creaci\u00f3n, producci\u00f3n y comercializaci\u00f3n de [&hellip;]<\/p>","protected":false},"author":1,"featured_media":0,"parent":0,"menu_order":0,"comment_status":"closed","ping_status":"closed","template":"","meta":{"footnotes":""},"class_list":["post-4368","page","type-page","status-publish","hentry"],"_links":{"self":[{"href":"https:\/\/torosqui.com\/en\/wp-json\/wp\/v2\/pages\/4368","targetHints":{"allow":["GET"]}}],"collection":[{"href":"https:\/\/torosqui.com\/en\/wp-json\/wp\/v2\/pages"}],"about":[{"href":"https:\/\/torosqui.com\/en\/wp-json\/wp\/v2\/types\/page"}],"author":[{"embeddable":true,"href":"https:\/\/torosqui.com\/en\/wp-json\/wp\/v2\/users\/1"}],"replies":[{"embeddable":true,"href":"https:\/\/torosqui.com\/en\/wp-json\/wp\/v2\/comments?post=4368"}],"version-history":[{"count":118,"href":"https:\/\/torosqui.com\/en\/wp-json\/wp\/v2\/pages\/4368\/revisions"}],"predecessor-version":[{"id":6943,"href":"https:\/\/torosqui.com\/en\/wp-json\/wp\/v2\/pages\/4368\/revisions\/6943"}],"wp:attachment":[{"href":"https:\/\/torosqui.com\/en\/wp-json\/wp\/v2\/media?parent=4368"}],"curies":[{"name":"wp","href":"https:\/\/api.w.org\/{rel}","templated":true}]}}